{"id":3463,"date":"2023-05-04T05:50:48","date_gmt":"2023-05-04T05:50:48","guid":{"rendered":"https:\/\/geografie.ubbcluj.ro\/admitere\/?page_id=3463"},"modified":"2025-04-15T07:20:58","modified_gmt":"2025-04-15T07:20:58","slug":"resurse-turistice-si-dezvoltare-durabila","status":"publish","type":"page","link":"https:\/\/geografie.ubbcluj.ro\/admitere\/?page_id=3463","title":{"rendered":"RESURSE TURISTICE \u0218I DEZVOLTARE DURABILA"},"content":{"rendered":"<div class=\"wpb-content-wrapper\"><p>[vc_row][vc_column]<div style=\"background-color:;height: 50px\" class=\"nicdark_section  \"><\/div>[\/vc_column][\/vc_row][vc_row css=&#8221;.vc_custom_1683180587691{background-image: url(https:\/\/geografie.ubbcluj.ro\/admitere\/wp-content\/uploads\/2021\/03\/sssssssss-scaled.jpg?id=1055) !important;}&#8221;][vc_column width=&#8221;1\/2&#8243;]<div style=\"background-color:;height: 30px\" class=\"nicdark_section  \"><\/div>[vc_column_text]<\/p>\n<h1><span style=\"color: #000000;\"><strong>MASTERAT CU FRECVEN\u021a\u0102, \u00ceN LIMBA ROM\u00c2N\u0102<\/strong><\/span><\/h1>\n<h1><span style=\"color: #000000;\"><strong>la Extensia Universitar\u0103 Zal\u0103u<\/strong><\/span><\/h1>\n<p><span style=\"color: #000000;\"><strong>\u00a0<\/strong><\/span><\/p>\n<p><span style=\"color: #000000;\">Turismul \u0219i Dezvoltarea Durabil\u0103 sunt dou\u0103 dintre cele mai populare concepte \u00een zilele noastre, dup\u0103 cum ne demonstreaz\u0103 prietenul Google.<\/span><\/p>\n<p><span style=\"color: #000000;\">Vrei s\u0103 te perfec\u021bionezi \u00een aceste domenii de viitor \u0219i care \u00ee\u021bi vor deschide o multitudine de perspective \u0219i oportunit\u0103\u021bi?<\/span><\/p>\n<p><span style=\"color: #000000;\">Haide la Extensia Zal\u0103u a UBB, unde te a\u0219teapt\u0103 o echip\u0103 de oameni dedica\u021bi \u0219i un master nou:<\/span><\/p>\n<p>&nbsp;<\/p>\n<h2><span style=\"color: #ff0000;\"><strong>Resurse turistice \u0219i dezvoltare durabil\u0103<\/strong><\/span><\/h2>\n<p>&nbsp;<\/p>\n<p>&nbsp;<\/p>\n<p><span style=\"font-size: 14pt; color: #008000;\"><strong>Ce vei face \u00een timpul studiilor de master?<\/strong><\/span><\/p>\n<ul>\n<li><span style=\"color: #000000;\">Vei \u00eenv\u0103\u021ba ce \u00eenseamn\u0103 turismul sustenabil<\/span><\/li>\n<li><span style=\"color: #000000;\">Vei dob\u00e2ndi abilit\u0103\u021bi antreprenoriale \u00een turism care te vor sprijini \u00een visul t\u0103u de a dezvolta o afacere de acest fel<\/span><\/li>\n<li><span style=\"color: #000000;\">Vei dob\u00e2ndi informa\u021bii teoretice \u0219i practice actuale \u0219i valoroase care te vor ajuta s\u0103 ob\u021bii jobul dorit dup\u0103 ce vei finaliza studiile, \u00een orice component\u0103 a sistemului turistic, fie c\u0103 e din domeniul hotel\u0103riei, restaura\u021biei, ghidajului, tour-operatorilor sau agen\u021biilor de turism<\/span><\/li>\n<li><span style=\"color: #000000;\">Vei descoperi locuri minunate \u00een timpul aplica\u021biilor practice<\/span><\/li>\n<\/ul>\n<p>[\/vc_column_text]<div style=\"background-color:;height: 30px\" class=\"nicdark_section  \"><\/div>[vc_column_text]<strong><span style=\"font-size: 14pt; color: #008000;\">Ce vei face dup\u0103 ce vei finaliza studiile?<\/span><\/strong><\/p>\n<ul>\n<li><span style=\"color: #000000;\">Vei putea deschide o afacere \u00een turismul durabil, o eco-pensiune, un eco-camping, o agen\u021bie de turism care s\u0103 valorifice cadrul natural deosebit al \u021b\u0103rii noastre, at\u00e2t de atractiv pentru str\u0103ini \u0219i at\u00e2t de pu\u021bin valorizat de c\u0103tre noi<\/span><\/li>\n<li><span style=\"color: #000000;\">Vei contribui prin intermediul unor institu\u021bii publice \u00een care te vei angaja la dezvoltarea ecoturismului rom\u00e2nesc<\/span><\/li>\n<li><span style=\"color: #000000;\">Vei organiza tururi \u0219i vei ghida iubitorii de natur\u0103 \u00een \u00eencercarea lor de a descoperi locuri idilice \u00eenc\u0103 necunoscute, peisaje intacte, p\u0103duri virgine, parcuri na\u021bionale, specii de flor\u0103 \u0219i faun\u0103 emblematice<\/span><\/li>\n<\/ul>\n<p>[\/vc_column_text]<div style=\"background-color:;height: 30px\" class=\"nicdark_section  \"><\/div>[vc_column_text]<span style=\"color: #ff0000; font-size: 14pt;\"><strong>De ce la Zal\u0103u?<\/strong><\/span><\/p>\n<p><span style=\"color: #000000; font-size: 14pt;\">\u00cen special \u00een ziua de azi, c\u00e2nd societatea este efervescent\u0103, se produc at\u00e2tea muta\u021bii la nivel societal \u00eenc\u00e2t alegerea absolventului de a studia la Zal\u0103u poate fi benefic\u0103 at\u00e2t din punct de vedere financiar c\u00e2t \u0219i din punct de vedere al preg\u0103tirii profesionale.<\/span>[\/vc_column_text][\/vc_column][vc_column width=&#8221;1\/2&#8243;]<div style=\"background-color:;height: 30px\" class=\"nicdark_section  \"><\/div>[vc_single_image image=&#8221;4281&#8243; img_size=&#8221;large&#8221; alignment=&#8221;center&#8221; onclick=&#8221;link_image&#8221; css=&#8221;&#8221;]<div style=\"background-color:;height: 30px\" class=\"nicdark_section  \"><\/div>[vc_images_carousel images=&#8221;1375,3436,1369,3416,1232,1371,1198&#8243; img_size=&#8221;500&#215;400&#8243; speed=&#8221;3000&#8243; autoplay=&#8221;yes&#8221; wrap=&#8221;yes&#8221;]<div style=\"background-color:;height: 30px\" class=\"nicdark_section  \"><\/div>[vc_column_text css=&#8221;&#8221;]<\/p>\n<p style=\"text-align: right;\"><span style=\"color: #000000;\">ADMITERE MASTERAT<\/span><br \/>\n<span style=\"color: #000000;\">Universitatea Babe\u0219-Bolyai<\/span><br \/>\n<span style=\"color: #000000;\">Facultatea de Geografie<\/span><br \/>\n<span style=\"color: #000000;\">EXTENSIA ZAL\u0102U<\/span><\/p>\n<p style=\"text-align: right;\"><span style=\"color: #000000;\">Tel. 0260 662466<\/span><\/p>\n<p>[\/vc_column_text][\/vc_column][\/vc_row]<\/p>\n<\/div>","protected":false},"excerpt":{"rendered":"<p>[vc_row][vc_column][\/vc_column][\/vc_row][vc_row css=&#8221;.vc_custom_1683180587691{background-image: url(https:\/\/geografie.ubbcluj.ro\/admitere\/wp-content\/uploads\/2021\/03\/sssssssss-scaled.jpg?id=1055) !important;}&#8221;][vc_column width=&#8221;1\/2&#8243;][vc_column_text] MASTERAT CU FRECVEN\u021a\u0102, \u00ceN LIMBA ROM\u00c2N\u0102 la Extensia Universitar\u0103 Zal\u0103u \u00a0 Turismul \u0219i Dezvoltarea Durabil\u0103 sunt dou\u0103 dintre cele mai populare concepte \u00een zilele noastre, dup\u0103 cum ne demonstreaz\u0103 prietenul Google. Vrei s\u0103 te perfec\u021bionezi \u00een aceste domenii de viitor \u0219i care \u00ee\u021bi vor deschide o multitudine de perspective \u0219i [&hellip;]<\/p>\n","protected":false},"author":3,"featured_media":0,"parent":0,"menu_order":0,"comment_status":"closed","ping_status":"closed","template":"","meta":{"footnotes":""},"class_list":["post-3463","page","type-page","status-publish","hentry"],"_links":{"self":[{"href":"https:\/\/geografie.ubbcluj.ro\/admitere\/index.php?rest_route=\/wp\/v2\/pages\/3463","targetHints":{"allow":["GET"]}}],"collection":[{"href":"https:\/\/geografie.ubbcluj.ro\/admitere\/index.php?rest_route=\/wp\/v2\/pages"}],"about":[{"href":"https:\/\/geografie.ubbcluj.ro\/admitere\/index.php?rest_route=\/wp\/v2\/types\/page"}],"author":[{"embeddable":true,"href":"https:\/\/geografie.ubbcluj.ro\/admitere\/index.php?rest_route=\/wp\/v2\/users\/3"}],"replies":[{"embeddable":true,"href":"https:\/\/geografie.ubbcluj.ro\/admitere\/index.php?rest_route=%2Fwp%2Fv2%2Fcomments&post=3463"}],"version-history":[{"count":26,"href":"https:\/\/geografie.ubbcluj.ro\/admitere\/index.php?rest_route=\/wp\/v2\/pages\/3463\/revisions"}],"predecessor-version":[{"id":4282,"href":"https:\/\/geografie.ubbcluj.ro\/admitere\/index.php?rest_route=\/wp\/v2\/pages\/3463\/revisions\/4282"}],"wp:attachment":[{"href":"https:\/\/geografie.ubbcluj.ro\/admitere\/index.php?rest_route=%2Fwp%2Fv2%2Fmedia&parent=3463"}],"curies":[{"name":"wp","href":"https:\/\/api.w.org\/{rel}","templated":true}]}}