{"id":3211,"date":"2022-09-08T17:15:25","date_gmt":"2022-09-08T17:15:25","guid":{"rendered":"https:\/\/geografie.ubbcluj.ro\/admitere\/?page_id=3211"},"modified":"2022-10-27T11:14:22","modified_gmt":"2022-10-27T11:14:22","slug":"evaluarea-si-gestiunea-hazardurilor-si-riscurilor-geografice","status":"publish","type":"page","link":"https:\/\/geografie.ubbcluj.ro\/admitere\/?page_id=3211","title":{"rendered":"EVALUAREA \u0218I GESTIUNEA HAZARDURILOR \u0218I RISCURILOR GEOGRAFICE"},"content":{"rendered":"<div class=\"wpb-content-wrapper\"><p>[vc_row][vc_column]<div style=\"background-color:;height: 40px\" class=\"nicdark_section  \"><\/div>[\/vc_column][\/vc_row][vc_row css=&#8221;.vc_custom_1616444056043{background-image: url(https:\/\/geografie.ubbcluj.ro\/admitere\/wp-content\/uploads\/2021\/03\/sssssssss-scaled.jpg?id=1055) !important;}&#8221;][vc_column width=&#8221;1\/2&#8243;]<div style=\"background-color:;height: 30px\" class=\"nicdark_section  \"><\/div>[vc_column_text]<span style=\"font-size: 24pt; color: #000000;\"> <b><i>Masterat<\/i><\/b><b><i> cu <\/i><\/b><b><i>frecven\u021b\u0103<\/i><\/b><b><i>, <\/i><\/b><b><i>\u00een<\/i><\/b> <b><i>limba<\/i><\/b> <b><i>rom\u00e2n\u0103<\/i><\/b><\/span><\/p>\n<p style=\"padding-left: 40px;\"><span style=\"font-size: 14pt; color: #000000;\"><i>Prea<\/i> <i>multe<\/i> <i>riscuri<\/i><i> \u00een natura, \u00een <\/i><i>societate<\/i><i>? <\/i><i>Prea<\/i> <i>multa<\/i> <i>incertitudine<\/i><i>?<\/i><\/span><\/p>\n<p style=\"padding-left: 40px;\"><span style=\"font-size: 14pt; color: #000000;\"><i>Nu <\/i><i>\u0219i<\/i> <i>dac\u0103<\/i><i> \u0219tim cum <\/i><i>s\u0103<\/i><i> le <\/i><i>gestion\u0103m<\/i><i>&#8230;. <\/i><\/span><\/p>\n<p style=\"padding-left: 40px;\"><span style=\"font-size: 14pt; color: #000000;\"><i>I\u021bi<\/i> <i>propunem<\/i> <i>metode<\/i><i> de <\/i><i>analiz\u0103<\/i> <i>\u0219i<\/i> <i>tehnici<\/i> <i>moderne<\/i> <i>prin<\/i><i> care <\/i><i>acestea<\/i><i> pot fi evaluate, precum:<\/i><\/span><\/p>\n<p style=\"padding-left: 40px;\"><span style=\"font-size: 14pt; color: #000000;\"><i>&#8211; <\/i><i>aplica\u021bii<\/i><i> USACE HEC <\/i><i>pentru<\/i> <i>modelarea<\/i> <i>riscurilor<\/i> <i>hidrice<\/i><i>;<\/i><\/span><\/p>\n<p style=\"padding-left: 40px;\"><span style=\"font-size: 14pt; color: #000000;\"><i>&#8211; <\/i><i>tehnici<\/i><i> UAV\/UAS pentru monitorizarea hazardurilor <\/i><i>geografice<\/i><i>;<\/i><\/span><\/p>\n<p style=\"padding-left: 40px;\"><span style=\"font-size: 14pt; color: #000000;\"><i>&#8211; metode statistice, sinoptice \u0219i <\/i><i>mezoscalare<\/i><i> pentru monitorizarea fenomenelor meteo-climatice;<\/i><\/span><\/p>\n<p style=\"padding-left: 40px;\"><span style=\"font-size: 14pt; color: #000000;\"><i>&#8211; <\/i><i>realizarea<\/i> <i>h\u0103r\u021bii<\/i> <i>riscului<\/i><i> la <\/i><i>alunec\u0103rile<\/i><i> de <\/i><i>teren<\/i> <i>prin<\/i> <i>aplicarea<\/i> <i>coeficientului<\/i> <i>mediu<\/i><i> de hazard;<\/i><\/span><\/p>\n<p style=\"padding-left: 40px;\"><span style=\"font-size: 14pt; color: #000000;\"><i>&#8211; <\/i><i>metode<\/i> <i>statistico-demografice<\/i> <i>\u0219i<\/i> <i>analiz<\/i><i>\u0103<\/i><i> GIS.<\/i><\/span><\/p>\n<p style=\"text-align: right;\"><span style=\"font-size: 14pt; color: #000000;\"><i>\u2026\u2026<\/i><i>iar<\/i> <i>tu<\/i> <i>vei<\/i> <i>putea<\/i> <i>s\u0103-\u021bi<\/i> <i>faci<\/i><i> o <\/i><i>profesie<\/i><i> din <\/i><i>asta<\/i><i>.<\/i><\/span><\/p>\n<p>[\/vc_column_text]<div style=\"background-color:;height: 30px\" class=\"nicdark_section  \"><\/div>[vc_column_text]<\/p>\n<h3 class=\"x1heor9g x1qlqyl8 x1pd3egz x1a2a7pz\" style=\"text-align: center;\"><a href=\"https:\/\/www.facebook.com\/people\/Evaluarea-%C8%99i-Gestiunea-Hazardurilor-%C8%99i-Riscurilor-Geografice\/100085184029485\/\"><strong><span style=\"color: #0000ff;\">Evaluarea \u0219i Gestiunea Hazardurilor \u0219i Riscurilor Geografice ~ Facebook<\/span><\/strong><\/a><\/h3>\n<p>[\/vc_column_text]<div style=\"background-color:;height: 30px\" class=\"nicdark_section  \"><\/div>[vc_column_text]<span style=\"font-size: 18pt; color: #000000;\"><b><i>De cuno\u0219tin\u021bele astfel dob\u00e2ndite e nevoie \u00een activitatea:<\/i><\/b><\/span><\/p>\n<p style=\"padding-left: 40px;\"><span style=\"font-size: 14pt; color: #000000;\"><i>Inspectoratului pentru Situa\u021bii de Urgen\u021b\u0103<\/i><\/span><\/p>\n<p style=\"padding-left: 40px;\"><span style=\"font-size: 14pt; color: #000000;\"><i>Administra\u021biei Na\u021bionale Apele Romane<\/i><\/span><\/p>\n<p style=\"padding-left: 40px;\"><span style=\"font-size: 14pt; color: #000000;\"><i>Administra\u021biilor locale \u0219i regionale (Primarii, Consilii Jude\u021bene)<\/i><\/span><\/p>\n<p style=\"padding-left: 40px;\"><span style=\"font-size: 14pt; color: #000000;\"><i>Administra\u021biei Na\u021bionale de Meteorologie<\/i><i>, respectiv Serviciile Regionale de Prognoz\u0103 a Vremii<\/i><\/span><\/p>\n<p style=\"padding-left: 40px;\"><span style=\"font-size: 14pt; color: #000000;\"><i>Institutul Na\u021bional de Hidrologie \u0219i Gospod\u0103rire a Apelor<\/i><\/span><\/p>\n<p style=\"padding-left: 40px;\"><span style=\"font-size: 14pt; color: #000000;\"><i>Firmelor de consultanta \u00een domeniul urbanismului<\/i><i>,\u00a0 <\/i><i>amenaj\u0103rii teritoriului<\/i><i> sau gospod\u0103ririi apelor<\/i><\/span><\/p>\n<p style=\"text-align: right; padding-left: 80px;\"><span style=\"font-size: 14pt; color: #000000;\"><i>&#8230; \u0219i nu numai&#8230;<\/i><\/span><\/p>\n<p>[\/vc_column_text]<div style=\"background-color:;height: 30px\" class=\"nicdark_section  \"><\/div>[\/vc_column][vc_column width=&#8221;1\/2&#8243;]<div style=\"background-color:;height: 30px\" class=\"nicdark_section  \"><\/div>[vc_column_text]<\/p>\n<h1><span style=\"font-size: 18pt;\"><strong><span style=\"color: #000000;\">Vei avea ocazia s\u0103 studiezi despre&#8230;<\/span><\/strong><\/span><\/h1>\n<p style=\"padding-left: 40px;\"><span style=\"color: #000000; font-size: 14pt;\"><i>Solu\u021bii<\/i><i> open\/free source <\/i><i>\u0219i<\/i> <i>WebGIS<\/i> <i>\u00een<\/i> <i>analiza<\/i> <i>hazardelor<\/i> <i>\u0219i<\/i> <i>riscurilor<\/i><\/span><\/p>\n<p style=\"padding-left: 40px;\"><span style=\"color: #000000; font-size: 14pt;\"><i>Utilizarea<\/i> <i>teledetec\u021biei<\/i><i> \u00een <\/i><i>monitorizarea<\/i> <i>hazardurilor<\/i> <i>geografice<\/i><\/span><\/p>\n<p style=\"padding-left: 40px;\"><span style=\"color: #000000; font-size: 14pt;\"><i>Metode<\/i><i> de <\/i><i>prognoz\u0103<\/i> <i>meteorologic\u0103<\/i> <i>\u0219i<\/i> <i>hidrologic\u0103<\/i><\/span><\/p>\n<p style=\"padding-left: 40px;\"><span style=\"color: #000000; font-size: 14pt;\"><i>Poluarea<\/i> <i>atmosferei<\/i> <i>\u0219i<\/i> <i>solu\u021bii<\/i><i> de <\/i><i>diminuare<\/i><i> a <\/i><i>acesteia<\/i><\/span><\/p>\n<p style=\"padding-left: 40px;\"><span style=\"color: #000000; font-size: 14pt;\"><i>Riscuri<\/i> <i>demografice<\/i> <i>\u0219i<\/i> <i>strategii<\/i><i> de <\/i><i>adaptare<\/i><i> a <\/i><i>societ\u0103\u021bii<\/i><\/span><\/p>\n<p style=\"padding-left: 40px;\"><span style=\"color: #000000; font-size: 14pt;\"><i>Schimb\u0103ri<\/i> <i>climatice<\/i> <i>\u0219i<\/i> <i>securitatea<\/i> <i>mediului<\/i><\/span><\/p>\n<p style=\"padding-left: 40px;\"><span style=\"color: #000000; font-size: 14pt;\"><i>Presiuni asupra biodiversit\u0103\u021bii, dar \u0219i oportunit\u0103\u021bi \u00een managementul acesteia<\/i><\/span><\/p>\n<p style=\"padding-left: 40px;\"><span style=\"color: #000000; font-size: 14pt;\"><i>Solu\u021bii<\/i><i> open\/free source <\/i><i>\u00een modelarea hidrodinamic\u0103 a riscurilor hidrice \u0219i a efectelor construc\u021biilor proiectate<\/i><\/span><\/p>\n<p style=\"text-align: right;\"><span style=\"color: #000000; font-size: 14pt;\"><i>&#8230; \u0219i multe altele<\/i><\/span><\/p>\n<p>[\/vc_column_text]<div style=\"background-color:;height: 30px\" class=\"nicdark_section  \"><\/div>[vc_images_carousel images=&#8221;3204,3193,3194,3195,3196,3197,3198,3199,3200,3201,3202,3203,3205,3206,3192&#8243; img_size=&#8221;550&#215;450&#8243; autoplay=&#8221;yes&#8221; wrap=&#8221;yes&#8221;][\/vc_column][\/vc_row]<\/p>\n<\/div>","protected":false},"excerpt":{"rendered":"<p>[vc_row][vc_column][\/vc_column][\/vc_row][vc_row css=&#8221;.vc_custom_1616444056043{background-image: url(https:\/\/geografie.ubbcluj.ro\/admitere\/wp-content\/uploads\/2021\/03\/sssssssss-scaled.jpg?id=1055) !important;}&#8221;][vc_column width=&#8221;1\/2&#8243;][vc_column_text] Masterat cu frecven\u021b\u0103, \u00een limba rom\u00e2n\u0103 Prea multe riscuri \u00een natura, \u00een societate? Prea multa incertitudine? Nu \u0219i dac\u0103 \u0219tim cum s\u0103 le gestion\u0103m&#8230;. I\u021bi propunem metode de analiz\u0103 \u0219i tehnici moderne prin care acestea pot fi evaluate, precum: &#8211; aplica\u021bii USACE HEC pentru modelarea riscurilor hidrice; &#8211; tehnici UAV\/UAS [&hellip;]<\/p>\n","protected":false},"author":3,"featured_media":0,"parent":0,"menu_order":0,"comment_status":"closed","ping_status":"closed","template":"","meta":{"footnotes":""},"class_list":["post-3211","page","type-page","status-publish","hentry"],"_links":{"self":[{"href":"https:\/\/geografie.ubbcluj.ro\/admitere\/index.php?rest_route=\/wp\/v2\/pages\/3211","targetHints":{"allow":["GET"]}}],"collection":[{"href":"https:\/\/geografie.ubbcluj.ro\/admitere\/index.php?rest_route=\/wp\/v2\/pages"}],"about":[{"href":"https:\/\/geografie.ubbcluj.ro\/admitere\/index.php?rest_route=\/wp\/v2\/types\/page"}],"author":[{"embeddable":true,"href":"https:\/\/geografie.ubbcluj.ro\/admitere\/index.php?rest_route=\/wp\/v2\/users\/3"}],"replies":[{"embeddable":true,"href":"https:\/\/geografie.ubbcluj.ro\/admitere\/index.php?rest_route=%2Fwp%2Fv2%2Fcomments&post=3211"}],"version-history":[{"count":10,"href":"https:\/\/geografie.ubbcluj.ro\/admitere\/index.php?rest_route=\/wp\/v2\/pages\/3211\/revisions"}],"predecessor-version":[{"id":3294,"href":"https:\/\/geografie.ubbcluj.ro\/admitere\/index.php?rest_route=\/wp\/v2\/pages\/3211\/revisions\/3294"}],"wp:attachment":[{"href":"https:\/\/geografie.ubbcluj.ro\/admitere\/index.php?rest_route=%2Fwp%2Fv2%2Fmedia&parent=3211"}],"curies":[{"name":"wp","href":"https:\/\/api.w.org\/{rel}","templated":true}]}}