{"id":2762,"date":"2022-07-04T18:07:37","date_gmt":"2022-07-04T18:07:37","guid":{"rendered":"https:\/\/geografie.ubbcluj.ro\/admitere\/?page_id=2762"},"modified":"2026-03-02T13:02:20","modified_gmt":"2026-03-02T13:02:20","slug":"selection-criteria-masters-degree","status":"publish","type":"page","link":"https:\/\/geografie.ubbcluj.ro\/admitere\/?page_id=2762&lang=en","title":{"rendered":"Selection criteria master&#8217;s degree"},"content":{"rendered":"<div class=\"wpb-content-wrapper\"><p>[vc_row][vc_column width=&#8221;2\/3&#8243;]<div style=\"background-color:;height: 50px\" class=\"nicdark_section  \"><\/div>[vc_column_text]<\/p>\n<div class=\"text_imp\">\n<h4><strong>Selection criteria (for all specialisations):<\/strong><\/h4>\n<ul>\n<li>Graduation exam score &#8211; 50%<\/li>\n<li>Interview &#8211; 50%<\/li>\n<\/ul>\n<\/div>\n<p>[\/vc_column_text][\/vc_column][vc_column width=&#8221;1\/3&#8243;][vc_images_carousel images=&#8221;1199,1200,1201,1385,1384,1383,1376,1375,1374,1373,1372,1371,1381,1380,1370,1369,1378,1377&#8243; img_size=&#8221;400&#215;500&#8243; onclick=&#8221;link_no&#8221; speed=&#8221;500&#8243; autoplay=&#8221;yes&#8221; wrap=&#8221;yes&#8221; css_animation=&#8221;none&#8221;][\/vc_column][\/vc_row][vc_row][vc_column][vc_column_text]<\/p>\n<h2><strong><span class=\"VIiyi\" lang=\"en\"><span class=\"JLqJ4b ChMk0b\" data-language-for-alternatives=\"en\" data-language-to-translate-into=\"ro\" data-phrase-index=\"0\" data-number-of-phrases=\"1\"><span class=\"Q4iAWc\"><span class=\"JLqJ4b ChMk0b C1N51c\" data-language-for-alternatives=\"en\" data-language-to-translate-into=\"ro\" data-phrase-index=\"0\" data-number-of-phrases=\"1\">TOPICS AND BIBLIOGRAPHY<\/span><\/span><\/span><\/span><\/strong><\/h2>\n<p>[\/vc_column_text]<div style=\"background-color:;height: 50px\" class=\"nicdark_section  \"><\/div>[\/vc_column][\/vc_row][vc_row][vc_column width=&#8221;1\/6&#8243;][vc_wp_text]<a href=\"http:\/\/geografie.ubbcluj.ro\/admitere\/2021\/TEMATICA\/Tematica_ADT.pdf\"><a class=\"maxbutton-2 maxbutton maxbutton-tematica\" target=\"_blank\" title=\"Tematica&amp;Bibliografie\" rel=\"noopener\" href=\"http:\/\/geografie.ubbcluj.ro\/admitere\/2021\/TEMATICA\/Tematica_ADT.pdf\"><span class='mb-text'>AMENAJARE \u0218I DEZVOLTARE TURISTIC\u0102<\/span><\/a><\/a>[\/vc_wp_text][\/vc_column][vc_column width=&#8221;1\/6&#8243;][vc_wp_text]<strong><a class=\"maxbutton-3 maxbutton maxbutton-tematica\" target=\"_blank\" title=\"Tematica&amp;Bibliografie\" rel=\"noopener\" href=\"http:\/\/geografie.ubbcluj.ro\/admitere\/2021\/TEMATICA\/Tematica_Geomatica.pdf\"><span class='mb-text'>GEOMATIC\u0102<\/span><\/a><\/strong>[\/vc_wp_text][\/vc_column][vc_column width=&#8221;1\/6&#8243;][vc_wp_text]<strong><a class=\"maxbutton-2 maxbutton maxbutton-tematica\" target=\"_blank\" title=\"Tematica&amp;Bibliografie\" rel=\"noopener\" href=\"https:\/\/geografie.ubbcluj.ro\/admitere\/2021\/TEMATICA\/Tematica_PDR.pdf\"><span class='mb-text'>PLANIFICARE \u015eI DEZVOLTARE REGIONAL\u0102<\/span><\/a><\/strong>[\/vc_wp_text][\/vc_column][vc_column width=&#8221;1\/6&#8243;][vc_wp_text]<strong><a class=\"maxbutton-2 maxbutton maxbutton-tematica\" target=\"_blank\" title=\"Tematica&amp;Bibliografie\" rel=\"noopener\" href=\"https:\/\/geografie.ubbcluj.ro\/admitere\/2021\/TEMATICA\/Tematica_RRMH.pdf\"><span class='mb-text'>RESURSE \u015eI RISCURI \u00ceN MEDIUL HIDROATMOSFERIC<\/span><\/a><\/strong>[\/vc_wp_text][\/vc_column][vc_column width=&#8221;1\/6&#8243;][vc_wp_text]<strong><a class=\"maxbutton-2 maxbutton maxbutton-tematica\" target=\"_blank\" title=\"Tematica&amp;Bibliografie\" rel=\"noopener\" href=\"https:\/\/geografie.ubbcluj.ro\/admitere\/wp-content\/uploads\/2023\/05\/Tematica_si_bibliografia_SCDD.pdf\"><span class='mb-text'>Schimb\u0103ri climatice \u0219i dezvoltare durabil\u0103<\/span><\/a><\/strong>[\/vc_wp_text][\/vc_column][vc_column width=&#8221;1\/6&#8243;][vc_wp_text]<strong><a class=\"maxbutton-4 maxbutton maxbutton-tematica\" target=\"_blank\" title=\"Tematica&amp;Bibliografie\" rel=\"noopener\" href=\"https:\/\/geografie.ubbcluj.ro\/admitere\/2021\/TEMATICA\/Tematica_TDT_maghiara.pdf\"><span class='mb-text'>TURISM \u015eI DEZVOLTARE TERITORIAL\u0102 ~ LINIA MAGHIAR\u0102<\/span><\/a><\/strong>[\/vc_wp_text][\/vc_column][\/vc_row]<\/p>\n<\/div>","protected":false},"excerpt":{"rendered":"<p>[vc_row][vc_column width=&#8221;2\/3&#8243;][vc_column_text] Selection criteria (for all specialisations): Graduation exam score &#8211; 50% Interview &#8211; 50% [\/vc_column_text][\/vc_column][vc_column width=&#8221;1\/3&#8243;][vc_images_carousel images=&#8221;1199,1200,1201,1385,1384,1383,1376,1375,1374,1373,1372,1371,1381,1380,1370,1369,1378,1377&#8243; img_size=&#8221;400&#215;500&#8243; onclick=&#8221;link_no&#8221; speed=&#8221;500&#8243; autoplay=&#8221;yes&#8221; wrap=&#8221;yes&#8221; css_animation=&#8221;none&#8221;][\/vc_column][\/vc_row][vc_row][vc_column][vc_column_text] TOPICS AND BIBLIOGRAPHY [\/vc_column_text][\/vc_column][\/vc_row][vc_row][vc_column width=&#8221;1\/6&#8243;][vc_wp_text][\/vc_wp_text][\/vc_column][vc_column width=&#8221;1\/6&#8243;][vc_wp_text][\/vc_wp_text][\/vc_column][vc_column width=&#8221;1\/6&#8243;][vc_wp_text][\/vc_wp_text][\/vc_column][vc_column width=&#8221;1\/6&#8243;][vc_wp_text][\/vc_wp_text][\/vc_column][vc_column width=&#8221;1\/6&#8243;][vc_wp_text][\/vc_wp_text][\/vc_column][vc_column width=&#8221;1\/6&#8243;][vc_wp_text][\/vc_wp_text][\/vc_column][\/vc_row]<\/p>\n","protected":false},"author":3,"featured_media":0,"parent":0,"menu_order":0,"comment_status":"closed","ping_status":"closed","template":"","meta":{"footnotes":""},"class_list":["post-2762","page","type-page","status-publish","hentry"],"_links":{"self":[{"href":"https:\/\/geografie.ubbcluj.ro\/admitere\/index.php?rest_route=\/wp\/v2\/pages\/2762","targetHints":{"allow":["GET"]}}],"collection":[{"href":"https:\/\/geografie.ubbcluj.ro\/admitere\/index.php?rest_route=\/wp\/v2\/pages"}],"about":[{"href":"https:\/\/geografie.ubbcluj.ro\/admitere\/index.php?rest_route=\/wp\/v2\/types\/page"}],"author":[{"embeddable":true,"href":"https:\/\/geografie.ubbcluj.ro\/admitere\/index.php?rest_route=\/wp\/v2\/users\/3"}],"replies":[{"embeddable":true,"href":"https:\/\/geografie.ubbcluj.ro\/admitere\/index.php?rest_route=%2Fwp%2Fv2%2Fcomments&post=2762"}],"version-history":[{"count":2,"href":"https:\/\/geografie.ubbcluj.ro\/admitere\/index.php?rest_route=\/wp\/v2\/pages\/2762\/revisions"}],"predecessor-version":[{"id":4522,"href":"https:\/\/geografie.ubbcluj.ro\/admitere\/index.php?rest_route=\/wp\/v2\/pages\/2762\/revisions\/4522"}],"wp:attachment":[{"href":"https:\/\/geografie.ubbcluj.ro\/admitere\/index.php?rest_route=%2Fwp%2Fv2%2Fmedia&parent=2762"}],"curies":[{"name":"wp","href":"https:\/\/api.w.org\/{rel}","templated":true}]}}