{"id":2744,"date":"2022-07-04T16:43:31","date_gmt":"2022-07-04T16:43:31","guid":{"rendered":"https:\/\/geografie.ubbcluj.ro\/admitere\/?page_id=2744"},"modified":"2025-12-18T09:26:18","modified_gmt":"2025-12-18T09:26:18","slug":"magiszteri-kepzes","status":"publish","type":"page","link":"https:\/\/geografie.ubbcluj.ro\/admitere\/?page_id=2744&lang=hu","title":{"rendered":"Magiszteri k\u00e9pz\u00e9s"},"content":{"rendered":"<div class=\"wpb-content-wrapper\"><p>[vc_row css=&#8221;.vc_custom_1614930287142{background-image: url(https:\/\/geografie.ubbcluj.ro\/admitere\/\/wp-content\/uploads\/2021\/03\/sssssssss-scaled.jpg?id=1055) !important;}&#8221;][vc_column width=&#8221;1\/3&#8243;][vc_cta h2=&#8221;Napt\u00e1r&#8221; h2_font_container=&#8221;color:%23000000&#8243; h2_google_fonts=&#8221;font_family:Alegreya%20Sans%3A100%2C100italic%2C300%2C300italic%2Cregular%2Citalic%2C500%2C500italic%2C700%2C700italic%2C800%2C800italic%2C900%2C900italic|font_style:800%20bold%20regular%3A800%3Anormal&#8221; txt_align=&#8221;center&#8221; color=&#8221;turquoise&#8221; css_animation=&#8221;none&#8221; css=&#8221;.vc_custom_1656952958371{background-color: #66ff99 !important;}&#8221; use_custom_fonts_h2=&#8221;true&#8221; h2_link=&#8221;url:http%3A%2F%2Fgeografie.ubbcluj.ro%2Fadmitere%2F%3Fpage_id%3D1094|title:Regulament&#8221;]<a href=\"http:\/\/geografie.ubbcluj.ro\/admitere\/?page_id=1094\" target=\"_blank\" rel=\"noopener\"><img loading=\"lazy\" decoding=\"async\" class=\"alignnone wp-image-1663 aligncenter\" src=\"https:\/\/geografie.ubbcluj.ro\/admitere\/wp-content\/uploads\/2021\/03\/history.png\" alt=\"\" width=\"116\" height=\"116\" \/><\/a>[\/vc_cta][\/vc_column][vc_column width=&#8221;1\/3&#8243;][vc_cta h2=&#8221;Beiskol\u00e1z\u00e1si sz\u00e1mok&#8221; h2_font_container=&#8221;tag:h2|text_align:center|color:%23000000&#8243; h2_google_fonts=&#8221;font_family:Alegreya%20Sans%3A100%2C100italic%2C300%2C300italic%2Cregular%2Citalic%2C500%2C500italic%2C700%2C700italic%2C800%2C800italic%2C900%2C900italic|font_style:800%20bold%20regular%3A800%3Anormal&#8221; txt_align=&#8221;center&#8221; color=&#8221;turquoise&#8221; css_animation=&#8221;none&#8221; css=&#8221;.vc_custom_1766050053362{background-color: #66ff99 !important;}&#8221; use_custom_fonts_h2=&#8221;true&#8221; h2_link=&#8221;title:Nr%20locuri|target:_blank&#8221;]<img loading=\"lazy\" decoding=\"async\" class=\"aligncenter wp-image-1665 size-full\" src=\"https:\/\/geografie.ubbcluj.ro\/admitere\/wp-content\/uploads\/2021\/03\/Community-Help.png\" alt=\"\" width=\"128\" height=\"128\" \/>[\/vc_cta]<div style=\"background-color:;height: 20px\" class=\"nicdark_section  \"><\/div>[\/vc_column][vc_column width=&#8221;1\/3&#8243;][vc_cta h2=&#8221;Szab\u00e1lyzat&#8221; h2_font_container=&#8221;tag:h2|text_align:left|color:%23000000&#8243; h2_google_fonts=&#8221;font_family:Alegreya%20Sans%3A100%2C100italic%2C300%2C300italic%2Cregular%2Citalic%2C500%2C500italic%2C700%2C700italic%2C800%2C800italic%2C900%2C900italic|font_style:800%20bold%20regular%3A800%3Anormal&#8221; h4=&#8221;.&#8221; txt_align=&#8221;center&#8221; color=&#8221;turquoise&#8221; css_animation=&#8221;none&#8221; css=&#8221;.vc_custom_1766050066386{background-color: #66ff99 !important;}&#8221; use_custom_fonts_h2=&#8221;true&#8221; h2_link=&#8221;title:Regulament|target:_blank&#8221;]<img loading=\"lazy\" decoding=\"async\" class=\"aligncenter wp-image-1647 size-full\" src=\"https:\/\/geografie.ubbcluj.ro\/admitere\/wp-content\/uploads\/2021\/03\/up_symbol.png\" alt=\"\" width=\"128\" height=\"128\" \/>[\/vc_cta][\/vc_column][\/vc_row][vc_row css=&#8221;.vc_custom_1721644482345{background-image: url(https:\/\/geografie.ubbcluj.ro\/admitere\/wp-content\/uploads\/2021\/03\/sssssssss-scaled.jpg?id=2832) !important;}&#8221;][vc_column]\n\n  <!--START FOCUS-->\n  <div class=\"nd_options_section nd_options_background_size_cover  \" style=\"background-image:url(https:\/\/geografie.ubbcluj.ro\/admitere\/wp-content\/uploads\/2024\/05\/pexels-photo-1191710-1024x683.webp)\">\n                                            \n      <div class=\"nd_options_section nd_options_bg_greydark_alpha_5\">\n          \n          <div class=\"nd_options_section nd_options_text_align_center\">\n          \n            <div class=\"nd_options_section nd_options_height_100\"><\/div>\n              \n            <a rel=\"\" title=\"Jelentkezesi urlap\" target=\"_blank\" class=\"nd_options_color_white\" href=\"https:\/\/geografie.ubbcluj.ro\/admitere\/wp-content\/uploads\/2025\/12\/Fisa-inscriere-admitere-master-iulie-2026.pdf\">\n              <h1 class=\"nd_options_margin_0_important nd_options_color_white\">\n                Jelentkez\u00e9si \u0171rlap\n              <\/h1>\n            <\/a>\n            <div class=\"nd_options_section nd_options_height_20\"><\/div>\n            <h3 class=\"nd_options_margin_0_important nd_options_text_transform_uppercase nd_options_color_white\"><\/h3>\n\n            <div class=\"nd_options_section nd_options_height_100\"><\/div> \n\n          <\/div>\n\n      <\/div>\n\n  <\/div>\n  <!--END FOCUS-->\n\n   <div style=\"background-color:;height: 25px\" class=\"nicdark_section  \"><\/div>[\/vc_column][\/vc_row][vc_row css=&#8221;.vc_custom_1614930279489{background-image: url(https:\/\/geografie.ubbcluj.ro\/admitere\/\/wp-content\/uploads\/2021\/03\/sssssssss-scaled.jpg?id=1055) !important;}&#8221;][vc_column width=&#8221;1\/2&#8243;][vc_cta h2=&#8221;Szakok&#8221; h2_font_container=&#8221;color:%23000000&#8243; h2_google_fonts=&#8221;font_family:Alegreya%20Sans%3A100%2C100italic%2C300%2C300italic%2Cregular%2Citalic%2C500%2C500italic%2C700%2C700italic%2C800%2C800italic%2C900%2C900italic|font_style:800%20bold%20regular%3A800%3Anormal&#8221; h4=&#8221;.&#8221; txt_align=&#8221;center&#8221; color=&#8221;turquoise&#8221; css_animation=&#8221;none&#8221; css=&#8221;.vc_custom_1656952631629{background-color: #66ff99 !important;}&#8221; use_custom_fonts_h2=&#8221;true&#8221; h2_link=&#8221;url:http%3A%2F%2Fgeografie.ubbcluj.ro%2Fadmitere%2F%3Fpage_id%3D1072|title:Regulament&#8221;]<a href=\"http:\/\/geografie.ubbcluj.ro\/admitere\/?page_id=1072\"><img loading=\"lazy\" decoding=\"async\" class=\"wp-image-1651 aligncenter\" src=\"https:\/\/geografie.ubbcluj.ro\/admitere\/wp-content\/uploads\/2021\/03\/Green_Atom-150x150.png\" alt=\"\" width=\"128\" height=\"128\" srcset=\"https:\/\/geografie.ubbcluj.ro\/admitere\/wp-content\/uploads\/2021\/03\/Green_Atom-150x150.png 150w, https:\/\/geografie.ubbcluj.ro\/admitere\/wp-content\/uploads\/2021\/03\/Green_Atom.png 256w\" sizes=\"auto, (max-width: 128px) 100vw, 128px\" \/><\/a>[\/vc_cta]<div style=\"background-color:;height: 25px\" class=\"nicdark_section  \"><\/div>[\/vc_column][vc_column width=&#8221;1\/2&#8243;][vc_cta h2=&#8221;Felv\u00e9teli krit\u00e9riumok&#8221; h2_font_container=&#8221;tag:h2|text_align:center|color:%23000000&#8243; h2_google_fonts=&#8221;font_family:Alegreya%20Sans%3A100%2C100italic%2C300%2C300italic%2Cregular%2Citalic%2C500%2C500italic%2C700%2C700italic%2C800%2C800italic%2C900%2C900italic|font_style:800%20bold%20regular%3A800%3Anormal&#8221; h4=&#8221;Interj\u00fa t\u00e9mak\u00f6r&#8221; txt_align=&#8221;center&#8221; color=&#8221;black&#8221; css_animation=&#8221;none&#8221; css=&#8221;.vc_custom_1722410987444{background-color: #66ff99 !important;}&#8221; use_custom_fonts_h2=&#8221;true&#8221; h2_link=&#8221;url:http%3A%2F%2Fgeografie.ubbcluj.ro%2Fadmitere%2F%3Fpage_id%3D1150|title:Regulament&#8221;]<a href=\"https:\/\/geografie.ubbcluj.ro\/admitere\/?page_id=2754&amp;lang=hu\" target=\"_blank\" rel=\"noopener\"><img loading=\"lazy\" decoding=\"async\" class=\"alignnone wp-image-1660 aligncenter\" src=\"https:\/\/geografie.ubbcluj.ro\/admitere\/wp-content\/uploads\/2021\/03\/Administrative-Tool.png\" alt=\"\" width=\"114\" height=\"114\" \/><\/a>[\/vc_cta]<div style=\"background-color:;height: 25px\" class=\"nicdark_section  \"><\/div>[\/vc_column][\/vc_row][vc_row css=&#8221;.vc_custom_1689765920114{background-image: url(https:\/\/geografie.ubbcluj.ro\/admitere\/wp-content\/uploads\/2021\/03\/sssssssss-scaled.jpg?id=1055) !important;}&#8221;][vc_column css=&#8221;.vc_custom_1614930210335{background-image: url(https:\/\/geografie.ubbcluj.ro\/admitere\/\/wp-content\/uploads\/2021\/03\/sssssssss-scaled.jpg?id=1055) !important;}&#8221;]<div style=\"background-color:;height: 10px\" class=\"nicdark_section  \"><\/div>\n\n  <!--START FOCUS-->\n  <div class=\"nd_options_section nd_options_background_size_cover  \" style=\"background-image:url(https:\/\/geografie.ubbcluj.ro\/admitere\/wp-content\/uploads\/2023\/09\/purple-wallpaper-752886_1280-1024x731.jpg)\">\n                                            \n      <div class=\"nd_options_section nd_options_bg_greydark_alpha_5\">\n          \n          <div class=\"nd_options_section nd_options_text_align_center\">\n          \n            <div class=\"nd_options_section nd_options_height_100\"><\/div>\n              \n            <a rel=\"\" title=\"Rezultate\" target=\"_blank\" class=\"nd_options_color_white\" href=\"https:\/\/geografie.ubbcluj.ro\/admitere\/?page_id=4378\">\n              <h1 class=\"nd_options_margin_0_important nd_options_color_white\">\n                Eredm\u00e9nyek szeptember 2025\n              <\/h1>\n            <\/a>\n            <div class=\"nd_options_section nd_options_height_20\"><\/div>\n            <h3 class=\"nd_options_margin_0_important nd_options_text_transform_uppercase nd_options_color_white\"><\/h3>\n\n            <div class=\"nd_options_section nd_options_height_100\"><\/div> \n\n          <\/div>\n\n      <\/div>\n\n  <\/div>\n  <!--END FOCUS-->\n\n   <div style=\"background-color:;height: 10px\" class=\"nicdark_section  \"><\/div>[\/vc_column][\/vc_row]<\/p>\n<\/div>","protected":false},"excerpt":{"rendered":"<p>[vc_row css=&#8221;.vc_custom_1614930287142{background-image: url(https:\/\/geografie.ubbcluj.ro\/admitere\/\/wp-content\/uploads\/2021\/03\/sssssssss-scaled.jpg?id=1055) !important;}&#8221;][vc_column width=&#8221;1\/3&#8243;][vc_cta h2=&#8221;Napt\u00e1r&#8221; h2_font_container=&#8221;color:%23000000&#8243; h2_google_fonts=&#8221;font_family:Alegreya%20Sans%3A100%2C100italic%2C300%2C300italic%2Cregular%2Citalic%2C500%2C500italic%2C700%2C700italic%2C800%2C800italic%2C900%2C900italic|font_style:800%20bold%20regular%3A800%3Anormal&#8221; txt_align=&#8221;center&#8221; color=&#8221;turquoise&#8221; css_animation=&#8221;none&#8221; css=&#8221;.vc_custom_1656952958371{background-color: #66ff99 !important;}&#8221; use_custom_fonts_h2=&#8221;true&#8221; h2_link=&#8221;url:http%3A%2F%2Fgeografie.ubbcluj.ro%2Fadmitere%2F%3Fpage_id%3D1094|title:Regulament&#8221;][\/vc_cta][\/vc_column][vc_column width=&#8221;1\/3&#8243;][vc_cta h2=&#8221;Beiskol\u00e1z\u00e1si sz\u00e1mok&#8221; h2_font_container=&#8221;tag:h2|text_align:center|color:%23000000&#8243; h2_google_fonts=&#8221;font_family:Alegreya%20Sans%3A100%2C100italic%2C300%2C300italic%2Cregular%2Citalic%2C500%2C500italic%2C700%2C700italic%2C800%2C800italic%2C900%2C900italic|font_style:800%20bold%20regular%3A800%3Anormal&#8221; txt_align=&#8221;center&#8221; color=&#8221;turquoise&#8221; css_animation=&#8221;none&#8221; css=&#8221;.vc_custom_1766050053362{background-color: #66ff99 !important;}&#8221; use_custom_fonts_h2=&#8221;true&#8221; h2_link=&#8221;title:Nr%20locuri|target:_blank&#8221;][\/vc_cta][\/vc_column][vc_column width=&#8221;1\/3&#8243;][vc_cta h2=&#8221;Szab\u00e1lyzat&#8221; h2_font_container=&#8221;tag:h2|text_align:left|color:%23000000&#8243; h2_google_fonts=&#8221;font_family:Alegreya%20Sans%3A100%2C100italic%2C300%2C300italic%2Cregular%2Citalic%2C500%2C500italic%2C700%2C700italic%2C800%2C800italic%2C900%2C900italic|font_style:800%20bold%20regular%3A800%3Anormal&#8221; h4=&#8221;.&#8221; txt_align=&#8221;center&#8221; color=&#8221;turquoise&#8221; css_animation=&#8221;none&#8221; css=&#8221;.vc_custom_1766050066386{background-color: #66ff99 !important;}&#8221; use_custom_fonts_h2=&#8221;true&#8221; h2_link=&#8221;title:Regulament|target:_blank&#8221;][\/vc_cta][\/vc_column][\/vc_row][vc_row css=&#8221;.vc_custom_1721644482345{background-image: url(https:\/\/geografie.ubbcluj.ro\/admitere\/wp-content\/uploads\/2021\/03\/sssssssss-scaled.jpg?id=2832) !important;}&#8221;][vc_column][\/vc_column][\/vc_row][vc_row css=&#8221;.vc_custom_1614930279489{background-image: url(https:\/\/geografie.ubbcluj.ro\/admitere\/\/wp-content\/uploads\/2021\/03\/sssssssss-scaled.jpg?id=1055) !important;}&#8221;][vc_column width=&#8221;1\/2&#8243;][vc_cta h2=&#8221;Szakok&#8221; h2_font_container=&#8221;color:%23000000&#8243; h2_google_fonts=&#8221;font_family:Alegreya%20Sans%3A100%2C100italic%2C300%2C300italic%2Cregular%2Citalic%2C500%2C500italic%2C700%2C700italic%2C800%2C800italic%2C900%2C900italic|font_style:800%20bold%20regular%3A800%3Anormal&#8221; h4=&#8221;.&#8221; txt_align=&#8221;center&#8221; color=&#8221;turquoise&#8221; [&hellip;]<\/p>\n","protected":false},"author":3,"featured_media":0,"parent":0,"menu_order":0,"comment_status":"closed","ping_status":"closed","template":"","meta":{"footnotes":""},"class_list":["post-2744","page","type-page","status-publish","hentry"],"_links":{"self":[{"href":"https:\/\/geografie.ubbcluj.ro\/admitere\/index.php?rest_route=\/wp\/v2\/pages\/2744","targetHints":{"allow":["GET"]}}],"collection":[{"href":"https:\/\/geografie.ubbcluj.ro\/admitere\/index.php?rest_route=\/wp\/v2\/pages"}],"about":[{"href":"https:\/\/geografie.ubbcluj.ro\/admitere\/index.php?rest_route=\/wp\/v2\/types\/page"}],"author":[{"embeddable":true,"href":"https:\/\/geografie.ubbcluj.ro\/admitere\/index.php?rest_route=\/wp\/v2\/users\/3"}],"replies":[{"embeddable":true,"href":"https:\/\/geografie.ubbcluj.ro\/admitere\/index.php?rest_route=%2Fwp%2Fv2%2Fcomments&post=2744"}],"version-history":[{"count":82,"href":"https:\/\/geografie.ubbcluj.ro\/admitere\/index.php?rest_route=\/wp\/v2\/pages\/2744\/revisions"}],"predecessor-version":[{"id":4499,"href":"https:\/\/geografie.ubbcluj.ro\/admitere\/index.php?rest_route=\/wp\/v2\/pages\/2744\/revisions\/4499"}],"wp:attachment":[{"href":"https:\/\/geografie.ubbcluj.ro\/admitere\/index.php?rest_route=%2Fwp%2Fv2%2Fmedia&parent=2744"}],"curies":[{"name":"wp","href":"https:\/\/api.w.org\/{rel}","templated":true}]}}