{"id":2681,"date":"2022-02-03T19:10:05","date_gmt":"2022-02-03T19:10:05","guid":{"rendered":"https:\/\/geografie.ubbcluj.ro\/admitere\/?page_id=2681"},"modified":"2022-07-04T17:54:21","modified_gmt":"2022-07-04T17:54:21","slug":"felveteli-kriteriumok","status":"publish","type":"page","link":"https:\/\/geografie.ubbcluj.ro\/admitere\/?page_id=2681&lang=hu","title":{"rendered":"Felv\u00e9teli krit\u00e9riumok"},"content":{"rendered":"<div class=\"wpb-content-wrapper\"><p>[vc_row][vc_column width=&#8221;1\/2&#8243;]<div style=\"background-color:;height: 50px\" class=\"nicdark_section  \"><\/div>[vc_column_text]<\/p>\n<table border=\"0\" cellspacing=\"0\" cellpadding=\"0\">\n<tbody>\n<tr>\n<th><strong>Kiv\u00e1laszt\u00e1si szempontok minden szak eset\u00e9ben<\/strong><\/th>\n<\/tr>\n<tr>\n<td rowspan=\"9\"><strong>I. vizsgafordul\u00f3 (kiz\u00e1r\u00f3 jelleg\u0171):<\/strong><\/p>\n<ul>\n<li>motiv\u00e1ci\u00f3s lev\u00e9l lead\u00e1sa beiratkoz\u00e1skor, amelyet megfelelt\/nem felelt meg min\u0151s\u00edt\u00e9ssel \u00e9rt\u00e9kelnek<\/li>\n<\/ul>\n<p><strong>II. vizsgafordul\u00f3:<\/strong><\/p>\n<ul>\n<li>Az I. fordul\u00f3ban bejutott jelentkez\u0151k szakok szerinti eloszt\u00e1sa, a beiratkoz\u00e1si adatlapon megjel\u00f6lt opci\u00f3k, valamint az \u00e9retts\u00e9gi jegyek \u00e1tlaga alapj\u00e1n.<\/li>\n<\/ul>\n<\/td>\n<\/tr>\n<\/tbody>\n<\/table>\n<p>[\/vc_column_text][\/vc_column][vc_column width=&#8221;1\/2&#8243;]<div style=\"background-color:;height: 50px\" class=\"nicdark_section  \"><\/div>[vc_images_carousel images=&#8221;1228,1229,1230,1231,1232,1233,1234,1235,1236,1237,1238,1239&#8243; img_size=&#8221;400&#215;400&#8243; onclick=&#8221;link_no&#8221; speed=&#8221;1500&#8243; autoplay=&#8221;yes&#8221; wrap=&#8221;yes&#8221; css_animation=&#8221;none&#8221;][\/vc_column][\/vc_row]<\/p>\n<\/div>","protected":false},"excerpt":{"rendered":"<p>[vc_row][vc_column width=&#8221;1\/2&#8243;][vc_column_text] Kiv\u00e1laszt\u00e1si szempontok minden szak eset\u00e9ben I. vizsgafordul\u00f3 (kiz\u00e1r\u00f3 jelleg\u0171): motiv\u00e1ci\u00f3s lev\u00e9l lead\u00e1sa beiratkoz\u00e1skor, amelyet megfelelt\/nem felelt meg min\u0151s\u00edt\u00e9ssel \u00e9rt\u00e9kelnek II. vizsgafordul\u00f3: Az I. fordul\u00f3ban bejutott jelentkez\u0151k szakok szerinti eloszt\u00e1sa, a beiratkoz\u00e1si adatlapon megjel\u00f6lt opci\u00f3k, valamint az \u00e9retts\u00e9gi jegyek \u00e1tlaga alapj\u00e1n. [\/vc_column_text][\/vc_column][vc_column width=&#8221;1\/2&#8243;][vc_images_carousel images=&#8221;1228,1229,1230,1231,1232,1233,1234,1235,1236,1237,1238,1239&#8243; img_size=&#8221;400&#215;400&#8243; onclick=&#8221;link_no&#8221; speed=&#8221;1500&#8243; autoplay=&#8221;yes&#8221; wrap=&#8221;yes&#8221; css_animation=&#8221;none&#8221;][\/vc_column][\/vc_row]<\/p>\n","protected":false},"author":3,"featured_media":0,"parent":0,"menu_order":0,"comment_status":"closed","ping_status":"closed","template":"","meta":{"footnotes":""},"class_list":["post-2681","page","type-page","status-publish","hentry"],"_links":{"self":[{"href":"https:\/\/geografie.ubbcluj.ro\/admitere\/index.php?rest_route=\/wp\/v2\/pages\/2681","targetHints":{"allow":["GET"]}}],"collection":[{"href":"https:\/\/geografie.ubbcluj.ro\/admitere\/index.php?rest_route=\/wp\/v2\/pages"}],"about":[{"href":"https:\/\/geografie.ubbcluj.ro\/admitere\/index.php?rest_route=\/wp\/v2\/types\/page"}],"author":[{"embeddable":true,"href":"https:\/\/geografie.ubbcluj.ro\/admitere\/index.php?rest_route=\/wp\/v2\/users\/3"}],"replies":[{"embeddable":true,"href":"https:\/\/geografie.ubbcluj.ro\/admitere\/index.php?rest_route=%2Fwp%2Fv2%2Fcomments&post=2681"}],"version-history":[{"count":3,"href":"https:\/\/geografie.ubbcluj.ro\/admitere\/index.php?rest_route=\/wp\/v2\/pages\/2681\/revisions"}],"predecessor-version":[{"id":2749,"href":"https:\/\/geografie.ubbcluj.ro\/admitere\/index.php?rest_route=\/wp\/v2\/pages\/2681\/revisions\/2749"}],"wp:attachment":[{"href":"https:\/\/geografie.ubbcluj.ro\/admitere\/index.php?rest_route=%2Fwp%2Fv2%2Fmedia&parent=2681"}],"curies":[{"name":"wp","href":"https:\/\/api.w.org\/{rel}","templated":true}]}}