{"id":2671,"date":"2022-02-03T18:44:05","date_gmt":"2022-02-03T18:44:05","guid":{"rendered":"https:\/\/geografie.ubbcluj.ro\/admitere\/?page_id=2671"},"modified":"2025-12-18T09:24:17","modified_gmt":"2025-12-18T09:24:17","slug":"alapkepzes","status":"publish","type":"page","link":"https:\/\/geografie.ubbcluj.ro\/admitere\/?page_id=2671&lang=hu","title":{"rendered":"Alapk\u00e9pz\u00e9s"},"content":{"rendered":"<div class=\"wpb-content-wrapper\"><p>[vc_row css=&#8221;.vc_custom_1614929896547{background-image: url(https:\/\/geografie.ubbcluj.ro\/admitere\/\/wp-content\/uploads\/2021\/03\/sssssssss-scaled.jpg?id=1055) !important;}&#8221;][vc_column width=&#8221;1\/2&#8243; css=&#8221;.vc_custom_1614929842392{background-image: url(https:\/\/geografie.ubbcluj.ro\/admitere\/\/wp-content\/uploads\/2021\/03\/sssssssss-scaled.jpg?id=1055) !important;}&#8221;][vc_cta h2=&#8221;Esem\u00e9nynapt\u00e1r&#8221; h2_font_container=&#8221;color:%23000000&#8243; h2_google_fonts=&#8221;font_family:Alegreya%20Sans%3A100%2C100italic%2C300%2C300italic%2Cregular%2Citalic%2C500%2C500italic%2C700%2C700italic%2C800%2C800italic%2C900%2C900italic|font_style:800%20bold%20regular%3A800%3Anormal&#8221; txt_align=&#8221;center&#8221; color=&#8221;purple&#8221; css_animation=&#8221;none&#8221; css=&#8221;.vc_custom_1657107018334{background-color: #33d6ff !important;}&#8221; use_custom_fonts_h2=&#8221;true&#8221; h2_link=&#8221;url:https%3A%2F%2Fgeografie.ubbcluj.ro%2Fadmitere%2F%3Fpage_id%3D2793%26lang%3Dhu|title:Regulament&#8221;]<a href=\"https:\/\/geografie.ubbcluj.ro\/admitere\/?page_id=2793&amp;lang=hu\" target=\"_blank\" rel=\"noopener\"><img loading=\"lazy\" decoding=\"async\" class=\"aligncenter wp-image-1656 size-full\" src=\"https:\/\/geografie.ubbcluj.ro\/admitere\/wp-content\/uploads\/2021\/03\/date.png\" alt=\"\" width=\"128\" height=\"128\" \/><\/a>[\/vc_cta][\/vc_column][vc_column width=&#8221;1\/2&#8243;][vc_cta h2=&#8221;Beiskol\u00e1z\u00e1si sz\u00e1mok&#8221; h2_font_container=&#8221;tag:h2|text_align:center|color:%23000000&#8243; h2_google_fonts=&#8221;font_family:Alegreya%20Sans%3A100%2C100italic%2C300%2C300italic%2Cregular%2Citalic%2C500%2C500italic%2C700%2C700italic%2C800%2C800italic%2C900%2C900italic|font_style:800%20bold%20regular%3A800%3Anormal&#8221; txt_align=&#8221;center&#8221; color=&#8221;purple&#8221; css_animation=&#8221;none&#8221; css=&#8221;.vc_custom_1766049894874{background-color: #33d6ff !important;}&#8221; use_custom_fonts_h2=&#8221;true&#8221; h2_link=&#8221;title:Nr%20locuri|target:_blank&#8221;]<img loading=\"lazy\" decoding=\"async\" class=\"aligncenter wp-image-1665 size-full\" src=\"https:\/\/geografie.ubbcluj.ro\/admitere\/wp-content\/uploads\/2021\/03\/Community-Help.png\" alt=\"\" width=\"128\" height=\"128\" \/>[\/vc_cta][\/vc_column][\/vc_row][vc_row][vc_column css=&#8221;.vc_custom_1614930210335{background-image: url(https:\/\/geografie.ubbcluj.ro\/admitere\/\/wp-content\/uploads\/2021\/03\/sssssssss-scaled.jpg?id=1055) !important;}&#8221;]<div style=\"background-color:;height: 30px\" class=\"nicdark_section  \"><\/div>[\/vc_column][\/vc_row][vc_row css=&#8221;.vc_custom_1658990404311{background-image: url(https:\/\/geografie.ubbcluj.ro\/admitere\/wp-content\/uploads\/2021\/03\/sssssssss-scaled.jpg?id=1055) !important;}&#8221;][vc_column width=&#8221;1\/2&#8243;]\n\n  <!--START FOCUS-->\n  <div class=\"nd_options_section nd_options_background_size_cover  \" style=\"background-image:url(https:\/\/geografie.ubbcluj.ro\/admitere\/wp-content\/uploads\/2021\/03\/color-1229859_1920-425x300-1.jpg)\">\n                                            \n      <div class=\"nd_options_section nd_options_bg_greydark_alpha_5\">\n          \n          <div class=\"nd_options_section nd_options_text_align_center\">\n          \n            <div class=\"nd_options_section nd_options_height_100\"><\/div>\n              \n            <a rel=\"\" title=\"Jelentkez\u00e9si \u0171rlap\" target=\"_blank\" class=\"nd_options_color_white\" href=\"https:\/\/geografie.ubbcluj.ro\/admitere\/wp-content\/uploads\/2025\/12\/Fisa-de-inscriere-admitere-licenta-iulie-2026.pdf\">\n              <h1 class=\"nd_options_margin_0_important nd_options_color_white\">\n                Jelentkez\u00e9si \u0171rlap\n              <\/h1>\n            <\/a>\n            <div class=\"nd_options_section nd_options_height_20\"><\/div>\n            <h3 class=\"nd_options_margin_0_important nd_options_text_transform_uppercase nd_options_color_white\"><\/h3>\n\n            <div class=\"nd_options_section nd_options_height_100\"><\/div> \n\n          <\/div>\n\n      <\/div>\n\n  <\/div>\n  <!--END FOCUS-->\n\n   <div style=\"background-color:;height: 50px\" class=\"nicdark_section  \"><\/div>[\/vc_column][vc_column width=&#8221;1\/2&#8243;]\n\n  <!--START FOCUS-->\n  <div class=\"nd_options_section nd_options_background_size_cover  \" style=\"background-image:url(https:\/\/geografie.ubbcluj.ro\/admitere\/wp-content\/uploads\/2021\/03\/background-4875773_1920-1024x533-1.jpg)\">\n                                            \n      <div class=\"nd_options_section nd_options_bg_greydark_alpha_5\">\n          \n          <div class=\"nd_options_section nd_options_text_align_center\">\n          \n            <div class=\"nd_options_section nd_options_height_100\"><\/div>\n              \n            <a rel=\"\" title=\"Visszaigazol\u00e1si seg\u00e9dlet\" target=\"_blank\" class=\"nd_options_color_white\" href=\"https:\/\/geografie.ubbcluj.ro\/admitere\/wp-content\/uploads\/2022\/02\/Scrisoare-de-motivatie_magh.pdf\">\n              <h1 class=\"nd_options_margin_0_important nd_options_color_white\">\n                SZ\u00c1ND\u00c9KNYILATKOZAT\n              <\/h1>\n            <\/a>\n            <div class=\"nd_options_section nd_options_height_20\"><\/div>\n            <h3 class=\"nd_options_margin_0_important nd_options_text_transform_uppercase nd_options_color_white\"><\/h3>\n\n            <div class=\"nd_options_section nd_options_height_100\"><\/div> \n\n          <\/div>\n\n      <\/div>\n\n  <\/div>\n  <!--END FOCUS-->\n\n   <div style=\"background-color:;height: 50px\" class=\"nicdark_section  \"><\/div>[\/vc_column][\/vc_row][vc_row css=&#8221;.vc_custom_1614929886752{background-image: url(https:\/\/geografie.ubbcluj.ro\/admitere\/\/wp-content\/uploads\/2021\/03\/sssssssss-scaled.jpg?id=1055) !important;}&#8221;][vc_column width=&#8221;1\/2&#8243; css=&#8221;.vc_custom_1614929872653{background-image: url(https:\/\/geografie.ubbcluj.ro\/admitere\/\/wp-content\/uploads\/2021\/03\/sssssssss-scaled.jpg?id=1055) !important;}&#8221;][vc_cta h2=&#8221;Felv\u00e9teli krit\u00e9riumok&#8221; h2_font_container=&#8221;tag:h2|text_align:center|color:%23000000&#8243; h2_google_fonts=&#8221;font_family:Alegreya%20Sans%3A100%2C100italic%2C300%2C300italic%2Cregular%2Citalic%2C500%2C500italic%2C700%2C700italic%2C800%2C800italic%2C900%2C900italic|font_style:800%20bold%20regular%3A800%3Anormal&#8221; txt_align=&#8221;center&#8221; color=&#8221;purple&#8221; css_animation=&#8221;none&#8221; css=&#8221;.vc_custom_1721289531274{background-color: #33d6ff !important;}&#8221; use_custom_fonts_h2=&#8221;true&#8221; h2_link=&#8221;url:https%3A%2F%2Fgeografie.ubbcluj.ro%2Fadmitere%2F%3Fpage_id%3D2681%26lang%3Dhu|title:Regulament&#8221;]<a href=\"https:\/\/geografie.ubbcluj.ro\/admitere\/?page_id=2681&amp;lang=hu\" target=\"_blank\" rel=\"noopener\"><img loading=\"lazy\" decoding=\"async\" class=\"wp-image-1660 size-full aligncenter\" src=\"https:\/\/geografie.ubbcluj.ro\/admitere\/wp-content\/uploads\/2021\/03\/Administrative-Tool.png\" alt=\"\" width=\"128\" height=\"128\" \/><\/a>[\/vc_cta][\/vc_column][vc_column width=&#8221;1\/2&#8243; css=&#8221;.vc_custom_1614929866169{background-image: url(https:\/\/geografie.ubbcluj.ro\/admitere\/\/wp-content\/uploads\/2021\/03\/sssssssss-scaled.jpg?id=1055) !important;}&#8221;][vc_cta h2=&#8221;El\u0151\u00edr\u00e1sok&#8221; h2_font_container=&#8221;tag:h2|text_align:center|color:%23000000&#8243; h2_google_fonts=&#8221;font_family:Alegreya%20Sans%3A100%2C100italic%2C300%2C300italic%2Cregular%2Citalic%2C500%2C500italic%2C700%2C700italic%2C800%2C800italic%2C900%2C900italic|font_style:800%20bold%20regular%3A800%3Anormal&#8221; txt_align=&#8221;center&#8221; color=&#8221;purple&#8221; css_animation=&#8221;none&#8221; css=&#8221;.vc_custom_1765880577039{background-color: #33d6ff !important;}&#8221; use_custom_fonts_h2=&#8221;true&#8221; h2_link=&#8221;url:https%3A%2F%2Fgeografie.ubbcluj.ro%2Fadmitere%2F|title:Regulament|target:_blank&#8221;]<a href=\"https:\/\/geografie.ubbcluj.ro\/admitere\/\"><img loading=\"lazy\" decoding=\"async\" class=\"aligncenter wp-image-1647 size-full\" src=\"https:\/\/geografie.ubbcluj.ro\/admitere\/wp-content\/uploads\/2021\/03\/up_symbol.png\" alt=\"\" width=\"128\" height=\"128\" \/><\/a>[\/vc_cta][\/vc_column][\/vc_row][vc_row css=&#8221;.vc_custom_1686205251146{background-image: url(https:\/\/geografie.ubbcluj.ro\/admitere\/wp-content\/uploads\/2021\/03\/sssssssss-scaled.jpg?id=2832) !important;}&#8221;][vc_column]<div style=\"background-color:;height: 50px\" class=\"nicdark_section  \"><\/div>[vc_video link=&#8221;https:\/\/www.youtube.com\/watch?v=VvHkVcRRlMo&amp;list=PL4lYNY1rryUmCF3_Wg7u5Z922Gi0WgWqK&#8221;]<div style=\"background-color:;height: 50px\" class=\"nicdark_section  \"><\/div>[\/vc_column][\/vc_row]<\/p>\n<\/div>","protected":false},"excerpt":{"rendered":"<p>[vc_row css=&#8221;.vc_custom_1614929896547{background-image: url(https:\/\/geografie.ubbcluj.ro\/admitere\/\/wp-content\/uploads\/2021\/03\/sssssssss-scaled.jpg?id=1055) !important;}&#8221;][vc_column width=&#8221;1\/2&#8243; css=&#8221;.vc_custom_1614929842392{background-image: url(https:\/\/geografie.ubbcluj.ro\/admitere\/\/wp-content\/uploads\/2021\/03\/sssssssss-scaled.jpg?id=1055) !important;}&#8221;][vc_cta h2=&#8221;Esem\u00e9nynapt\u00e1r&#8221; h2_font_container=&#8221;color:%23000000&#8243; h2_google_fonts=&#8221;font_family:Alegreya%20Sans%3A100%2C100italic%2C300%2C300italic%2Cregular%2Citalic%2C500%2C500italic%2C700%2C700italic%2C800%2C800italic%2C900%2C900italic|font_style:800%20bold%20regular%3A800%3Anormal&#8221; txt_align=&#8221;center&#8221; color=&#8221;purple&#8221; css_animation=&#8221;none&#8221; css=&#8221;.vc_custom_1657107018334{background-color: #33d6ff !important;}&#8221; use_custom_fonts_h2=&#8221;true&#8221; h2_link=&#8221;url:https%3A%2F%2Fgeografie.ubbcluj.ro%2Fadmitere%2F%3Fpage_id%3D2793%26lang%3Dhu|title:Regulament&#8221;][\/vc_cta][\/vc_column][vc_column width=&#8221;1\/2&#8243;][vc_cta h2=&#8221;Beiskol\u00e1z\u00e1si sz\u00e1mok&#8221; h2_font_container=&#8221;tag:h2|text_align:center|color:%23000000&#8243; h2_google_fonts=&#8221;font_family:Alegreya%20Sans%3A100%2C100italic%2C300%2C300italic%2Cregular%2Citalic%2C500%2C500italic%2C700%2C700italic%2C800%2C800italic%2C900%2C900italic|font_style:800%20bold%20regular%3A800%3Anormal&#8221; txt_align=&#8221;center&#8221; color=&#8221;purple&#8221; css_animation=&#8221;none&#8221; css=&#8221;.vc_custom_1766049894874{background-color: #33d6ff !important;}&#8221; use_custom_fonts_h2=&#8221;true&#8221; h2_link=&#8221;title:Nr%20locuri|target:_blank&#8221;][\/vc_cta][\/vc_column][\/vc_row][vc_row][vc_column css=&#8221;.vc_custom_1614930210335{background-image: url(https:\/\/geografie.ubbcluj.ro\/admitere\/\/wp-content\/uploads\/2021\/03\/sssssssss-scaled.jpg?id=1055) !important;}&#8221;][\/vc_column][\/vc_row][vc_row css=&#8221;.vc_custom_1658990404311{background-image: url(https:\/\/geografie.ubbcluj.ro\/admitere\/wp-content\/uploads\/2021\/03\/sssssssss-scaled.jpg?id=1055) !important;}&#8221;][vc_column width=&#8221;1\/2&#8243;][\/vc_column][vc_column width=&#8221;1\/2&#8243;][\/vc_column][\/vc_row][vc_row css=&#8221;.vc_custom_1614929886752{background-image: url(https:\/\/geografie.ubbcluj.ro\/admitere\/\/wp-content\/uploads\/2021\/03\/sssssssss-scaled.jpg?id=1055) !important;}&#8221;][vc_column width=&#8221;1\/2&#8243; css=&#8221;.vc_custom_1614929872653{background-image: url(https:\/\/geografie.ubbcluj.ro\/admitere\/\/wp-content\/uploads\/2021\/03\/sssssssss-scaled.jpg?id=1055) !important;}&#8221;][vc_cta h2=&#8221;Felv\u00e9teli krit\u00e9riumok&#8221; h2_font_container=&#8221;tag:h2|text_align:center|color:%23000000&#8243; h2_google_fonts=&#8221;font_family:Alegreya%20Sans%3A100%2C100italic%2C300%2C300italic%2Cregular%2Citalic%2C500%2C500italic%2C700%2C700italic%2C800%2C800italic%2C900%2C900italic|font_style:800%20bold%20regular%3A800%3Anormal&#8221; txt_align=&#8221;center&#8221; color=&#8221;purple&#8221; css_animation=&#8221;none&#8221; css=&#8221;.vc_custom_1721289531274{background-color: [&hellip;]<\/p>\n","protected":false},"author":3,"featured_media":0,"parent":0,"menu_order":0,"comment_status":"closed","ping_status":"closed","template":"","meta":{"footnotes":""},"class_list":["post-2671","page","type-page","status-publish","hentry"],"_links":{"self":[{"href":"https:\/\/geografie.ubbcluj.ro\/admitere\/index.php?rest_route=\/wp\/v2\/pages\/2671","targetHints":{"allow":["GET"]}}],"collection":[{"href":"https:\/\/geografie.ubbcluj.ro\/admitere\/index.php?rest_route=\/wp\/v2\/pages"}],"about":[{"href":"https:\/\/geografie.ubbcluj.ro\/admitere\/index.php?rest_route=\/wp\/v2\/types\/page"}],"author":[{"embeddable":true,"href":"https:\/\/geografie.ubbcluj.ro\/admitere\/index.php?rest_route=\/wp\/v2\/users\/3"}],"replies":[{"embeddable":true,"href":"https:\/\/geografie.ubbcluj.ro\/admitere\/index.php?rest_route=%2Fwp%2Fv2%2Fcomments&post=2671"}],"version-history":[{"count":115,"href":"https:\/\/geografie.ubbcluj.ro\/admitere\/index.php?rest_route=\/wp\/v2\/pages\/2671\/revisions"}],"predecessor-version":[{"id":4496,"href":"https:\/\/geografie.ubbcluj.ro\/admitere\/index.php?rest_route=\/wp\/v2\/pages\/2671\/revisions\/4496"}],"wp:attachment":[{"href":"https:\/\/geografie.ubbcluj.ro\/admitere\/index.php?rest_route=%2Fwp%2Fv2%2Fmedia&parent=2671"}],"curies":[{"name":"wp","href":"https:\/\/api.w.org\/{rel}","templated":true}]}}