{"id":2157,"date":"2021-07-12T19:42:40","date_gmt":"2021-07-12T19:42:40","guid":{"rendered":"http:\/\/geografie.ubbcluj.ro\/admitere\/?page_id=2157"},"modified":"2025-09-09T10:24:48","modified_gmt":"2025-09-09T10:24:48","slug":"confirmarea-locului-nivel-master","status":"publish","type":"page","link":"https:\/\/geografie.ubbcluj.ro\/admitere\/?page_id=2157","title":{"rendered":"Confirmarea locului nivel Master"},"content":{"rendered":"<div class=\"wpb-content-wrapper\"><p>[vc_row][vc_column width=&#8221;2\/3&#8243;][vc_empty_space][vc_column_text css=&#8221;&#8221;]<\/p>\n<h2 class=\"vc_custom_heading\" style=\"text-align: center;\"><span style=\"font-size: 12pt; color: #000000;\">Confirmarea locului presupune &#8211; <strong>completarea contractelor <span style=\"color: #ff0000;\">on line<\/span><\/strong> \u0219i<br \/>\n<strong><span style=\"color: #0000ff;\">depunerea dosarului cu actele in original la sediul Facult\u0103\u021bii de Geografie<\/span><\/strong> \u00een zilele:<\/span><\/h2>\n<p style=\"text-align: center;\"><span style=\"color: #ff0000;\"><strong>Miercuri 10 septembrie 2025 \u2013 orele 9-16<\/strong><\/span><br \/>\n<span style=\"color: #ff0000;\"><strong>Joi 11 septembrie 2025\u00a0 \u2013 <\/strong><\/span><span style=\"color: #ff0000;\"><strong><span style=\"color: #0000ff;\">orele 9-14<\/span><\/strong><\/span><\/p>\n<hr \/>\n<p>Confirmarea locului presupune urm\u0103torii pa\u0219i:<\/p>\n<p><strong><a class=\"maxbutton-8 maxbutton maxbutton-tutorial\" target=\"_blank\" title=\"Inregistrare\" rel=\"noopener\" href=\"https:\/\/admitere.ubbcluj.ro\/\"><span class='mb-text'>PASUL 1.<\/span><\/a> <\/strong><\/p>\n<p>&nbsp;<\/p>\n<p><strong>Completarea \u0219i depunerea online<\/strong><strong>, <span style=\"color: #ff0000;\">de ACAS\u0102<\/span><\/strong>, <span style=\"color: #000000;\">pe <a style=\"color: #000000;\" href=\"https:\/\/admitere.ubbcluj.ro\/\" target=\"_blank\" rel=\"noopener\"><strong><span style=\"color: #0000ff;\">Platforma admiterii<\/span><\/strong><\/a> a<strong><span style=\"color: #000000;\"> Contractul<\/span>ui de studii<\/strong> completat \u0219i semnat, iar pentru cei admi\u0219i la tax\u0103 \u0219i achitarea primei rate (25% din 3500 lei) din taxa de \u0219colarizare, respectiv 875 lei (online pe platform\u0103).<\/span><\/p>\n<p style=\"text-align: center;\"><span style=\"color: #000000;\"><b><span lang=\"RO\"><span style=\"color: #ff0000;\">IMPORTANT<\/span>!\u00a0 <\/span><\/b>SEMNA\u021aI <span style=\"color: #ff0000;\"><b>DIGITAL <\/b><\/span>\u00een platforma online<\/span><\/p>\n<p style=\"text-align: center;\"><span style=\"color: #000000;\">Da\u021bi <b>click <\/b>pe op\u021biunea<\/span><\/p>\n<p style=\"text-align: center;\"><span style=\"color: #000000;\"><b>&#8220;<span style=\"color: #0000ff;\">Folosesc aceast\u0103 semn\u0103tur\u0103 pentru cerere<\/span>&#8220;<\/b><\/span><\/p>\n<p style=\"text-align: center;\"><span style=\"color: #000000;\"><b>CONTRACTUL SE VA GENERA AUTOMAT<\/b><\/span><\/p>\n<p style=\"text-align: center;\"><span style=\"color: #000000;\"><b>Desc\u0103rca\u021bi \u0219i printa\u021bi <\/b>contractul de studii<span lang=\"RO\"> \u00een dou\u0103 exemplare.<\/span><\/span><\/p>\n<hr \/>\n<p><span style=\"color: #000000;\"><a class=\"maxbutton-8 maxbutton maxbutton-tutorial\" target=\"_blank\" title=\"Inregistrare\" rel=\"noopener\" href=\"https:\/\/www.google.com\/maps\/place\/Faculty+of+Geography\/@46.764483,23.579519,16z\/data=!4m5!3m4!1s0x0:0xde67aaab3485354e!8m2!3d46.7644825!4d23.5795194?hl=en\"><span class='mb-text'>PASUL 2.<\/span><\/a><\/span><\/p>\n<p style=\"text-align: center;\"><span style=\"color: #000000;\">Depunerea dosarului cu actele \u00een original la sediul Facult\u0103\u021bii de Geografie. Depunerea dosarului se face personal sau cu \u00eemputernicire.<\/span><\/p>\n<p style=\"text-align: center;\"><span style=\"color: #000000;\"><strong><span dir=\"ltr\">Fiecare candidat are nevoie de un dosar plic pe care se trece:<br \/>\n<\/span><\/strong><\/span><span style=\"color: #000000;\"><strong><span dir=\"ltr\">la mijlocul dosarului numele \u0219i prenumele candidatului,<br \/>\niar \u00een st\u00e2nga sus specializarea la care a fost admis.<\/span><\/strong><\/span><\/p>\n<hr \/>\n<p><span dir=\"ltr\">Candida\u021bii admi\u0219i vor depune un dosar plic cu urm\u0103toarele acte: <\/span><\/p>\n<ol>\n<li style=\"list-style-type: none;\">\n<ol>\n<li><span dir=\"ltr\"><span style=\"color: #000000;\"><span style=\"color: #0000ff;\"><strong>contractul de studii universitare<\/strong><\/span> \u00een <strong>2<\/strong> exemplare (<strong>PASUL 1<\/strong>);<\/span> <\/span><\/li>\n<li><span style=\"color: #000000;\"><span dir=\"ltr\"><span style=\"color: #0000ff;\"><strong>diploma de bacalaureat <\/strong><span id=\"page53R_mcid3\" class=\"markedContent\" style=\"color: #000000;\">(\u00een original)<\/span><\/span>\u00a0<\/span><span dir=\"ltr\"> \u0219i <span style=\"color: #0000ff;\"><strong>foaia <\/strong><\/span><\/span><span style=\"color: #0000ff;\"><strong><span dir=\"ltr\">matricol\u0103 <\/span><\/strong><span dir=\"ltr\"><span id=\"page53R_mcid3\" class=\"markedContent\" style=\"color: #000000;\">(\u00een original)<\/span><\/span><\/span><span dir=\"ltr\">; <\/span><\/span><\/li>\n<li><span id=\"page53R_mcid3\" class=\"markedContent\"><span dir=\"ltr\"><span style=\"color: #0000ff;\"><strong>atestat \/ diploma de licen\u021b\u0103 <\/strong><span style=\"color: #000000;\">(\u00een original)<\/span><strong> \u0219i suplimentul la diploma de licen\u021b\u0103<\/strong> <\/span>(\u00een original);<\/span><\/span><\/li>\n<li><span id=\"page53R_mcid4\" class=\"markedContent\"><span dir=\"ltr\"><span style=\"color: #0000ff;\"><strong>atestat\/certificat de competen\u021b\u0103 lingvistic\u0103<\/strong><\/span> (copie simpl\u0103);<\/span><\/span><\/li>\n<li><span style=\"color: #000000;\"><span dir=\"ltr\"><strong><span style=\"color: #0000ff;\">carte de identitate<\/span><\/strong>, \u00een copie simpl\u0103; <\/span><\/span><\/li>\n<li><span style=\"color: #000000;\"><span dir=\"ltr\"><strong><span style=\"color: #0000ff;\">certificatul de na\u015ftere<\/span><\/strong> \u00een original \u0219i copie simpl\u0103; <\/span><\/span><\/li>\n<li><span style=\"color: #000000;\"><span dir=\"ltr\"><strong><span style=\"color: #0000ff;\">adeverin\u0163\u0103 medical\u0103 tip<\/span><\/strong> (\u00een original); <\/span><\/span><\/li>\n<li><span style=\"color: #000000;\"><span dir=\"ltr\"><strong><span style=\"color: #0000ff;\">dou\u0103 fotografii tip<\/span><\/strong> 3 cm\/4 cm.<\/span><\/span><\/li>\n<\/ol>\n<\/li>\n<\/ol>\n<ol>\n<li style=\"list-style-type: none;\"><\/li>\n<\/ol>\n<hr \/>\n<p style=\"text-align: center;\"><span style=\"color: #ff0000;\"><strong><span dir=\"ltr\">Nedepunerea documentelor originale sau constatarea unor neconco<\/span><span dir=\"ltr\">rdan\u0163e \u00eentre actele <\/span><span dir=\"ltr\">originale \u015fi cele \u00eenc\u0103rcate online duce la pierderea locului do<\/span><\/strong><span dir=\"ltr\"><strong>b\u00e2ndit prin concurs.<\/strong><\/span><\/span><\/p>\n<hr \/>\n<div class=\"canvasWrapper\" style=\"padding-left: 40px;\"><\/div>\n<p style=\"padding-left: 40px;\"><span style=\"color: #000000;\"><span dir=\"ltr\">Candida\u021bii declara\u0163i reu\u015fi\u0163i la specializ\u0103rile unde nu s-a comp<\/span><span dir=\"ltr\">letat num\u0103rul de locuri pentru <\/span><span dir=\"ltr\">alc\u0103tuirea unei forma\u021biuni de studiu, vor fi redistribui\u0163i, pe <\/span><span dir=\"ltr\">baza complet\u0103rii cererii de <\/span><span dir=\"ltr\">redistribuire, la alt\u0103 specializare. <\/span><\/span><\/p>\n<p style=\"padding-left: 40px;\"><span style=\"color: #000000;\"><span dir=\"ltr\">Afi\u0219area listei finale se<\/span><span dir=\"ltr\">siunea septembrie va fi \u00een <\/span><span dir=\"ltr\"><span style=\"color: #0000ff;\"><strong>15 septembrie 2025<\/strong>.<\/span> <\/span><\/span><\/p>\n<p style=\"padding-left: 40px;\"><span style=\"color: #000000;\"><span dir=\"ltr\">Contesta\u0163iile vor fi depuse onlin<\/span><span dir=\"ltr\">e la adresa de e-mail: admit.g<\/span><span dir=\"ltr\">eografie@ubbcluj.ro \u00een <\/span><span dir=\"ltr\">termen de 48 de ore de la data afi\u015f\u0103rii rezultatelor, urm\u00e2nd a <\/span><span dir=\"ltr\">fi solu\u0163ionate de comisia de <\/span><span dir=\"ltr\">contesta\u021bie pe facultate.<\/span><\/span><\/p>\n<p style=\"padding-left: 40px;\"><span style=\"color: #000000;\"><span dir=\"ltr\"> Comunicarea rezultatelor la contesta\u021b<\/span><span dir=\"ltr\">ii se va afi\u015fa pe site-ul facult\u0103\u021bii \u00een <\/span><span dir=\"ltr\">termen de 24 de ore.<\/span><\/span><\/p>\n<p>[\/vc_column_text][\/vc_column][vc_column width=&#8221;1\/3&#8243;][vc_images_carousel images=&#8221;1238,1237,1235,1236,1234,1232,1201,1228,1231&#8243; img_size=&#8221;400&#215;900&#8243; onclick=&#8221;link_no&#8221; speed=&#8221;3000&#8243; autoplay=&#8221;yes&#8221;][\/vc_column][vc_column][\/vc_column][\/vc_row]<\/p>\n<\/div>","protected":false},"excerpt":{"rendered":"<p>[vc_row][vc_column width=&#8221;2\/3&#8243;][vc_empty_space][vc_column_text css=&#8221;&#8221;] Confirmarea locului presupune &#8211; completarea contractelor on line \u0219i depunerea dosarului cu actele in original la sediul Facult\u0103\u021bii de Geografie \u00een zilele: Miercuri 10 septembrie 2025 \u2013 orele 9-16 Joi 11 septembrie 2025\u00a0 \u2013 orele 9-14 Confirmarea locului presupune urm\u0103torii pa\u0219i: &nbsp; Completarea \u0219i depunerea online, de ACAS\u0102, pe Platforma admiterii a [&hellip;]<\/p>\n","protected":false},"author":3,"featured_media":0,"parent":0,"menu_order":0,"comment_status":"closed","ping_status":"closed","template":"","meta":{"footnotes":""},"class_list":["post-2157","page","type-page","status-publish","hentry"],"_links":{"self":[{"href":"https:\/\/geografie.ubbcluj.ro\/admitere\/index.php?rest_route=\/wp\/v2\/pages\/2157","targetHints":{"allow":["GET"]}}],"collection":[{"href":"https:\/\/geografie.ubbcluj.ro\/admitere\/index.php?rest_route=\/wp\/v2\/pages"}],"about":[{"href":"https:\/\/geografie.ubbcluj.ro\/admitere\/index.php?rest_route=\/wp\/v2\/types\/page"}],"author":[{"embeddable":true,"href":"https:\/\/geografie.ubbcluj.ro\/admitere\/index.php?rest_route=\/wp\/v2\/users\/3"}],"replies":[{"embeddable":true,"href":"https:\/\/geografie.ubbcluj.ro\/admitere\/index.php?rest_route=%2Fwp%2Fv2%2Fcomments&post=2157"}],"version-history":[{"count":39,"href":"https:\/\/geografie.ubbcluj.ro\/admitere\/index.php?rest_route=\/wp\/v2\/pages\/2157\/revisions"}],"predecessor-version":[{"id":4456,"href":"https:\/\/geografie.ubbcluj.ro\/admitere\/index.php?rest_route=\/wp\/v2\/pages\/2157\/revisions\/4456"}],"wp:attachment":[{"href":"https:\/\/geografie.ubbcluj.ro\/admitere\/index.php?rest_route=%2Fwp%2Fv2%2Fmedia&parent=2157"}],"curies":[{"name":"wp","href":"https:\/\/api.w.org\/{rel}","templated":true}]}}