{"id":2116,"date":"2021-07-12T18:55:40","date_gmt":"2021-07-12T18:55:40","guid":{"rendered":"http:\/\/geografie.ubbcluj.ro\/admitere\/?page_id=2116"},"modified":"2025-09-09T09:59:38","modified_gmt":"2025-09-09T09:59:38","slug":"confirmarea-locului-nivel-licenta","status":"publish","type":"page","link":"https:\/\/geografie.ubbcluj.ro\/admitere\/?page_id=2116","title":{"rendered":"Confirmarea locului nivel licen\u021b\u0103"},"content":{"rendered":"<div class=\"wpb-content-wrapper\"><p>[vc_row][vc_column width=&#8221;2\/3&#8243;][vc_empty_space][vc_column_text css=&#8221;&#8221;]<\/p>\n<div class=\"gmail_attr\" dir=\"ltr\"><span style=\"color: #000000; font-size: 12pt;\">Confirmarea locului presupune <span style=\"color: #0000ff;\"><b>depunerea dosarului cu actele in original <\/b> <b>la sediul Facult\u0103\u021bii de Geografie<\/b><\/span> de c\u0103tre candida\u021bii admi\u0219i fie la buget, fie la tax\u0103 dup\u0103 afi\u0219area rezultatelor.<\/span><\/div>\n<div class=\"gmail_attr\" dir=\"ltr\"><span style=\"color: #000000; font-size: 12pt;\">Depunerea dosarului se face<span style=\"color: #0000ff;\"><b> personal <\/b><\/span>sau cu \u00eemputernicire, \u00een zilele:<\/span><\/div>\n<div dir=\"ltr\">\n<div class=\"gmail_quote\">\n<div dir=\"ltr\">\n<div dir=\"ltr\">\n<p style=\"text-align: center;\"><span style=\"color: #0000ff;\"><strong><span style=\"color: #ff0000;\">10 septembrie 2025<\/span> \u2013 orele 9-16<\/strong><\/span><\/p>\n<p style=\"text-align: center;\"><strong><span style=\"color: #ff0000;\">11 septembrie 2025<\/span> \u2013 <span style=\"color: #0000ff;\">orele 9-14<\/span><\/strong><\/p>\n<p style=\"text-align: center;\"><b><\/b><span style=\"color: #000000; font-size: 12pt;\"><b>Fiecare candidat are nevoie de un dosar plic pe care se trece: la mijlocul dosarului numele \u0219i prenumele candidatului, iar \u00een st\u00e2nga\u00a0sus specializarea\u00a0la care a fost admis.<\/b><\/span><\/p>\n<p><span style=\"color: #000000; font-size: 12pt;\"><b>Dosarul plic\u00a0 <\/b>va con\u021bine, \u00een ordine, urm\u0103toarele acte:<\/span><\/p>\n<\/div>\n<\/div>\n<\/div>\n<\/div>\n<ol>\n<li style=\"list-style-type: none;\">\n<ol>\n<li><span style=\"color: #000000; font-size: 12pt;\"><span style=\"color: #0000ff;\"><b>Contractul de studii<\/b> <\/span>universitare \u00een 2 exemplare <span style=\"color: #ff0000;\"><b>listat <\/b><\/span>(Contractul se g\u0103se\u0219te online pe <a style=\"color: #000000;\" href=\"https:\/\/admitere.ubbcluj.ro\/\" target=\"_blank\" rel=\"noopener\" data-saferedirecturl=\"https:\/\/www.google.com\/url?q=https:\/\/admitere.ubbcluj.ro\/&amp;source=gmail&amp;ust=1690016951125000&amp;usg=AOvVaw3TnXA_hfKhJcXBv7zvsCXR\">Platforma admiterii 2025<\/a>.<br \/>\n<b><span lang=\"RO\">IMPORTANT!<br \/>\n<\/span><\/b>SEMNA\u021aI <b><span style=\"color: #ff0000;\">DIGITAL<\/span> <\/b>Contractul \u00een platforma online,<\/span><br \/>\n<span style=\"color: #000000; font-size: 12pt;\">Da\u021bi <b>click <\/b>pe op\u021biunea <b>&#8220;Folosesc aceast\u0103 semn\u0103tur\u0103 pentru\u00a0\u00a0\u00a0 cerere&#8221;\u00a0 <\/b><b>Contractul se va genera automat.<br \/>\n<\/b><b>Desc\u0103rca\u021bi \u0219i printa\u021bi <\/b>Contractul de studii <span lang=\"RO\">\u00een dou\u0103 exemplare) <\/span> <b><br \/>\n<span style=\"color: #ff0000;\">ATEN\u021aIE<\/span><\/b>!!! candida\u021bii admi\u0219i la tax\u0103 trebuie s\u0103 achite prima rat\u0103 (25% din 3500 lei) din taxa de \u0219colarizare, respectiv 875 lei online, tot pe Platforma admiterii.<\/span><\/li>\n<li><span style=\"color: #000000;\"><span dir=\"ltr\"><span style=\"color: #0000ff;\"><strong>diploma de bacalaureat<\/strong><\/span>\u00a0 <span style=\"color: #0000ff;\"><strong>\u0219i foaia matri<\/strong><\/span><\/span><span dir=\"ltr\"><span style=\"color: #0000ff;\"><strong>col\u0103<\/strong><\/span> <strong><span style=\"color: #0000ff;\">de liceu<\/span><\/strong>, ambele \u00een <\/span><span dir=\"ltr\">original; cei ce au deja calitat<\/span><span dir=\"ltr\">ea de student vor depune diplom<\/span><span dir=\"ltr\">a de bacalaureat \u0219i<span style=\"color: #000000;\"> foaia <\/span><\/span><span dir=\"ltr\"><span style=\"color: #000000;\">matricol\u0103 d<\/span>e liceu \u00een copii certificate \u201econform cu originalul\u201d<\/span><span dir=\"ltr\"> \u00een baza documentelor <\/span><span dir=\"ltr\">originale prezentate de student sau \u00een copii legalizate, \u00eenso\u021bi<\/span><span dir=\"ltr\">te de o adeverin\u021b\u0103 (\u00een <\/span><span dir=\"ltr\">original) din care s\u0103 rezulte calitatea de student \u0219i faptul c\u0103<\/span><span dir=\"ltr\"> originalul diplomei se afl\u0103 <\/span><span dir=\"ltr\">la prima facultate; <\/span><\/span><\/li>\n<li><span style=\"color: #000000;\"><span dir=\"ltr\"><strong><span style=\"color: #0000ff;\">carte de identitate<\/span><\/strong>, \u00een copie simpl\u0103; <\/span><\/span><\/li>\n<li><strong><span style=\"color: #0000ff;\">pa\u0219aport<\/span> <span style=\"color: #0000ff;\">pentru cet\u0103\u021benii str\u0103ini<\/span><\/strong>, \u00een copie simpl\u0103;<\/li>\n<li><span style=\"color: #000000;\"><span dir=\"ltr\"><strong><span style=\"color: #0000ff;\">certificatul de na\u015ftere<\/span><\/strong> \u00een original \u0219i copie simpl\u0103; <\/span><\/span><\/li>\n<li><span style=\"color: #000000;\"><span dir=\"ltr\"><strong><span style=\"color: #0000ff;\">adeverin\u0163\u0103 medical\u0103 tip<\/span><\/strong> (\u00een original); <\/span><\/span><\/li>\n<li><span style=\"color: #000000;\"><span dir=\"ltr\"><strong><span style=\"color: #0000ff;\">dou\u0103 fotografii tip<\/span><\/strong> 3 cm\/4 cm;<\/span><\/span><\/li>\n<li><span style=\"color: #000000;\"><span style=\"color: #000000;\"><span dir=\"ltr\"><span style=\"color: #000000;\"><strong>diploma \u00een original<\/strong><\/span> pentru candida\u0163ii cu distinc\u021bii la olimpiad<\/span><span dir=\"ltr\">ele \u0219i concursurile <\/span><span dir=\"ltr\">\u0219colare na\u0163ionale sau interna\u0163ionale de <\/span><span dir=\"ltr\">geografie<\/span><span dir=\"ltr\">.<\/span><\/span><\/span><\/li>\n<\/ol>\n<\/li>\n<\/ol>\n<hr \/>\n<p style=\"text-align: center;\"><span style=\"color: #ff0000;\"><strong><span dir=\"ltr\">Ne-depunerea documentelor originale sau constatarea unor neconcordante<\/span><span dir=\"ltr\"> \u00eentre actele <\/span><span dir=\"ltr\">originale \u015fi cele \u00eenc\u0103rcate online duce la pierderea locului do<\/span><\/strong><span dir=\"ltr\"><strong>b\u00e2ndit prin concurs.<\/strong><\/span><\/span><\/p>\n<hr \/>\n<div class=\"canvasWrapper\" style=\"padding-left: 40px;\"><\/div>\n<p style=\"padding-left: 40px;\"><span style=\"color: #000000;\"><span dir=\"ltr\">Candida\u021bii admi\u0219i \u0219i confirma\u021bi pe locurile cu tax\u0103 vor partici<\/span><span dir=\"ltr\">pa automat la redistribuire pe <\/span><span dir=\"ltr\">locurile bugetate neocupate doar la specializarea unde \u015fi-au co<\/span><span dir=\"ltr\">nfirmat locul <strong>(doar dac\u0103 au optat <\/strong><\/span><span dir=\"ltr\"><strong>pe fi\u015fa de \u00eenscriere \u0219i pentru loc bugetat<\/strong>).<\/span><\/span><\/p>\n<p style=\"padding-left: 40px;\"><span style=\"color: #000000;\"><span dir=\"ltr\">Candida\u021bii afla\u0163i pe lista de a\u015fteptare vor participa la redist<\/span><span dir=\"ltr\">ribuire, pe locurile r\u0103mase libere, <\/span><span dir=\"ltr\">conform op\u021biunilor de pe fi\u0219a de \u00eenscriere. <\/span><span dir=\"ltr\">\u00cen urma redistribuirii candida\u021bilor rezultatele intermediare, v<\/span><span dir=\"ltr\">or fi afi\u0219ate \u00een data de <\/span><span style=\"color: #ff0000;\"><strong>11 septembrie 2025<\/strong><span dir=\"ltr\">. <\/span><\/span><\/span><\/p>\n<p style=\"padding-left: 40px;\"><span style=\"color: #000000;\"><span dir=\"ltr\">Confirmarea locului pentru ace\u0219ti candida\u021bi va avea loc \u00een data<\/span><span dir=\"ltr\"> de <\/span>\u00a0\u00a0<span style=\"color: #ff0000;\"><strong>12 septembrie 2025<\/strong><\/span><span dir=\"ltr\">. <\/span><\/span><\/p>\n<p style=\"padding-left: 40px;\"><span style=\"color: #000000;\"><span dir=\"ltr\">Candida\u021bii declara\u0163i reu\u015fi\u0163i la specializ\u0103rile unde nu s-a comp<\/span><span dir=\"ltr\">letat num\u0103rul de locuri pentru <\/span><span dir=\"ltr\">alc\u0103tuirea unei forma\u021biuni de studiu, vor fi redistribui\u0163i, pe <\/span><span dir=\"ltr\">baza complet\u0103rii cererii de <\/span><span dir=\"ltr\">redistribuire, la alt\u0103 specializare. <\/span><\/span><\/p>\n<p style=\"padding-left: 40px;\"><span style=\"color: #000000;\"><span dir=\"ltr\">Afi\u0219area listei finale se<\/span><span dir=\"ltr\">siunea septembrie va fi \u00een <\/span><span dir=\"ltr\"><span style=\"color: #0000ff;\"><strong>15 septembrie 2025<\/strong><\/span>. <\/span><\/span><\/p>\n<p style=\"padding-left: 40px;\"><span style=\"color: #000000;\"><span dir=\"ltr\">Contesta\u0163iile vor fi depuse onlin<\/span><span dir=\"ltr\">e la adresa de e-mail: admit.g<\/span><span dir=\"ltr\">eografie@ubbcluj.ro \u00een <\/span><span dir=\"ltr\">termen de 48 de ore de la data afi\u015f\u0103rii rezultatelor, urm\u00e2nd a <\/span><span dir=\"ltr\">fi solu\u0163ionate de comisia de <\/span><span dir=\"ltr\">contesta\u021bie pe facultate.<\/span><\/span><\/p>\n<p style=\"padding-left: 40px;\"><span style=\"color: #000000;\"><span dir=\"ltr\"> Comunicarea rezultatelor la contesta\u021b<\/span><span dir=\"ltr\">ii se va afi\u015fa pe site-ul facult\u0103\u021bii \u00een <\/span><span dir=\"ltr\">termen de 24 de ore.<\/span><\/span><\/p>\n<p>[\/vc_column_text][\/vc_column][vc_column width=&#8221;1\/3&#8243;]<div style=\"background-color:;height: 25px\" class=\"nicdark_section  \"><\/div>[vc_images_carousel images=&#8221;1232,1238,1237,1235,1236,1234,1201,1228,1231&#8243; img_size=&#8221;400&#215;900&#8243; onclick=&#8221;link_no&#8221; speed=&#8221;3000&#8243; autoplay=&#8221;yes&#8221;][\/vc_column][vc_column][\/vc_column][\/vc_row]<\/p>\n<\/div>","protected":false},"excerpt":{"rendered":"<p>[vc_row][vc_column width=&#8221;2\/3&#8243;][vc_empty_space][vc_column_text css=&#8221;&#8221;] Confirmarea locului presupune depunerea dosarului cu actele in original la sediul Facult\u0103\u021bii de Geografie de c\u0103tre candida\u021bii admi\u0219i fie la buget, fie la tax\u0103 dup\u0103 afi\u0219area rezultatelor. Depunerea dosarului se face personal sau cu \u00eemputernicire, \u00een zilele: 10 septembrie 2025 \u2013 orele 9-16 11 septembrie 2025 \u2013 orele 9-14 Fiecare candidat are [&hellip;]<\/p>\n","protected":false},"author":3,"featured_media":0,"parent":0,"menu_order":0,"comment_status":"closed","ping_status":"closed","template":"","meta":{"footnotes":""},"class_list":["post-2116","page","type-page","status-publish","hentry"],"_links":{"self":[{"href":"https:\/\/geografie.ubbcluj.ro\/admitere\/index.php?rest_route=\/wp\/v2\/pages\/2116","targetHints":{"allow":["GET"]}}],"collection":[{"href":"https:\/\/geografie.ubbcluj.ro\/admitere\/index.php?rest_route=\/wp\/v2\/pages"}],"about":[{"href":"https:\/\/geografie.ubbcluj.ro\/admitere\/index.php?rest_route=\/wp\/v2\/types\/page"}],"author":[{"embeddable":true,"href":"https:\/\/geografie.ubbcluj.ro\/admitere\/index.php?rest_route=\/wp\/v2\/users\/3"}],"replies":[{"embeddable":true,"href":"https:\/\/geografie.ubbcluj.ro\/admitere\/index.php?rest_route=%2Fwp%2Fv2%2Fcomments&post=2116"}],"version-history":[{"count":95,"href":"https:\/\/geografie.ubbcluj.ro\/admitere\/index.php?rest_route=\/wp\/v2\/pages\/2116\/revisions"}],"predecessor-version":[{"id":4455,"href":"https:\/\/geografie.ubbcluj.ro\/admitere\/index.php?rest_route=\/wp\/v2\/pages\/2116\/revisions\/4455"}],"wp:attachment":[{"href":"https:\/\/geografie.ubbcluj.ro\/admitere\/index.php?rest_route=%2Fwp%2Fv2%2Fmedia&parent=2116"}],"curies":[{"name":"wp","href":"https:\/\/api.w.org\/{rel}","templated":true}]}}