{"id":2054,"date":"2021-07-06T02:40:37","date_gmt":"2021-07-06T02:40:37","guid":{"rendered":"http:\/\/geografie.ubbcluj.ro\/admitere\/?page_id=2054"},"modified":"2022-09-07T18:55:24","modified_gmt":"2022-09-07T18:55:24","slug":"programe-postuniversitare","status":"publish","type":"page","link":"https:\/\/geografie.ubbcluj.ro\/admitere\/?page_id=2054","title":{"rendered":"Programe postuniversitare"},"content":{"rendered":"<div class=\"wpb-content-wrapper\"><p>[vc_row][vc_column][vc_cta h2=&#8221;Program de Conversie Profesional\u0103 Geografie&#8221; txt_align=&#8221;center&#8221; use_custom_fonts_h2=&#8221;true&#8221; h2_link=&#8221;url:https%3A%2F%2Fgeografie.ubbcluj.ro%2Fnoutati-detaliu%3DProgram-de-Conversie-Profesional%25C4%2583-Geografie%23&#8243;]<\/p>\n<p><a href=\"https:\/\/geografie.ubbcluj.ro\/noutati-detaliu=Program-de-Conversie-Profesional%C4%83-Geografie\"><img loading=\"lazy\" decoding=\"async\" class=\"alignnone wp-image-2057\" src=\"https:\/\/geografie.ubbcluj.ro\/admitere\/wp-content\/uploads\/2021\/07\/siglapcpg-300x111.jpg\" alt=\"\" width=\"511\" height=\"189\" srcset=\"https:\/\/geografie.ubbcluj.ro\/admitere\/wp-content\/uploads\/2021\/07\/siglapcpg-300x111.jpg 300w, https:\/\/geografie.ubbcluj.ro\/admitere\/wp-content\/uploads\/2021\/07\/siglapcpg.jpg 640w\" sizes=\"auto, (max-width: 511px) 100vw, 511px\" \/><\/a>[\/vc_cta][vc_cta h2=&#8221;Programul postuniversitar GIS in administratie si institutii publice&#8221; txt_align=&#8221;center&#8221; use_custom_fonts_h2=&#8221;true&#8221; h2_link=&#8221;url:https%3A%2F%2Fgeografie.ubbcluj.ro%2Fnoutati-detaliu%3DProgramul-postuniversitar-GIS-in-administratie-si-institutii-publice&#8221;]<a href=\"https:\/\/geografie.ubbcluj.ro\/noutati-detaliu=Programul-postuniversitar-GIS-in-administratie-si-institutii-publice#\"><img decoding=\"async\" class=\"img-noutati aligncenter\" src=\"https:\/\/geografie.ubbcluj.ro\/uploads\/4\/2020-05\/gadp.png\" alt=\"\" width=\"600\" \/><\/a>[\/vc_cta][vc_cta h2=&#8221;Modelare \u015fi analiz\u0103 spa\u0163ial\u0103 \u00een mediile ArcGIS \u015fi HecRAS (HecGeoRAS)&#8221; h4=&#8221;folosind date hidrologice, topometrice, imagini satelitare \u0219i tehnic\u0103 UAV&#8221; h4_font_container=&#8221;line_height:2&#8243; txt_align=&#8221;center&#8221; use_custom_fonts_h2=&#8221;true&#8221; use_custom_fonts_h4=&#8221;true&#8221; h2_link=&#8221;url:https%3A%2F%2Fgeografie.ubbcluj.ro%2Fnoutati-detaliu%3DGis-%26-Model-Water&#8221; h4_link=&#8221;url:https%3A%2F%2Fgeografie.ubbcluj.ro%2Fnoutati-detaliu%3DGis-%26-Model-Water&#8221;]<a href=\"https:\/\/geografie.ubbcluj.ro\/noutati-detaliu=Gis-&amp;-Model-Water\" target=\"_blank\" rel=\"noopener\"><img loading=\"lazy\" decoding=\"async\" class=\"aligncenter wp-image-2080\" src=\"https:\/\/geografie.ubbcluj.ro\/admitere\/wp-content\/uploads\/2021\/07\/GISModelWater-300x300.png\" alt=\"\" width=\"192\" height=\"192\" srcset=\"https:\/\/geografie.ubbcluj.ro\/admitere\/wp-content\/uploads\/2021\/07\/GISModelWater-300x300.png 300w, https:\/\/geografie.ubbcluj.ro\/admitere\/wp-content\/uploads\/2021\/07\/GISModelWater-150x150.png 150w, https:\/\/geografie.ubbcluj.ro\/admitere\/wp-content\/uploads\/2021\/07\/GISModelWater.png 406w\" sizes=\"auto, (max-width: 192px) 100vw, 192px\" \/><\/a>[\/vc_cta][vc_cta h2=&#8221;Modelarea \u0219i Analiza Datelor Hidrologice \u0219i Climatice Folosind Tehnici Statistice, Satelitare \u0219i G.I.S.&#8221; h4=&#8221;(GIS&amp;MODELHIDROCLIM)&#8221; h4_font_container=&#8221;line_height:2&#8243; txt_align=&#8221;center&#8221; use_custom_fonts_h2=&#8221;true&#8221; use_custom_fonts_h4=&#8221;true&#8221; h2_link=&#8221;url:https%3A%2F%2Fgeografie.ubbcluj.ro%2Fnoutati-detaliu%3DGIS-%26-MODELHIDROCLIM|target:_blank&#8221; h4_link=&#8221;url:https%3A%2F%2Fgeografie.ubbcluj.ro%2Fnoutati-detaliu%3DGIS-%26-MODELHIDROCLIM&#8221;]<a href=\"https:\/\/geografie.ubbcluj.ro\/noutati-detaliu=GIS-&amp;-MODELHIDROCLIM\" target=\"_blank\" rel=\"noopener\"><img loading=\"lazy\" decoding=\"async\" class=\"aligncenter\" src=\"https:\/\/geografie.ubbcluj.ro\/wp-content\/uploads\/Sigla_GIS_MOD.jpg\" alt=\"\" width=\"621\" height=\"152\" \/><\/a>[\/vc_cta][\/vc_column][\/vc_row]<\/p>\n<\/div>","protected":false},"excerpt":{"rendered":"<p>[vc_row][vc_column][vc_cta h2=&#8221;Program de Conversie Profesional\u0103 Geografie&#8221; txt_align=&#8221;center&#8221; use_custom_fonts_h2=&#8221;true&#8221; h2_link=&#8221;url:https%3A%2F%2Fgeografie.ubbcluj.ro%2Fnoutati-detaliu%3DProgram-de-Conversie-Profesional%25C4%2583-Geografie%23&#8243;] [\/vc_cta][vc_cta h2=&#8221;Programul postuniversitar GIS in administratie si institutii publice&#8221; txt_align=&#8221;center&#8221; use_custom_fonts_h2=&#8221;true&#8221; h2_link=&#8221;url:https%3A%2F%2Fgeografie.ubbcluj.ro%2Fnoutati-detaliu%3DProgramul-postuniversitar-GIS-in-administratie-si-institutii-publice&#8221;][\/vc_cta][vc_cta h2=&#8221;Modelare \u015fi analiz\u0103 spa\u0163ial\u0103 \u00een mediile ArcGIS \u015fi HecRAS (HecGeoRAS)&#8221; h4=&#8221;folosind date hidrologice, topometrice, imagini satelitare \u0219i tehnic\u0103 UAV&#8221; h4_font_container=&#8221;line_height:2&#8243; txt_align=&#8221;center&#8221; use_custom_fonts_h2=&#8221;true&#8221; use_custom_fonts_h4=&#8221;true&#8221; h2_link=&#8221;url:https%3A%2F%2Fgeografie.ubbcluj.ro%2Fnoutati-detaliu%3DGis-%26-Model-Water&#8221; h4_link=&#8221;url:https%3A%2F%2Fgeografie.ubbcluj.ro%2Fnoutati-detaliu%3DGis-%26-Model-Water&#8221;][\/vc_cta][vc_cta h2=&#8221;Modelarea \u0219i Analiza Datelor Hidrologice \u0219i Climatice Folosind Tehnici [&hellip;]<\/p>\n","protected":false},"author":3,"featured_media":0,"parent":0,"menu_order":0,"comment_status":"closed","ping_status":"closed","template":"","meta":{"footnotes":""},"class_list":["post-2054","page","type-page","status-publish","hentry"],"_links":{"self":[{"href":"https:\/\/geografie.ubbcluj.ro\/admitere\/index.php?rest_route=\/wp\/v2\/pages\/2054","targetHints":{"allow":["GET"]}}],"collection":[{"href":"https:\/\/geografie.ubbcluj.ro\/admitere\/index.php?rest_route=\/wp\/v2\/pages"}],"about":[{"href":"https:\/\/geografie.ubbcluj.ro\/admitere\/index.php?rest_route=\/wp\/v2\/types\/page"}],"author":[{"embeddable":true,"href":"https:\/\/geografie.ubbcluj.ro\/admitere\/index.php?rest_route=\/wp\/v2\/users\/3"}],"replies":[{"embeddable":true,"href":"https:\/\/geografie.ubbcluj.ro\/admitere\/index.php?rest_route=%2Fwp%2Fv2%2Fcomments&post=2054"}],"version-history":[{"count":26,"href":"https:\/\/geografie.ubbcluj.ro\/admitere\/index.php?rest_route=\/wp\/v2\/pages\/2054\/revisions"}],"predecessor-version":[{"id":3169,"href":"https:\/\/geografie.ubbcluj.ro\/admitere\/index.php?rest_route=\/wp\/v2\/pages\/2054\/revisions\/3169"}],"wp:attachment":[{"href":"https:\/\/geografie.ubbcluj.ro\/admitere\/index.php?rest_route=%2Fwp%2Fv2%2Fmedia&parent=2054"}],"curies":[{"name":"wp","href":"https:\/\/api.w.org\/{rel}","templated":true}]}}