{"id":2024,"date":"2021-06-17T07:26:28","date_gmt":"2021-06-17T07:26:28","guid":{"rendered":"http:\/\/geografie.ubbcluj.ro\/admitere\/?page_id=2024"},"modified":"2026-02-04T12:44:53","modified_gmt":"2026-02-04T12:44:53","slug":"acasa-magyar","status":"publish","type":"page","link":"https:\/\/geografie.ubbcluj.ro\/admitere\/?page_id=2024&lang=hu","title":{"rendered":"Kezd\u0151lap"},"content":{"rendered":"<div class=\"wpb-content-wrapper\"><p>[vc_row][vc_column][vc_column_text]<\/p>\n<p>[\/vc_column_text][\/vc_column][\/vc_row][vc_row][vc_column]\n\t\t\t<!-- START Home_HU REVOLUTION SLIDER 6.2.23 --><p class=\"rs-p-wp-fix\"><\/p>\n\t\t\t<rs-module-wrap id=\"rev_slider_5_1_wrapper\" data-source=\"gallery\" style=\"padding:0;margin:0px auto;margin-top:0;margin-bottom:0;\">\n\t\t\t\t<rs-module id=\"rev_slider_5_1\" style=\"\" data-version=\"6.2.23\">\n\t\t\t\t\t<rs-slides>\n\t\t\t\t\t\t<rs-slide data-key=\"rs-11\" data-title=\"Slide\" data-thumb=\"\/\/geografie.ubbcluj.ro\/admitere\/wp-content\/uploads\/2021\/03\/Teren_2-scaled-100x50.jpg\" data-anim=\"ei:d;eo:d;s:700;r:0;t:fade;sl:d;\">\n\t\t\t\t\t\t\t<img loading=\"lazy\" decoding=\"async\" src=\"\/\/geografie.ubbcluj.ro\/admitere\/wp-content\/uploads\/2021\/03\/Teren_2-scaled.jpg\" title=\"Teren_2\" width=\"2560\" height=\"1707\" data-parallax=\"14\" class=\"rev-slidebg\" data-no-retina>\n<!--\n\t\t\t\t\t\t\t--><rs-layer\n\t\t\t\t\t\t\t\tid=\"slider-5-slide-11-layer-4\" \n\t\t\t\t\t\t\t\tclass=\"tp-shape tp-shapewrapper\"\n\t\t\t\t\t\t\t\tdata-type=\"shape\"\n\t\t\t\t\t\t\t\tdata-rsp_ch=\"on\"\n\t\t\t\t\t\t\t\tdata-xy=\"x:c;y:m;\"\n\t\t\t\t\t\t\t\tdata-text=\"w:normal;fw:700;\"\n\t\t\t\t\t\t\t\tdata-dim=\"w:3000px;h:873px;\"\n\t\t\t\t\t\t\t\tdata-frame_1=\"e:power2.inOut;st:630;sR:630;\"\n\t\t\t\t\t\t\t\tdata-frame_999=\"o:0;e:nothing;st:6900;sp:50;sR:5970;\"\n\t\t\t\t\t\t\t\tstyle=\"z-index:9;background-color:rgba(0,0,0,0.50);background:linear-gradient(to bottom, rgba(101,100,96,0.8) 0%,rgba(101,100,96,0.3) 35%,rgba(101,100,96,0.3) 45%,rgba(101,100,96,0.9) 100%);\"\n\t\t\t\t\t\t\t> \n\t\t\t\t\t\t\t<\/rs-layer><!--\n\n\t\t\t\t\t\t\t--><rs-layer\n\t\t\t\t\t\t\t\tid=\"slider-5-slide-11-layer-8\" \n\t\t\t\t\t\t\t\tdata-type=\"text\"\n\t\t\t\t\t\t\t\tdata-color=\"rgba(255,255,255,1)\"\n\t\t\t\t\t\t\t\tdata-rsp_ch=\"on\"\n\t\t\t\t\t\t\t\tdata-xy=\"xo:17px;y:b;yo:679px;\"\n\t\t\t\t\t\t\t\tdata-text=\"w:nowrap;l:22;\"\n\t\t\t\t\t\t\t\tdata-vbility=\"t,t,f,f\"\n\t\t\t\t\t\t\t\tdata-frame_1=\"e:power2.inOut;st:970;sp:600;sR:970;\"\n\t\t\t\t\t\t\t\tdata-frame_999=\"o:0;e:nothing;st:w;sp:770;sR:5480;\"\n\t\t\t\t\t\t\t\tstyle=\"z-index:8;font-family:Roboto;\"\n\t\t\t\t\t\t\t> <h1 style=\"color:#ffffff;padding:px;text-align:;font-size:80px;line-height:80px;letter-spacing: px;font-weight:bold\" class=\"   nd_options_first_font \">BBT  ~ F\u00f6ldrajz felv\u00e9teli 2026<\/h1> <div style=\"background-color:;height: 40px\" class=\"nicdark_section  \"><\/div>\n\n\n\n      <!--START typed words-->\n      <div class=\"nd_options_display_none_all_iphone nd_options_section  nd_options_typewriter_48 \">\n          \n\n          <strong style=\"color:#FF0000;font-size:40px\" class=\"nd_options_first_font\">  <\/strong>\n\n          <div class=\"nd_options_typed_strings_48\">\n\n              <p><strong style=\"color:#FF0000;font-size:40px\" class=\"nd_options_first_font\"> Fedezd fel!<\/strong><\/p>\n              <p><strong style=\"color:#FF0000;font-size:40px\" class=\"nd_options_first_font\"> Tal\u00e1ld meg! <\/strong><\/p>\n              <p><strong style=\"color:#FF0000;font-size:40px\" class=\"nd_options_first_font\"> Tanulj! <\/strong><\/p>\n\n          <\/div>\n\n          <span class=\"nd_options_typed_48 nd_options_padding_botttom_5\" style=\"white-space:pre;border-bottom: 5px solid #ffffff\"><\/span>\n      \n      <\/div>\n      <!--END typed words-->\n\n\n\n\n   \n\t\t\t\t\t\t\t<\/rs-layer><!--\n-->\t\t\t\t\t\t<\/rs-slide>\n\t\t\t\t\t\t<rs-slide data-key=\"rs-12\" data-title=\"Slide\" data-duration=\"370000ms\" data-anim=\"ei:d;eo:d;s:600;r:0;t:fade;sl:d;\">\n\t\t\t\t\t\t\t<img decoding=\"async\" src=\"\/\/geografie.ubbcluj.ro\/admitere\/wp-content\/plugins\/revslider\/public\/assets\/assets\/transparent.png\" title=\"Kezd\u0151lap\" data-parallax=\"14\" class=\"rev-slidebg\" data-no-retina>\n\t\t\t\t\t\t\t<rs-bgvideo \n\t\t\t\t\t\t\t\tdata-video=\"vc:none;w:100%;h:100%;nse:false;l:true;ptimer:false;\"\n\t\t\t\t\t\t\t\tdata-ytid=\"Tjs4vc-nHJc\"\n\t\t\t\t\t\t\t\tdata-vatr=\"version=3&amp;enablejsapi=1&amp;html5=1&amp;hd=1&amp;wmode=opaque&amp;showinfo=0&amp;rel=0&amp;origin=https:\/\/geografie.ubbcluj.ro;\"\n\t\t\t\t\t\t\t><\/rs-bgvideo>\n<!--\n\t\t\t\t\t\t\t--><rs-layer\n\t\t\t\t\t\t\t\tid=\"slider-5-slide-12-layer-1\" \n\t\t\t\t\t\t\t\tdata-type=\"text\"\n\t\t\t\t\t\t\t\tdata-color=\"#ff0000\"\n\t\t\t\t\t\t\t\tdata-rsp_ch=\"on\"\n\t\t\t\t\t\t\t\tdata-xy=\"x:c;xo:-221px;y:m;yo:-259px;\"\n\t\t\t\t\t\t\t\tdata-text=\"s:70;l:70;fw:700;\"\n\t\t\t\t\t\t\t\tdata-dim=\"h:79px;\"\n\t\t\t\t\t\t\t\tdata-vbility=\"t,t,t,f\"\n\t\t\t\t\t\t\t\tdata-frame_1=\"e:power2.inOut;st:500;sp:500;sR:500;\"\n\t\t\t\t\t\t\t\tdata-frame_999=\"o:0;e:nothing;st:w;sR:369000;\"\n\t\t\t\t\t\t\t\tstyle=\"z-index:9;font-family:Montserrat;\"\n\t\t\t\t\t\t\t>Fedezd fel a vil\u00e1got! \n\t\t\t\t\t\t\t<\/rs-layer><!--\n\n\t\t\t\t\t\t\t--><rs-layer\n\t\t\t\t\t\t\t\tid=\"slider-5-slide-12-layer-4\" \n\t\t\t\t\t\t\t\tclass=\"tp-shape tp-shapewrapper\"\n\t\t\t\t\t\t\t\tdata-type=\"shape\"\n\t\t\t\t\t\t\t\tdata-rsp_ch=\"on\"\n\t\t\t\t\t\t\t\tdata-xy=\"x:c;xo:1px;y:m;yo:3px;\"\n\t\t\t\t\t\t\t\tdata-text=\"w:normal;fw:700;\"\n\t\t\t\t\t\t\t\tdata-dim=\"w:3000px;h:873px;\"\n\t\t\t\t\t\t\t\tdata-frame_1=\"e:power2.inOut;st:1380;sR:1380;\"\n\t\t\t\t\t\t\t\tdata-frame_999=\"o:0;e:nothing;st:w;sR:368320;\"\n\t\t\t\t\t\t\t\tstyle=\"z-index:8;background-color:rgba(0,0,0,0.50);background:linear-gradient(to bottom, rgba(101,100,96,0.6) 0%,rgba(101,100,96,0.6) 75%,rgba(101,100,96,0) 100%);\"\n\t\t\t\t\t\t\t> \n\t\t\t\t\t\t\t<\/rs-layer><!--\n\n\t\t\t\t\t\t\t--><rs-layer\n\t\t\t\t\t\t\t\tid=\"slider-5-slide-12-layer-5\" \n\t\t\t\t\t\t\t\tdata-type=\"text\"\n\t\t\t\t\t\t\t\tdata-color=\"#ff0000\"\n\t\t\t\t\t\t\t\tdata-rsp_ch=\"on\"\n\t\t\t\t\t\t\t\tdata-xy=\"x:c;xo:31px;y:m;yo:-158px;\"\n\t\t\t\t\t\t\t\tdata-text=\"s:70;l:70;fw:700;\"\n\t\t\t\t\t\t\t\tdata-vbility=\"t,t,t,f\"\n\t\t\t\t\t\t\t\tdata-frame_1=\"e:power2.inOut;st:1000;sp:500;sR:1000;\"\n\t\t\t\t\t\t\t\tdata-frame_999=\"o:0;e:nothing;st:w;sR:368500;\"\n\t\t\t\t\t\t\t\tstyle=\"z-index:10;font-family:Montserrat;\"\n\t\t\t\t\t\t\t>V\u00e1runk a F\u00f6ldrajz Egyetemre! \n\t\t\t\t\t\t\t<\/rs-layer><!--\n\n\t\t\t\t\t\t\t--><a\n\t\t\t\t\t\t\t\tid=\"slider-5-slide-12-layer-6\" \n\t\t\t\t\t\t\t\tclass=\"rs-layer rev-btn\"\n\t\t\t\t\t\t\t\thref=\"https:\/\/geografie.ubbcluj.ro\/admitere\/?page_id=1003\" target=\"_self\" rel=\"nofollow\"\n\t\t\t\t\t\t\t\tdata-type=\"button\"\n\t\t\t\t\t\t\t\tdata-color=\"rgba(255,255,255,1)\"\n\t\t\t\t\t\t\t\tdata-rsp_ch=\"on\"\n\t\t\t\t\t\t\t\tdata-xy=\"x:c;xo:-211px;y:m;yo:122px;\"\n\t\t\t\t\t\t\t\tdata-text=\"s:16;l:16;fw:700;\"\n\t\t\t\t\t\t\t\tdata-vbility=\"t,t,t,f\"\n\t\t\t\t\t\t\t\tdata-padding=\"t:12;r:35;b:12;l:35;\"\n\t\t\t\t\t\t\t\tdata-border=\"bos:solid;boc:rgba(255,255,255,1);bow:2px,2px,2px,2px;bor:3px,3px,3px,3px;\"\n\t\t\t\t\t\t\t\tdata-frame_1=\"e:power2.inOut;st:1500;sp:500;sR:1500;\"\n\t\t\t\t\t\t\t\tdata-frame_999=\"o:0;e:nothing;st:w;sR:368000;\"\n\t\t\t\t\t\t\t\tdata-frame_hover=\"bgc:#007aff;boc:#174873;bor:3px,3px,3px,3px;bos:solid;bow:2px,2px,2px,2px;oX:50;oY:50;sp:200;e:power0.in;\"\n\t\t\t\t\t\t\t\tstyle=\"z-index:11;background-color:#5ac8fa;font-family:Montserrat;cursor:pointer;outline:none;box-shadow:none;box-sizing:border-box;-moz-box-sizing:border-box;-webkit-box-sizing:border-box;\"\n\t\t\t\t\t\t\t>Alapk\u00e9pz\u00e9s (BSc)  \n\t\t\t\t\t\t\t<\/a><!--\n\n\t\t\t\t\t\t\t--><a\n\t\t\t\t\t\t\t\tid=\"slider-5-slide-12-layer-7\" \n\t\t\t\t\t\t\t\tclass=\"rs-layer rev-btn\"\n\t\t\t\t\t\t\t\thref=\"https:\/\/geografie.ubbcluj.ro\/admitere\/?page_id=1033\" target=\"_self\"\n\t\t\t\t\t\t\t\tdata-type=\"button\"\n\t\t\t\t\t\t\t\tdata-color=\"#000000\"\n\t\t\t\t\t\t\t\tdata-rsp_ch=\"on\"\n\t\t\t\t\t\t\t\tdata-xy=\"x:c;xo:178px;y:m;yo:121px;\"\n\t\t\t\t\t\t\t\tdata-text=\"s:16;l:16;fw:700;\"\n\t\t\t\t\t\t\t\tdata-vbility=\"t,t,t,f\"\n\t\t\t\t\t\t\t\tdata-padding=\"t:12;r:36;b:12;l:36;\"\n\t\t\t\t\t\t\t\tdata-border=\"bos:solid;boc:#ffffff;bow:2px,2px,2px,2px;bor:3px,3px,3px,3px;\"\n\t\t\t\t\t\t\t\tdata-frame_1=\"e:power2.inOut;st:1500;sp:500;sR:1500;\"\n\t\t\t\t\t\t\t\tdata-frame_999=\"o:0;e:nothing;st:w;sR:368000;\"\n\t\t\t\t\t\t\t\tdata-frame_hover=\"c:#fff;bgc:transparent;boc:#fff;bor:3px,3px,3px,3px;bos:solid;bow:2px,2px,2px,2px;oX:50;oY:50;sp:200;e:power0.in;\"\n\t\t\t\t\t\t\t\tstyle=\"z-index:12;background-color:#66ff99;font-family:Montserrat;cursor:pointer;outline:none;box-shadow:none;box-sizing:border-box;-moz-box-sizing:border-box;-webkit-box-sizing:border-box;\"\n\t\t\t\t\t\t\t>Mesterk\u00e9pz\u00e9s (MSc) \n\t\t\t\t\t\t\t<\/a><!--\n-->\t\t\t\t\t\t<\/rs-slide>\n\t\t\t\t\t<\/rs-slides>\n\t\t\t\t\t<rs-static-layers><!--\n\t\t\t\t\t--><\/rs-static-layers>\n\t\t\t\t<\/rs-module>\n\t\t\t\t<script type=\"text\/javascript\">\n\t\t\t\t\tsetREVStartSize({c: 'rev_slider_5_1',rl:[1240,1024,778,480],el:[780,768,960,720],gw:[1240,1024,778,480],gh:[780,768,960,720],type:'standard',justify:'',layout:'fullwidth',mh:\"0\"});\n\t\t\t\t\tvar\trevapi5,\n\t\t\t\t\t\ttpj;\n\t\t\t\t\tfunction revinit_revslider51() {\n\t\t\t\t\tjQuery(function() {\n\t\t\t\t\t\ttpj = jQuery;\n\t\t\t\t\t\trevapi5 = tpj(\"#rev_slider_5_1\");\n\t\t\t\t\t\tif(revapi5==undefined || revapi5.revolution == undefined){\n\t\t\t\t\t\t\trevslider_showDoubleJqueryError(\"rev_slider_5_1\");\n\t\t\t\t\t\t}else{\n\t\t\t\t\t\t\trevapi5.revolution({\n\t\t\t\t\t\t\t\tsliderLayout:\"fullwidth\",\n\t\t\t\t\t\t\t\tduration:\"7000ms\",\n\t\t\t\t\t\t\t\tvisibilityLevels:\"1240,1024,778,480\",\n\t\t\t\t\t\t\t\tgridwidth:\"1240,1024,778,480\",\n\t\t\t\t\t\t\t\tgridheight:\"780,768,960,720\",\n\t\t\t\t\t\t\t\tspinner:\"spinner2\",\n\t\t\t\t\t\t\t\tperspective:600,\n\t\t\t\t\t\t\t\tperspectiveType:\"local\",\n\t\t\t\t\t\t\t\teditorheight:\"780,768,960,720\",\n\t\t\t\t\t\t\t\tresponsiveLevels:\"1240,1024,778,480\",\n\t\t\t\t\t\t\t\tprogressBar:{disableProgressBar:true},\n\t\t\t\t\t\t\t\tnavigation: {\n\t\t\t\t\t\t\t\t\tkeyboardNavigation:true,\n\t\t\t\t\t\t\t\t\tmouseScrollNavigation:false,\n\t\t\t\t\t\t\t\t\tonHoverStop:false,\n\t\t\t\t\t\t\t\t\ttouch: {\n\t\t\t\t\t\t\t\t\t\ttouchenabled:true\n\t\t\t\t\t\t\t\t\t},\n\t\t\t\t\t\t\t\t\tarrows: {\n\t\t\t\t\t\t\t\t\t\tenable:true,\n\t\t\t\t\t\t\t\t\t\tstyle:\"uranus\",\n\t\t\t\t\t\t\t\t\t\thide_onmobile:true,\n\t\t\t\t\t\t\t\t\t\thide_under:480,\n\t\t\t\t\t\t\t\t\t\tleft: {\n\n\t\t\t\t\t\t\t\t\t\t},\n\t\t\t\t\t\t\t\t\t\tright: {\n\t\t\t\t\t\t\t\t\t\t\th_offset:18\n\t\t\t\t\t\t\t\t\t\t}\n\t\t\t\t\t\t\t\t\t}\n\t\t\t\t\t\t\t\t},\n\t\t\t\t\t\t\t\tparallax: {\n\t\t\t\t\t\t\t\t\tlevels:[5,10,15,20,25,30,35,40,45,46,47,48,49,50,51,55],\n\t\t\t\t\t\t\t\t\ttype:\"mouse\"\n\t\t\t\t\t\t\t\t},\n\t\t\t\t\t\t\t\tfallbacks: {\n\t\t\t\t\t\t\t\t\tallowHTML5AutoPlayOnAndroid:true\n\t\t\t\t\t\t\t\t},\n\t\t\t\t\t\t\t});\n\t\t\t\t\t\t}\n\t\t\t\t\t\t\n\t\t\t\t\t});\n\t\t\t\t\t} \/\/ End of RevInitScript\n\t\t\t\tvar once_revslider51 = false;\n\t\t\t\tif (document.readyState === \"loading\") {document.addEventListener('readystatechange',function() { if((document.readyState === \"interactive\" || document.readyState === \"complete\") && !once_revslider51 ) { once_revslider51 = true; revinit_revslider51();}});} else {once_revslider51 = true; revinit_revslider51();}\n\t\t\t\t<\/script>\n\t\t\t\t<script>\n\t\t\t\t\tvar htmlDivCss = ' #rev_slider_5_1_wrapper rs-loader.spinner2{ background-color: #68b78e !important; } ';\n\t\t\t\t\tvar htmlDiv = document.getElementById('rs-plugin-settings-inline-css');\n\t\t\t\t\tif(htmlDiv) {\n\t\t\t\t\t\thtmlDiv.innerHTML = htmlDiv.innerHTML + htmlDivCss;\n\t\t\t\t\t}else{\n\t\t\t\t\t\tvar htmlDiv = document.createElement('div');\n\t\t\t\t\t\thtmlDiv.innerHTML = '<style>' + htmlDivCss + '<\/style>';\n\t\t\t\t\t\tdocument.getElementsByTagName('head')[0].appendChild(htmlDiv.childNodes[0]);\n\t\t\t\t\t}\n\t\t\t\t<\/script>\n\t\t\t\t<script>\n\t\t\t\t\tvar htmlDivCss = unescape(\"%23rev_slider_5_1_wrapper%20.uranus.tparrows%20%7B%0A%20%20width%3A50px%3B%0A%20%20height%3A50px%3B%0A%20%20background%3Argba%28255%2C255%2C255%2C0%29%3B%0A%20%7D%0A%20%23rev_slider_5_1_wrapper%20.uranus.tparrows%3Abefore%20%7B%0A%20width%3A50px%3B%0A%20height%3A50px%3B%0A%20line-height%3A50px%3B%0A%20font-size%3A40px%3B%0A%20transition%3Aall%200.3s%3B%0A-webkit-transition%3Aall%200.3s%3B%0A%20%7D%0A%20%0A%20%20%23rev_slider_5_1_wrapper%20.uranus.tparrows%3Ahover%3Abefore%20%7B%0A%20%20%20%20opacity%3A0.75%3B%0A%20%20%7D%0A\");\n\t\t\t\t\tvar htmlDiv = document.getElementById('rs-plugin-settings-inline-css');\n\t\t\t\t\tif(htmlDiv) {\n\t\t\t\t\t\thtmlDiv.innerHTML = htmlDiv.innerHTML + htmlDivCss;\n\t\t\t\t\t}else{\n\t\t\t\t\t\tvar htmlDiv = document.createElement('div');\n\t\t\t\t\t\thtmlDiv.innerHTML = '<style>' + htmlDivCss + '<\/style>';\n\t\t\t\t\t\tdocument.getElementsByTagName('head')[0].appendChild(htmlDiv.childNodes[0]);\n\t\t\t\t\t}\n\t\t\t\t<\/script>\n\t\t\t\t<script>\n\t\t\t\t\tvar htmlDivCss = unescape(\"%0A%0A\");\n\t\t\t\t\tvar htmlDiv = document.getElementById('rs-plugin-settings-inline-css');\n\t\t\t\t\tif(htmlDiv) {\n\t\t\t\t\t\thtmlDiv.innerHTML = htmlDiv.innerHTML + htmlDivCss;\n\t\t\t\t\t}else{\n\t\t\t\t\t\tvar htmlDiv = document.createElement('div');\n\t\t\t\t\t\thtmlDiv.innerHTML = '<style>' + htmlDivCss + '<\/style>';\n\t\t\t\t\t\tdocument.getElementsByTagName('head')[0].appendChild(htmlDiv.childNodes[0]);\n\t\t\t\t\t}\n\t\t\t\t<\/script>\n\t\t\t<\/rs-module-wrap>\n\t\t\t<!-- END REVOLUTION SLIDER -->\n[\/vc_column][\/vc_row][vc_row][vc_column]<div style=\"background-color:;height: 50px\" class=\"nicdark_section  \"><\/div>[vc_column_text css=&#8221;&#8221;]<\/p>\n<h1><span style=\"color: #000080;\"><strong><em><span style=\"font-family: arial black, sans-serif;\">Felv\u00e9teli 2026<\/span><\/em><\/strong><\/span><\/h1>\n<p>[\/vc_column_text]<div style=\"background-color:;height: 50px\" class=\"nicdark_section  \"><\/div>[\/vc_column][\/vc_row][vc_row][vc_column width=&#8221;1\/4&#8243;]\n\n\n    <div class=\"nd_options_section nd_options_position_relative \">\n        <a rel=\"\" href=\"https:\/\/geografie.ubbcluj.ro\/admitere\/?page_id=2671&amp;lang=hu\"><img decoding=\"async\" alt=\"\" class=\"nd_options_position_absolute nd_options_left_0\" width=\"50\" src=\"https:\/\/geografie.ubbcluj.ro\/admitere\/wp-content\/uploads\/2016\/08\/service-color2.png\"><\/a>\n        <div class=\"nd_options_section nd_options_padding_left_70 nd_options_box_sizing_border_box\">\n            <a rel=\"\" href=\"https:\/\/geografie.ubbcluj.ro\/admitere\/?page_id=2671&amp;lang=hu\"><h2 style=\"color:\"><strong>Alapk\u00e9pz\u00e9s (BSc)<\/strong><\/h2><\/a>\n            <div class=\"nd_options_section nd_options_height_20\"><\/div>\n            <p style=\"color:\" class=\"\"><\/p>\n        <\/div>\n    <\/div>\n\n\n  [\/vc_column][vc_column width=&#8221;1\/4&#8243;]\n\n\n    <div class=\"nd_options_section nd_options_position_relative \">\n        <a rel=\"\" href=\"https:\/\/geografie.ubbcluj.ro\/admitere\/?page_id=2744&amp;lang=hu\"><img decoding=\"async\" alt=\"\" class=\"nd_options_position_absolute nd_options_left_0\" width=\"50\" src=\"https:\/\/geografie.ubbcluj.ro\/admitere\/wp-content\/uploads\/2016\/08\/service-color3.png\"><\/a>\n        <div class=\"nd_options_section nd_options_padding_left_70 nd_options_box_sizing_border_box\">\n            <a rel=\"\" href=\"https:\/\/geografie.ubbcluj.ro\/admitere\/?page_id=2744&amp;lang=hu\"><h2 style=\"color:\"><strong>Magisteri k\u00e9pz\u00e9s (MSc)<\/strong><\/h2><\/a>\n            <div class=\"nd_options_section nd_options_height_20\"><\/div>\n            <p style=\"color:\" class=\"\"><\/p>\n        <\/div>\n    <\/div>\n\n\n  [\/vc_column][vc_column width=&#8221;1\/4&#8243;]\n\n\n    <div class=\"nd_options_section nd_options_position_relative \">\n        <a rel=\"\" href=\"https:\/\/geografie.ubbcluj.ro\/scoala-doctorala\"><img decoding=\"async\" alt=\"\" class=\"nd_options_position_absolute nd_options_left_0\" width=\"50\" src=\"https:\/\/geografie.ubbcluj.ro\/admitere\/wp-content\/uploads\/2016\/08\/service6.png\"><\/a>\n        <div class=\"nd_options_section nd_options_padding_left_70 nd_options_box_sizing_border_box\">\n            <a rel=\"\" href=\"https:\/\/geografie.ubbcluj.ro\/scoala-doctorala\"><h2 style=\"color:\"><strong>PhD-k\u00e9pz\u00e9s<\/strong><\/h2><\/a>\n            <div class=\"nd_options_section nd_options_height_20\"><\/div>\n            <p style=\"color:\" class=\"\"><\/p>\n        <\/div>\n    <\/div>\n\n\n  [\/vc_column][vc_column width=&#8221;1\/4&#8243;]\n\n\n    <div class=\"nd_options_section nd_options_position_relative \">\n        <a rel=\"\" target=\"_blank\" href=\"https:\/\/geografie.ubbcluj.ro\/admitere\/?page_id=2054\"><img decoding=\"async\" alt=\"\" class=\"nd_options_position_absolute nd_options_left_0\" width=\"50\" src=\"https:\/\/geografie.ubbcluj.ro\/admitere\/wp-content\/uploads\/2016\/08\/service-color1.png\"><\/a>\n        <div class=\"nd_options_section nd_options_padding_left_70 nd_options_box_sizing_border_box\">\n            <a rel=\"\" target=\"_blank\" href=\"https:\/\/geografie.ubbcluj.ro\/admitere\/?page_id=2054\"><h2 style=\"color:\"><strong>Posztgradu\u00e1lis k\u00e9pz\u00e9s<\/strong><\/h2><\/a>\n            <div class=\"nd_options_section nd_options_height_20\"><\/div>\n            <p style=\"color:\" class=\"\"><\/p>\n        <\/div>\n    <\/div>\n\n\n  [\/vc_column][\/vc_row]<\/p>\n<\/div>","protected":false},"excerpt":{"rendered":"<p>[vc_row][vc_column][vc_column_text] [\/vc_column_text][\/vc_column][\/vc_row][vc_row][vc_column][\/vc_column][\/vc_row][vc_row][vc_column][vc_column_text css=&#8221;&#8221;] Felv\u00e9teli 2026 [\/vc_column_text][\/vc_column][\/vc_row][vc_row][vc_column width=&#8221;1\/4&#8243;][\/vc_column][vc_column width=&#8221;1\/4&#8243;][\/vc_column][vc_column width=&#8221;1\/4&#8243;][\/vc_column][vc_column width=&#8221;1\/4&#8243;][\/vc_column][\/vc_row]<\/p>\n","protected":false},"author":3,"featured_media":0,"parent":0,"menu_order":0,"comment_status":"closed","ping_status":"closed","template":"","meta":{"footnotes":""},"class_list":["post-2024","page","type-page","status-publish","hentry"],"_links":{"self":[{"href":"https:\/\/geografie.ubbcluj.ro\/admitere\/index.php?rest_route=\/wp\/v2\/pages\/2024","targetHints":{"allow":["GET"]}}],"collection":[{"href":"https:\/\/geografie.ubbcluj.ro\/admitere\/index.php?rest_route=\/wp\/v2\/pages"}],"about":[{"href":"https:\/\/geografie.ubbcluj.ro\/admitere\/index.php?rest_route=\/wp\/v2\/types\/page"}],"author":[{"embeddable":true,"href":"https:\/\/geografie.ubbcluj.ro\/admitere\/index.php?rest_route=\/wp\/v2\/users\/3"}],"replies":[{"embeddable":true,"href":"https:\/\/geografie.ubbcluj.ro\/admitere\/index.php?rest_route=%2Fwp%2Fv2%2Fcomments&post=2024"}],"version-history":[{"count":8,"href":"https:\/\/geografie.ubbcluj.ro\/admitere\/index.php?rest_route=\/wp\/v2\/pages\/2024\/revisions"}],"predecessor-version":[{"id":4502,"href":"https:\/\/geografie.ubbcluj.ro\/admitere\/index.php?rest_route=\/wp\/v2\/pages\/2024\/revisions\/4502"}],"wp:attachment":[{"href":"https:\/\/geografie.ubbcluj.ro\/admitere\/index.php?rest_route=%2Fwp%2Fv2%2Fmedia&parent=2024"}],"curies":[{"name":"wp","href":"https:\/\/api.w.org\/{rel}","templated":true}]}}