{"id":1910,"date":"2021-04-20T14:41:08","date_gmt":"2021-04-20T14:41:08","guid":{"rendered":"http:\/\/geografie.ubbcluj.ro\/admitere\/?page_id=1910"},"modified":"2023-06-08T05:42:53","modified_gmt":"2023-06-08T05:42:53","slug":"teruletfejlesztes-szak","status":"publish","type":"page","link":"https:\/\/geografie.ubbcluj.ro\/admitere\/?page_id=1910&lang=hu","title":{"rendered":"Ter\u00fcletfejleszt\u00e9s szak"},"content":{"rendered":"<div class=\"wpb-content-wrapper\"><p>[vc_row][vc_column width=&#8221;1\/2&#8243;][vc_column_text]<\/p>\n<p style=\"padding-left: 40px;\"><span style=\"color: #000000;\"><strong>\u00c9rdekelnek a ter\u00fcleti v\u00e1ltoz\u00e1sok?<\/strong><\/span><\/p>\n<p style=\"padding-left: 80px;\"><span style=\"color: #000000;\"><strong>Mi \u00e1ll a v\u00e1rostervez\u00e9s h\u00e1tter\u00e9ben?<\/strong><\/span><\/p>\n<p style=\"padding-left: 120px;\"><span style=\"color: #000000;\"><strong>Hogyan m\u0171k\u00f6dik a telekk\u00f6nyvez\u00e9s?<\/strong><\/span><\/p>\n<p style=\"padding-left: 40px;\"><span style=\"color: #000000;\"><strong>Telep\u00fcl\u00e9sfejleszt\u00e9s \u00e9s term\u00e9szetv\u00e9delem?<\/strong><\/span><\/p>\n<p>&nbsp;<\/p>\n<h2><span style=\"color: #000000;\">ALAPINF\u00d3K<\/span><\/h2>\n<p><span style=\"color: #000000;\">Kolozsv\u00e1r \u2022 BBTE \u2022 magyar tagozat \u2022 ter\u00fcletfejleszt\u00e9s alapszak (BSc) \u2022 akkredit\u00e1lt \u2022 3 \u00e9ves \u2022 nappali tagozat<\/span><\/p>\n<p><span style=\"color: #000000;\">16 \u00e1llamilag t\u00e1mogatott + max. 24 tand\u00edjas hallgat\u00f3<\/span><\/p>\n<p>&nbsp;<\/p>\n<h2><span style=\"color: #000000;\">A K\u00c9PZ\u00c9S C\u00c9LJA<\/span><\/h2>\n<p><span style=\"color: #000000;\">A ter\u00fcletfejleszt\u00e9s szak a ter\u00fcletfejleszt\u00e9s \u00e9s telep\u00fcl\u00e9sfejleszt\u00e9s \u00e1gazat\u00e1ban m\u0171k\u00f6d\u0151 \u00f6nkorm\u00e1nyzatok \u00e9s int\u00e9zm\u00e9nyek, valamint a mag\u00e1nszf\u00e9r\u00e1ban m\u0171k\u00f6d\u0151 tervez\u0151i \u00e9s urbanisztikai c\u00e9gek sz\u00e1m\u00e1ra k\u00e9pez szakembereket, f\u00f6ldrajzi, k\u00f6zigazgat\u00e1si, m\u0171szaki, jogi \u00e9s k\u00f6zigazgat\u00e1si tudom\u00e1nyter\u00fcletek oktat\u00e1sa r\u00e9v\u00e9n.<\/span><\/p>\n<p>&nbsp;<\/p>\n<h2><span style=\"color: #000000;\">T\u00d6RT\u00c9NETE<\/span><\/h2>\n<p><span style=\"color: #000000;\">A szak 2008-ban indult el\u0151sz\u00f6r alapk\u00e9pz\u00e9sk\u00e9nt, kor\u00e1bban mesterk\u00e9pz\u00e9sben szerepelt.<\/span><\/p>\n<p>&nbsp;<\/p>\n<h2><span style=\"color: #000000;\">F\u0150BB TANT\u00c1RGYAK<\/span><\/h2>\n<p><span style=\"color: #000000;\">Term\u00e9szet- \u00e9s t\u00e1rsadalomf\u00f6ldrajz: geomorfol\u00f3gia, hidrol\u00f3gia, n\u00e9pess\u00e9g- \u00e9s telep\u00fcl\u00e9sf\u00f6ldrajz alkalmaz\u00e1sai a ter\u00fcletfejleszt\u00e9sben.<\/span><\/p>\n<p><span style=\"color: #000000;\">M\u0171szaki f\u00f6ldrajz: f\u00f6ldm\u00e9r\u00e9stan \u00e9s ingatlan-nyilv\u00e1ntart\u00e1s (f\u00f6ld\u00fcgy \u00e9s telekk\u00f6nyvez\u00e9s), t\u00e9rk\u00e9p\u00e9szet, t\u00e9rinformatika, t\u00e1v\u00e9rz\u00e9kel\u00e9s, t\u00e1j\u00e9p\u00edt\u00e9szet.<\/span><\/p>\n<p><span style=\"color: #000000;\">Jogtudom\u00e1ny, k\u00f6zigazgat\u00e1s: region\u00e1lis politika, t\u00f6rv\u00e9nyek.<\/span><\/p>\n<p><span style=\"color: #000000;\">Ter\u00fcletfejleszt\u00e9s gyakorlata: v\u00e1rosi, falusi t\u00e9rs\u00e9gek ter\u00fcletrendez\u00e9se, ter\u00fcletfejleszt\u00e9s k\u00f6rnyezeti vonatkoz\u00e1sai.<\/span><\/p>\n<p><span style=\"color: #000000;\">A k\u00e9pz\u00e9s kieg\u00e9sz\u00fcl idegennyelv-oktat\u00e1ssal (pl. angol, francia, n\u00e9met, spanyol), lehet\u0151s\u00e9g van tan\u00e1rk\u00e9pes\u00edt\u00e9sre is.<\/span>[\/vc_column_text]<div style=\"background-color:;height: 50px\" class=\"nicdark_section  \"><\/div>[\/vc_column][vc_column width=&#8221;1\/2&#8243;]<div style=\"background-color:;height: 20px\" class=\"nicdark_section  \"><\/div>[vc_single_image image=&#8221;1890&#8243; img_size=&#8221;large&#8221; alignment=&#8221;center&#8221;]<div style=\"background-color:;height: 50px\" class=\"nicdark_section  \"><\/div>[\/vc_column][\/vc_row][vc_row][vc_column][vc_column_text]<\/p>\n<h2><\/h2>\n<h2><span style=\"color: #000000;\">JELENTKEZ\u0150K<\/span><\/h2>\n<p><span style=\"color: #000000;\">E szakra olyan jelentkez\u0151ket v\u00e1runk, akiket \u00e9rdekel az \u00e1lland\u00f3an \u00e1talakul\u00f3ban lev\u0151 k\u00f6rnyezet\u00fcnk, a t\u00e1rsadalmi, de f\u0151leg a gazdas\u00e1gi folyamatok \u00e1ltal ig\u00e9nyelt t\u00e9r- \u00e9s ter\u00fcletrendez\u00e9s szakmai fort\u00e9lyai, azok m\u00f3dszerei, lehet\u0151s\u00e9gei \u00e9s alkalmaz\u00e1sai sz\u00e1mos ter\u00fcleten (turizmusfejleszt\u00e9s, z\u00f6ldmez\u0151s beruh\u00e1z\u00e1sok, rozsda\u00f6vezetek, region\u00e1lis fejleszt\u00e9s, szuburbaniz\u00e1ci\u00f3, k\u00f6rnyezetgazd\u00e1lkod\u00e1s).<\/span><\/p>\n<p>&nbsp;<\/p>\n<h2><span style=\"color: #000000;\">ELHELYEZKED\u00c9SI LEHET\u0150S\u00c9GEK<\/span><\/h2>\n<p><span style=\"color: #000000;\">korm\u00e1nyzati szervek \u00e9s kirendelts\u00e9gek, \u00f6nkorm\u00e1nyzatok (ter\u00fcletfejleszt\u00e9s, v\u00e1rosrendez\u00e9s, vid\u00e9kfejleszt\u00e9s) \u2022 mag\u00e1nc\u00e9gek (p\u00e1ly\u00e1zati irod\u00e1k, logisztika, t\u00e9rk\u00e9p\u00e9sz, t\u00e9rinformatikus) \u2022 oktat\u00e1s (f\u00f6ldrajztan\u00e1r)<\/span><\/p>\n<p style=\"text-align: center;\"><strong>Tov\u00e1bbi inform\u00e1ci\u00f3k: <a href=\"https:\/\/geografie.ubbcluj.ro\/pages\/magyarfoldrajz\/?page_id=127\">https:\/\/geografie.ubbcluj.ro\/pages\/magyarfoldrajz<\/a><\/strong><\/p>\n<p>[\/vc_column_text][\/vc_column][\/vc_row]<\/p>\n<\/div>","protected":false},"excerpt":{"rendered":"<p>[vc_row][vc_column width=&#8221;1\/2&#8243;][vc_column_text] \u00c9rdekelnek a ter\u00fcleti v\u00e1ltoz\u00e1sok? Mi \u00e1ll a v\u00e1rostervez\u00e9s h\u00e1tter\u00e9ben? Hogyan m\u0171k\u00f6dik a telekk\u00f6nyvez\u00e9s? Telep\u00fcl\u00e9sfejleszt\u00e9s \u00e9s term\u00e9szetv\u00e9delem? &nbsp; ALAPINF\u00d3K Kolozsv\u00e1r \u2022 BBTE \u2022 magyar tagozat \u2022 ter\u00fcletfejleszt\u00e9s alapszak (BSc) \u2022 akkredit\u00e1lt \u2022 3 \u00e9ves \u2022 nappali tagozat 16 \u00e1llamilag t\u00e1mogatott + max. 24 tand\u00edjas hallgat\u00f3 &nbsp; A K\u00c9PZ\u00c9S C\u00c9LJA A ter\u00fcletfejleszt\u00e9s szak a ter\u00fcletfejleszt\u00e9s [&hellip;]<\/p>\n","protected":false},"author":3,"featured_media":0,"parent":0,"menu_order":0,"comment_status":"closed","ping_status":"closed","template":"","meta":{"footnotes":""},"class_list":["post-1910","page","type-page","status-publish","hentry"],"_links":{"self":[{"href":"https:\/\/geografie.ubbcluj.ro\/admitere\/index.php?rest_route=\/wp\/v2\/pages\/1910","targetHints":{"allow":["GET"]}}],"collection":[{"href":"https:\/\/geografie.ubbcluj.ro\/admitere\/index.php?rest_route=\/wp\/v2\/pages"}],"about":[{"href":"https:\/\/geografie.ubbcluj.ro\/admitere\/index.php?rest_route=\/wp\/v2\/types\/page"}],"author":[{"embeddable":true,"href":"https:\/\/geografie.ubbcluj.ro\/admitere\/index.php?rest_route=\/wp\/v2\/users\/3"}],"replies":[{"embeddable":true,"href":"https:\/\/geografie.ubbcluj.ro\/admitere\/index.php?rest_route=%2Fwp%2Fv2%2Fcomments&post=1910"}],"version-history":[{"count":21,"href":"https:\/\/geografie.ubbcluj.ro\/admitere\/index.php?rest_route=\/wp\/v2\/pages\/1910\/revisions"}],"predecessor-version":[{"id":1993,"href":"https:\/\/geografie.ubbcluj.ro\/admitere\/index.php?rest_route=\/wp\/v2\/pages\/1910\/revisions\/1993"}],"wp:attachment":[{"href":"https:\/\/geografie.ubbcluj.ro\/admitere\/index.php?rest_route=%2Fwp%2Fv2%2Fmedia&parent=1910"}],"curies":[{"name":"wp","href":"https:\/\/api.w.org\/{rel}","templated":true}]}}