{"id":1620,"date":"2021-03-23T20:35:55","date_gmt":"2021-03-23T20:35:55","guid":{"rendered":"http:\/\/geografie.ubbcluj.ro\/admitere\/?page_id=1620"},"modified":"2021-03-25T22:14:00","modified_gmt":"2021-03-25T22:14:00","slug":"tsape","status":"publish","type":"page","link":"https:\/\/geografie.ubbcluj.ro\/admitere\/?page_id=1620","title":{"rendered":"TURISMUL SPORTIV \u0218I AGREMENTUL DIN PERSPECTIVA ECODEZVOLT\u0102RII"},"content":{"rendered":"<div class=\"wpb-content-wrapper\"><p>[vc_row][vc_column]<div style=\"background-color:;height: 50px\" class=\"nicdark_section  \"><\/div>[\/vc_column][\/vc_row][vc_row][vc_column width=&#8221;1\/2&#8243;][vc_column_text]<\/p>\n<h1><span style=\"color: #000000;\"><strong>Master interdisciplinar cu domeniul Educa\u021bie Fizic\u0103 \u0219i Sport <\/strong><\/span><\/h1>\n<h1><span style=\"color: #000000;\"><strong>la Extensia Universitar\u0103 Bistri\u021ba<\/strong><\/span><\/h1>\n<p><span style=\"color: #000000;\"><strong>\u00a0<\/strong><\/span><\/p>\n<p>&nbsp;<\/p>\n<p><span style=\"color: #000000;\">Masterul <em>Turismul sportiv \u0219i agrementul din perspectiva ecodezvolt\u0103rii<\/em> este deosebit de atractiv \u0219i util, datorit\u0103 caracterului s\u0103u interdisciplinar \u0219i aplicativ. Pe l\u00e2ng\u0103 preg\u0103tirea de baz\u0103 \u00een domeniul turismului sportiv \u0219i agrementului, masteranzii acestei specializ\u0103ri primesc o serie de cuno\u0219tin\u021be de specialitate din domeniul geografiei, educa\u021biei fizice, managementului \u0219i marketingului turistic, dezvolt\u0103rii regionale \u0219i locale durabile \u0219i protec\u021biei mediului.<\/span><\/p>\n<p>&nbsp;<\/p>\n<h3><span style=\"color: #ff0000;\"><strong>Obiectivele specializ\u0103rii<\/strong><\/span><\/h3>\n<p>&nbsp;<\/p>\n<p><span style=\"color: #000000;\">Planul de \u00eenv\u0103\u021b\u0103m\u00e2nt \u0219i programele analitice aferente acestei specializ\u0103ri asigur\u0103 o preg\u0103tire fundamental\u0103 \u00eentr-un domeniu de mare interes, at\u00e2t teoretic, c\u00e2t mai ales practic \u0219i anume domeniul turismului sportiv \u00een concordan\u021b\u0103 cu principiile ecodezvolt\u0103rii. Acestea prev\u0103d o preg\u0103tire de baz\u0103 \u00een domeniile amintite anterior, completat\u0103 cu o preg\u0103tire practic\u0103, menit\u0103 s\u0103 asigure cuno\u0219tin\u021bele necesare \u00een domeniul promov\u0103rii turismului sportiv, agrementului, amenaj\u0103rii \u0219i dezvolt\u0103rii turistice, optimiz\u0103rii practic\u0103rii turismului sportiv \u0219i a activit\u0103\u021bilor motrice de timp liber pentru toate v\u00e2rstele.<\/span>[\/vc_column_text]<div style=\"background-color:;height: 30px\" class=\"nicdark_section  \"><\/div>[vc_video link=&#8221;https:\/\/youtu.be\/YAu4xPu2xSY&#8221;][\/vc_column][vc_column width=&#8221;1\/2&#8243;]<div style=\"background-color:;height: 30px\" class=\"nicdark_section  \"><\/div>[vc_video link=&#8221;https:\/\/youtu.be\/JI8mNvEXwZk&#8221;]<div style=\"background-color:;height: 30px\" class=\"nicdark_section  \"><\/div>[vc_column_text]<\/p>\n<h3><span style=\"color: #ff0000;\"><strong>Competen\u021be generale \u0219i specifice<\/strong><\/span><\/h3>\n<p><span style=\"color: #000000;\">Masterul <em>Turismul sportiv \u0219i agrementul din perspectiva ecodezvolt\u0103rii<\/em> urm\u0103re\u0219te preg\u0103tirea de speciali\u0219ti \u00een ecoturism sportiv, capabili s\u0103 antreneze turi\u0219tii \u00een activit\u0103\u021bi motrice de timp liber, \u00een ac\u021biuni de protec\u021bie \u0219i conservare a mediului, amenajare turistic\u0103, management, care s\u0103 posede urm\u0103toarele competen\u021be generale \u0219i de specialitate.<\/span><\/p>\n<p>&nbsp;<\/p>\n<h3><span style=\"color: #ff0000;\"><strong>Con\u021binutul programului de \u00eenv\u0103\u021b\u0103m\u00e2nt<\/strong><\/span><\/h3>\n<p><span style=\"color: #000000;\">Programul de \u00eenv\u0103\u021b\u0103m\u00e2nt este structurat \u00een conformitate cu cerin\u021bele actuale \u00een ceea ce prive\u0219te organizarea programelor de masterat, av\u00e2nd o durat\u0103 de 4 semestre, 12 discipline obligatorii \u0219i 6 discipline op\u021bionale. Dintre acestea, trei sunt predate \u00een limba englez\u0103 (1 disciplin\u0103 obligatorie \u0219i dou\u0103 op\u021bionale).<\/span><\/p>\n<p>&nbsp;<\/p>\n<h3><span style=\"color: #ff0000;\"><strong>Oportunit\u0103\u021bi de carier\u0103<\/strong><\/span><\/h3>\n<p><span style=\"color: #000000;\">Absolven\u021bii acestei specializ\u0103ri vor putea activa \u00eentr-o serie de <em>institu\u021bii<\/em> precum agen\u021bii de turism, unit\u0103\u021bi de cazare turistic\u0103 \u0219i institu\u021bii ce deservesc sectorul turistic, <em>centre<\/em> de\u00a0 informare \u0219i promovare turistic\u0103, departamente de turism ale consiliilor locale \u0219i jude\u021bene, <em>agen\u021bii<\/em> de dezvoltare regional\u0103, ministere, agen\u021bii guvernamentale, institu\u021bii de cercetare, institu\u021bii de \u00eenv\u0103\u021b\u0103m\u00e2nt superior, centre sportive, recreative \u0219i culturale, <em>cluburi \u0219i asocia\u021bii<\/em> sportive sau <em>administra\u021bii<\/em> ale ariilor protejate.<\/span><\/p>\n<p><span style=\"color: #000000;\">\u00cen condi\u021biile promov\u0103rii <em>Modulului Pedagogic<\/em>, absolven\u021bii vor putea activa ca \u0219i cadre didactice de specialitate \u00een orice unitate de \u00eenv\u0103\u021b\u0103m\u00e2nt de stat sau privat de nivel gimnazial \u0219i liceal.<\/span><\/p>\n<p><span style=\"color: #000000;\">Absolven\u021bii acestei specializ\u0103ri pot dob\u00e2ndi, la cerere, <em>Brevetul<\/em> de Manager \u00een Turism.<\/span>[\/vc_column_text][\/vc_column][\/vc_row]<\/p>\n<\/div>","protected":false},"excerpt":{"rendered":"<p>[vc_row][vc_column][\/vc_column][\/vc_row][vc_row][vc_column width=&#8221;1\/2&#8243;][vc_column_text] Master interdisciplinar cu domeniul Educa\u021bie Fizic\u0103 \u0219i Sport la Extensia Universitar\u0103 Bistri\u021ba \u00a0 &nbsp; Masterul Turismul sportiv \u0219i agrementul din perspectiva ecodezvolt\u0103rii este deosebit de atractiv \u0219i util, datorit\u0103 caracterului s\u0103u interdisciplinar \u0219i aplicativ. Pe l\u00e2ng\u0103 preg\u0103tirea de baz\u0103 \u00een domeniul turismului sportiv \u0219i agrementului, masteranzii acestei specializ\u0103ri primesc o serie de cuno\u0219tin\u021be [&hellip;]<\/p>\n","protected":false},"author":3,"featured_media":0,"parent":0,"menu_order":0,"comment_status":"closed","ping_status":"closed","template":"","meta":{"footnotes":""},"class_list":["post-1620","page","type-page","status-publish","hentry"],"_links":{"self":[{"href":"https:\/\/geografie.ubbcluj.ro\/admitere\/index.php?rest_route=\/wp\/v2\/pages\/1620","targetHints":{"allow":["GET"]}}],"collection":[{"href":"https:\/\/geografie.ubbcluj.ro\/admitere\/index.php?rest_route=\/wp\/v2\/pages"}],"about":[{"href":"https:\/\/geografie.ubbcluj.ro\/admitere\/index.php?rest_route=\/wp\/v2\/types\/page"}],"author":[{"embeddable":true,"href":"https:\/\/geografie.ubbcluj.ro\/admitere\/index.php?rest_route=\/wp\/v2\/users\/3"}],"replies":[{"embeddable":true,"href":"https:\/\/geografie.ubbcluj.ro\/admitere\/index.php?rest_route=%2Fwp%2Fv2%2Fcomments&post=1620"}],"version-history":[{"count":17,"href":"https:\/\/geografie.ubbcluj.ro\/admitere\/index.php?rest_route=\/wp\/v2\/pages\/1620\/revisions"}],"predecessor-version":[{"id":1837,"href":"https:\/\/geografie.ubbcluj.ro\/admitere\/index.php?rest_route=\/wp\/v2\/pages\/1620\/revisions\/1837"}],"wp:attachment":[{"href":"https:\/\/geografie.ubbcluj.ro\/admitere\/index.php?rest_route=%2Fwp%2Fv2%2Fmedia&parent=1620"}],"curies":[{"name":"wp","href":"https:\/\/api.w.org\/{rel}","templated":true}]}}