{"id":1618,"date":"2021-03-23T20:35:32","date_gmt":"2021-03-23T20:35:32","guid":{"rendered":"http:\/\/geografie.ubbcluj.ro\/admitere\/?page_id=1618"},"modified":"2021-03-26T17:28:17","modified_gmt":"2021-03-26T17:28:17","slug":"tat","status":"publish","type":"page","link":"https:\/\/geografie.ubbcluj.ro\/admitere\/?page_id=1618","title":{"rendered":"TURISM \u0218I AMENAJAREA TERITORIULUI"},"content":{"rendered":"<div class=\"wpb-content-wrapper\"><p>[vc_row][vc_column width=&#8221;1\/2&#8243;]<div style=\"background-color:;height: 30px\" class=\"nicdark_section  \"><\/div>[vc_column_text]<\/p>\n<h2><span style=\"color: #000000;\"><strong>Cel mai potrivit loc pentru a studia Turism<\/strong><\/span><\/h2>\n<p><span style=\"color: #000000;\"><code><br \/>\n<\/code><\/span><br \/>\n<span style=\"color: #000000;\">Maramure\u0219ul ofer\u0103 un cadru potrivit pentru a experimenta \u0219i a v\u0103 implementa propriile idei.<\/span><\/p>\n<p><span style=\"color: #000000;\">Este una dintre cele mai importante destina\u021bii turistice na\u021bionale \u0219i \u00eencepe s\u0103 se eviden\u021bieze \u0219i pe plan interna\u021bional. Publica\u021bii prestigioase ca <a style=\"color: #000000;\" href=\"https:\/\/www.google.com\/url?q=https%3A%2F%2Fwww.nationalgeographic.com%2Ftravel%2Fbest-trips-2015-pictures-maramures-romania%2F&amp;sa=D&amp;sntz=1&amp;usg=AFQjCNGcr9Bso0JqTfUlZFwAdD4ubXSb_g\">National Geographic<\/a> \u0219i <a style=\"color: #000000;\" href=\"https:\/\/www.google.com\/url?q=https%3A%2F%2Fwww.lonelyplanet.com%2Fromania%2Fmaramures&amp;sa=D&amp;sntz=1&amp;usg=AFQjCNFFGB7dZZVdFAMHblU-7KRadF-rvQ\">Lonely Planet<\/a> plaseaz\u0103 frecvent regiunea noastr\u0103 \u00een topul celor mai frumoase sau atractive pentru turi\u0219ti.<\/span><\/p>\n<p><span style=\"color: #000000;\">\u021aara Maramure\u0219ului este vizitat\u0103 de peste 250.000 de turi\u0219ti anual. Num\u0103rul punctelor de interes amenajate \u0219i integrate \u00een circuit este \u0219i el \u00een cre\u0219tere continu\u0103, \u00een paralel cu dezvoltarea infrastructurii. Acest av\u00e2nt trebuie sus\u021binut cu resurse umane bine preg\u0103tite pentru toate tipurile de turism practicate \u00een zon\u0103: cultural, urban, activ, responsabil, sustenabil.<\/span>[\/vc_column_text]<div style=\"background-color:;height: 30px\" class=\"nicdark_section  \"><\/div>[vc_column_text]<\/p>\n<h2><span style=\"color: #000000;\"><strong>Experien\u021be uimitoare<\/strong><\/span><\/h2>\n<p><span style=\"color: #000000;\"><code><br \/>\n<\/code><\/span><br \/>\n<span style=\"color: #000000;\">Turismul ofer\u0103 o alt\u0103 perspectiv\u0103 asupra lumii \u00een care tr\u0103im. E mai mult dec\u00e2t c\u0103l\u0103toria, e modul \u00een care suntem preg\u0103ti\u0163i s\u0103 vedem locurile \u015fi oamenii.<\/span><\/p>\n<p><span style=\"color: #000000;\">Datorit\u0103 turismului globalizat, cunoa\u0219tem foarte multe despre lumea \u00een care tr\u0103im. Interac\u021biunea dintre turi\u0219ti \u0219i localnici, reac\u021bia diverselor comunit\u0103\u021bi la inovare, adaptabilitatea, re-evaluarea valorilor locale sunt tot at\u00e2tea experien\u021be uimitoare.<\/span><\/p>\n<p><span style=\"color: #000000;\">Prin implicarea noastr\u0103, pe baza experien\u021belor dob\u00e2ndite \u00een facultate putem contribui la schimb\u0103ri sociale, culturale sau de mediu. Suntem preg\u0103ti\u021bi s\u0103 ne l\u0103s\u0103m amprenta asupra viitorului, s\u0103 facem din Maramure\u0219 un loc prietenos pentru tineri.<\/span>[\/vc_column_text]<div style=\"background-color:;height: 30px\" class=\"nicdark_section  \"><\/div>[vc_images_carousel images=&#8221;1841,1842,1843,1844,1845,1846,1847,1840&#8243; img_size=&#8221;500&#215;300&#8243;]<div style=\"background-color:;height: 30px\" class=\"nicdark_section  \"><\/div>[vc_column_text]<\/p>\n<h2><span style=\"color: #000000;\"><strong>Preg\u0103tim profesioni\u0219tii secolului 21<\/strong><\/span><\/h2>\n<p><span style=\"color: #000000;\"><code><br \/>\n<\/code><\/span><br \/>\n<span style=\"color: #000000;\">Timpul se scurge cu o vitez\u0103 ame\u0163itoare \u015fi avem foarte multe lucruri de f\u0103cut: cursuri, practici, conferin\u0163e, articole&#8230;<\/span><\/p>\n<p><span style=\"color: #000000;\">Am \u00eenv\u0103\u0163at \u00eens\u0103 c\u0103 cea mai de pre\u0163 construc\u0163ie este formarea studen\u0163ilor, dezvoltarea lor profesional\u0103 s\u0103n\u0103toas\u0103 aduce dup\u0103 sine dezvoltarea comunit\u0103\u0163ii.<\/span><\/p>\n<p><span style=\"color: #000000;\">Caracterul comprehensiv al programelor noastre de studii formeaz\u0103 nu numai competen\u0163e ci \u015fi oameni. Credem cu t\u0103rie c\u0103 munca noastr\u0103 se va vedea chiar \u015fi peste genera\u0163ii.<\/span><\/p>\n<p><span style=\"color: #000000;\">Dragi studen\u0163i,<\/span><\/p>\n<p><span style=\"color: #000000;\">Ave\u0163i avantajul de a lucra cu echipe mici \u015fi bine coagulate, apropiate, care se pot adapta rapid la nevoile voastre de \u00eenv\u0103\u0163are, \u00eentr-o atmosfer\u0103 cald\u0103, prietenoas\u0103 care azi nu se mai reg\u0103se\u015fte la forma\u0163iunile de studii mai mari. Valorifica\u0163i cu \u00een\u0163elepciune aceast\u0103 oprtunitate pentru a v\u0103 deschide noi orizonturi \u015fi conecta\u0163i-v\u0103 cu toate resursele la izvorul cunoa\u015fterii.<\/span>[\/vc_column_text]<div style=\"background-color:;height: 30px\" class=\"nicdark_section  \"><\/div>[\/vc_column][vc_column width=&#8221;1\/2&#8243;]<div style=\"background-color:;height: 30px\" class=\"nicdark_section  \"><\/div>[vc_video link=&#8221;https:\/\/www.youtube.com\/watch?v=mcdsLF0oZ4M&amp;t=2s&#8221;]<div style=\"background-color:;height: 30px\" class=\"nicdark_section  \"><\/div>[vc_column_text]<\/p>\n<h1><span style=\"color: #000000;\"><strong>Competen\u0163e \u015fi abilit\u0103\u0163i furnizate:<\/strong><\/span><\/h1>\n<ul>\n<li><span style=\"color: #000000;\">Cunoa\u015fterea teoretic\u0103 \u0219i practic\u0103 avansat\u0103 a aspectelor fundamentale ce stau la baza componentei geografice \u00een problematicile de turism \u015fi amenajarea teritoriului<\/span><\/li>\n<li><span style=\"color: #000000;\">Utilizarea cuno\u015ftin\u0163elor de specialitate pentru componenta operativ\u0103, orientate spre comunicare, opera\u0163iuni, geobranding, diagnoza teritorial\u0103<\/span><\/li>\n<li><span style=\"color: #000000;\">Utilizarea avansat\u0103 a metodelor, tehnicilor \u015fi instrumentelor specializate de lucru<\/span><\/li>\n<li><span style=\"color: #000000;\">Utilizarea nuan\u0163at\u0103 \u015fi pertinent\u0103 de criterii \u015fi metode de evaluare, pentru particularit\u0103\u0163ile regiunii, protec\u0163ia produselor locale \u015fi tradi\u0163ionale, satul tradi\u0163ional rom\u00e2nesc, valorificarea turistic\u0103 a patrimoniului cultural<\/span><\/li>\n<li><span style=\"color: #000000;\">Realizarea materialelor \u015fi instrumentelor de vizualizare, cartografice \u015fi de promovare.<\/span><\/li>\n<li><span style=\"color: #000000;\">Elaborarea \u015fi coordonarea proiectelor de turism \u015fi amenajare<\/span><\/li>\n<li><span style=\"color: #000000;\">Competen\u0163e \u00een predarea disciplinelor de turism, geografia turismului , amenajarea teritoriului.<\/span><\/li>\n<\/ul>\n<p>[\/vc_column_text]<div style=\"background-color:;height: 30px\" class=\"nicdark_section  \"><\/div>\n\n  <!--START FOCUS-->\n  <div class=\"nd_options_section nd_options_background_size_cover  \" style=\"background-image:url(https:\/\/geografie.ubbcluj.ro\/admitere\/wp-content\/uploads\/2021\/03\/Teren_1-1024x683.jpg)\">\n                                            \n      <div class=\"nd_options_section nd_options_bg_greydark_alpha_5\">\n          \n          <div class=\"nd_options_section nd_options_text_align_center\">\n          \n            <div class=\"nd_options_section nd_options_height_100\"><\/div>\n              \n            <a rel=\"\" title=\"Resurse de \u00eenv\u0103\u021bare\" target=\"_blank\" class=\"nd_options_color_white\" href=\"https:\/\/www.google.com\/url?q=https%3A%2F%2Fsites.google.com%2Fview%2Fturismubbsighet%2Fcursuri&amp;sa=D&amp;sntz=1&amp;usg=AFQjCNG2Dd9uEjCeN4sOxZAZ3PxpeKp3cw\">\n              <h1 class=\"nd_options_margin_0_important nd_options_color_white\">\n                Resurse de \u00eenv\u0103\u021bare\n              <\/h1>\n            <\/a>\n            <div class=\"nd_options_section nd_options_height_20\"><\/div>\n            <h3 class=\"nd_options_margin_0_important nd_options_text_transform_uppercase nd_options_color_white\"><\/h3>\n\n            <div class=\"nd_options_section nd_options_height_100\"><\/div> \n\n          <\/div>\n\n      <\/div>\n\n  <\/div>\n  <!--END FOCUS-->\n\n   <div style=\"background-color:;height: 30px\" class=\"nicdark_section  \"><\/div>[vc_column_text]<\/p>\n<h1><span style=\"color: #000000;\"><strong>Cui ne adres\u0103m?<\/strong><\/span><\/h1>\n<ul>\n<li><span style=\"color: #000000;\">Posesorilor de diplom\u0103 de licen\u021b\u0103 \u00een turism, educa\u021bie, \u0219tiin\u021be socio-umane \u00een general. Majoritatea sunt licen\u021bia\u021bi \u00een geografia turismului, dar \u0219i \u00een economie, filologie (limbi str\u0103ine), \u0219tiin\u021bele educa\u021biei etc. Lista domeniilor de licen\u021b\u0103 compatibile cu programul NU este restrictiv\u0103 (\u00een limitele legii \u0219i ale regulamentului de admitere UBB).<\/span><\/li>\n<li><span style=\"color: #000000;\">Sunt scoase la concurs \u0219i locuri bugetate pentru cet\u0103\u021benii ucrainieni de etnie rom\u00e2n\u0103 care au diplom\u0103 de licen\u021b\u0103 eliberat\u0103 de una din universit\u0103\u021bile de pe lista ministerului.<\/span><\/li>\n<li><span style=\"color: #000000;\">To\u021bi candida\u021bii au competen\u021be de comunicare \u00eentr-una din limbile de larg\u0103 circula\u021bie interna\u021bional\u0103.<\/span><\/li>\n<li><span style=\"color: #000000;\">Programul este adaptat pentru a oferi profesioni\u0219tilor din turism sau din domeniile complementare libertate \u00een alegerea direc\u021biilor de aprofundare \u0219i de cercetare.<\/span><\/li>\n<\/ul>\n<p>[\/vc_column_text]<div style=\"background-color:;height: 30px\" class=\"nicdark_section  \"><\/div>[\/vc_column][\/vc_row][vc_row][vc_column]\n\n  <!--START FOCUS-->\n  <div class=\"nd_options_section nd_options_background_size_cover  \" style=\"background-image:url(https:\/\/geografie.ubbcluj.ro\/admitere\/wp-content\/uploads\/2021\/03\/Teren_2-1024x683.jpg)\">\n                                            \n      <div class=\"nd_options_section nd_options_bg_greydark_alpha_5\">\n          \n          <div class=\"nd_options_section nd_options_text_align_center\">\n          \n            <div class=\"nd_options_section nd_options_height_100\"><\/div>\n              \n            <a rel=\"\" title=\"\" target=\"_blank\" class=\"nd_options_color_white\" href=\"https:\/\/sites.google.com\/view\/geografieubbsighet\/porgrame-de-studii\/turism-%C8%99i-amenajarea-teritoriului\">\n              <h1 class=\"nd_options_margin_0_important nd_options_color_white\">\n                Extensia Sighetu Marma\u021biei\n              <\/h1>\n            <\/a>\n            <div class=\"nd_options_section nd_options_height_20\"><\/div>\n            <h3 class=\"nd_options_margin_0_important nd_options_text_transform_uppercase nd_options_color_white\"><\/h3>\n\n            <div class=\"nd_options_section nd_options_height_100\"><\/div> \n\n          <\/div>\n\n      <\/div>\n\n  <\/div>\n  <!--END FOCUS-->\n\n   [\/vc_column][\/vc_row]<\/p>\n<\/div>","protected":false},"excerpt":{"rendered":"<p>[vc_row][vc_column width=&#8221;1\/2&#8243;][vc_column_text] Cel mai potrivit loc pentru a studia Turism Maramure\u0219ul ofer\u0103 un cadru potrivit pentru a experimenta \u0219i a v\u0103 implementa propriile idei. Este una dintre cele mai importante destina\u021bii turistice na\u021bionale \u0219i \u00eencepe s\u0103 se eviden\u021bieze \u0219i pe plan interna\u021bional. Publica\u021bii prestigioase ca National Geographic \u0219i Lonely Planet plaseaz\u0103 frecvent regiunea noastr\u0103 \u00een [&hellip;]<\/p>\n","protected":false},"author":3,"featured_media":0,"parent":0,"menu_order":0,"comment_status":"closed","ping_status":"closed","template":"","meta":{"footnotes":""},"class_list":["post-1618","page","type-page","status-publish","hentry"],"_links":{"self":[{"href":"https:\/\/geografie.ubbcluj.ro\/admitere\/index.php?rest_route=\/wp\/v2\/pages\/1618","targetHints":{"allow":["GET"]}}],"collection":[{"href":"https:\/\/geografie.ubbcluj.ro\/admitere\/index.php?rest_route=\/wp\/v2\/pages"}],"about":[{"href":"https:\/\/geografie.ubbcluj.ro\/admitere\/index.php?rest_route=\/wp\/v2\/types\/page"}],"author":[{"embeddable":true,"href":"https:\/\/geografie.ubbcluj.ro\/admitere\/index.php?rest_route=\/wp\/v2\/users\/3"}],"replies":[{"embeddable":true,"href":"https:\/\/geografie.ubbcluj.ro\/admitere\/index.php?rest_route=%2Fwp%2Fv2%2Fcomments&post=1618"}],"version-history":[{"count":15,"href":"https:\/\/geografie.ubbcluj.ro\/admitere\/index.php?rest_route=\/wp\/v2\/pages\/1618\/revisions"}],"predecessor-version":[{"id":1859,"href":"https:\/\/geografie.ubbcluj.ro\/admitere\/index.php?rest_route=\/wp\/v2\/pages\/1618\/revisions\/1859"}],"wp:attachment":[{"href":"https:\/\/geografie.ubbcluj.ro\/admitere\/index.php?rest_route=%2Fwp%2Fv2%2Fmedia&parent=1618"}],"curies":[{"name":"wp","href":"https:\/\/api.w.org\/{rel}","templated":true}]}}