{"id":1616,"date":"2021-03-23T20:35:20","date_gmt":"2021-03-23T20:35:20","guid":{"rendered":"http:\/\/geografie.ubbcluj.ro\/admitere\/?page_id=1616"},"modified":"2021-03-25T21:43:50","modified_gmt":"2021-03-25T21:43:50","slug":"edd","status":"publish","type":"page","link":"https:\/\/geografie.ubbcluj.ro\/admitere\/?page_id=1616","title":{"rendered":"ECOTURISM \u0218I DEZVOLTARE DURABIL\u0102"},"content":{"rendered":"<div class=\"wpb-content-wrapper\"><p>[vc_row][vc_column]<div style=\"background-color:;height: 20px\" class=\"nicdark_section  \"><\/div>[\/vc_column][\/vc_row][vc_row][vc_column][vc_column_text]<\/p>\n<h1 style=\"padding-left: 200px;\"><span style=\"color: #ff0000;\"><a style=\"color: #ff0000;\" href=\"http:\/\/extensii.ubbcluj.ro\/gheorgheni\"><strong>\u00d6koturizmus \u00e9s fenntarthat\u00f3 fejleszt\u00e9s<\/strong><\/a><\/span><\/h1>\n<p>[\/vc_column_text][\/vc_column][\/vc_row][vc_row][vc_column]<div style=\"background-color:;height: 40px\" class=\"nicdark_section  \"><\/div>[\/vc_column][\/vc_row][vc_row][vc_column width=&#8221;1\/2&#8243;][vc_video link=&#8221;https:\/\/youtu.be\/-xqWBqFVOqE&#8221;]<div style=\"background-color:;height: 40px\" class=\"nicdark_section  \"><\/div>[\/vc_column][vc_column width=&#8221;1\/2&#8243;][vc_video link=&#8221;https:\/\/youtu.be\/yDKd0fV0-j0&#8243;]<div style=\"background-color:;height: 40px\" class=\"nicdark_section  \"><\/div>[\/vc_column][\/vc_row][vc_row][vc_column width=&#8221;1\/2&#8243;][vc_column_text]<\/p>\n<h1><a href=\"http:\/\/extensii.ubbcluj.ro\/gheorgheni\"><span style=\"color: #ff0000;\"><strong>Ecoturism \u0219i dezvoltare durabil\u0103<\/strong> (la Extensia Gheorgheni)<\/span><\/a><\/h1>\n<ul>\n<li>2 ani, cu frecven\u0163\u0103<\/li>\n<li>limba de predare<strong>:<\/strong> maghiar\u0103<\/li>\n<li>condi\u021bii de admitere: 50% media examenului de licen\u021b\u0103, 50% interviu<\/li>\n<\/ul>\n<p>&nbsp;<\/p>\n<p>Programul urm\u0103re\u015fte dezvoltarea unor competen\u0163e profesionale prin: crearea unui cadru formal riguros fundamentat \u015ftiin\u0163ific \u015fi deopotriv\u0103 cu \u00eenalt\u0103 relevan\u0163\u0103 aplicativ\u0103 \u00een care s\u0103 se formeze viitorii anali\u015fti teritoriali; realizarea unei preg\u0103tiri complexe ancorate la tendin\u0163ele actuale ale economiei de pia\u0163\u0103, const\u00e2nd din competen\u0163e geografice de gestionare a resurselor ecoturistice \u015fi utilizarea lor pe baze durabile; lansarea \u015fi elaborarea de proiecte, planuri \u015fi programe de dezvoltare regional\u0103 \u015fi local\u0103.<\/p>\n<p>Absolvirea specializ\u0103rii va conferi absolven\u0163ilor calificarea de <em>expert \u00een ecoturism \u015fi dezvoltare durabil\u0103<\/em>, cu \u015fanse reale c\u0103tre urm\u0103toarele debu\u015fee profesionale: anali\u015fti la firme de turism, speciali\u015fti \u00een agen\u0163ii de dezvoltare, personal specializat \u00een activit\u0103\u0163ile de amenajare a teritoriului \u015fi urbanism din firmele private de proiectare, precum \u015fi la diferite autorit\u0103\u0163i ale statului, cercet\u0103tori \u015ftiin\u0163ifici \u015fi cadre didactice \u00een unit\u0103\u0163i de cercetare \u015fi institu\u0163ii de \u00eenv\u0103\u0163\u0103m\u00e2nt.[\/vc_column_text][\/vc_column][vc_column width=&#8221;1\/2&#8243;][vc_column_text]<\/p>\n<h1><a href=\"http:\/\/extensii.ubbcluj.ro\/gheorgheni\"><span style=\"color: #ff0000;\"><strong>\u00d6koturizmus \u00e9s fenntarthat\u00f3 fejleszt\u00e9s<\/strong> (a Gyergy\u00f3szentmikl\u00f3si Tagozaton)<\/span><\/a><\/h1>\n<ul>\n<li>2 \u00e9v, nappali<\/li>\n<li>oktat\u00e1si nyelv: magyar<\/li>\n<li>bejut\u00e1si felt\u00e9telek: 50% \u00e1llamvizsga \u00e1tlaga, 50% interj\u00fa<\/li>\n<\/ul>\n<p>&nbsp;<\/p>\n<p>A k\u00e9pz\u00e9s a szakmai kompetenci\u00e1nk fejleszt\u00e9s\u00e9t c\u00e9lozza meg az al\u00e1bbiak alapj\u00e1n: olyan szakmailag \u00e9s tudom\u00e1nyosan megalapozott, de ugyanakkor gyakorlatias keretrendszer kialak\u00edt\u00e1s\u00e1val, amely seg\u00edti a form\u00e1l\u00f3d\u00f3 ter\u00fcleti elemz\u0151k k\u00e9pz\u00e9s\u00e9t; olyan f\u00f6ldrajzi kompetenci\u00e1kat tartalmaz\u00f3, \u00f6sszetett k\u00e9pz\u00e9s \u00e1ltal, amely a jelenlegi \u00e1ll\u00e1spiaci sz\u00fcks\u00e9gleteknek megfelel az \u00f6koturisztikai er\u0151forr\u00e1sok fenntarthat\u00f3 kezel\u00e9s\u00e9re vonatkoz\u00f3an; olyan projektek \u00e9s kutat\u00e1sok kidolgoz\u00e1sa \u00e1ltal, amelyek seg\u00edtik a helyi \u00e9s region\u00e1lis \u00f6koturisztikai ter\u00fcleti fejleszt\u00e9st.<\/p>\n<p>A k\u00e9pz\u00e9s elv\u00e9gz\u00e9se ut\u00e1n a hallgat\u00f3k <em>\u00f6koturisztikai \u00e9s fenntarthat\u00f3 fejleszt\u00e9si szakember<\/em> k\u00e9pes\u00edt\u00e9st kapnak, amely val\u00f3s elhelyezked\u00e9si lehet\u0151s\u00e9get biztos\u00edt a k\u00f6vetkez\u0151 munkak\u00f6r\u00f6kben: turisztikai egys\u00e9gek elemz\u0151jek\u00e9nt, fejleszt\u00e9si \u00fcgyn\u00f6ks\u00e9gek szakemberek\u00e9nt, ter\u00fclet- \u00e9s telep\u00fcl\u00e9s-fejleszt\u00e9si irod\u00e1k vagy \u00e1llami k\u00e9pviseletek szakemberek\u00e9nt, kutat\u00f3 vagy oktat\u00e1si int\u00e9zm\u00e9nyekben tudom\u00e1nyos kutat\u00f3k\u00e9nt vagy tan\u00e1rk\u00e9nt.[\/vc_column_text][\/vc_column][\/vc_row][vc_row][vc_column]<div style=\"background-color:;height: 40px\" class=\"nicdark_section  \"><\/div>[vc_column_text]<\/p>\n<h1><span style=\"color: #ff0000;\">Cursurile specializ\u0103rii\u00a0 \/ Faculty Courses<\/span><\/h1>\n<hr \/>\n<ul>\n<li>&#8220;Introducere \u00een ecoturism \/ Introduction to Ecotourism \/ Bevezet\u00e9s az \u00f6koturizmusba&#8221;<\/li>\n<li>&#8220;Dezvoltarea \u0219i valorificarea ecoturistic\u0103 a spa\u021biului\/ Ecoturistic Development and Marketing\/ A t\u00e9r \u00f6koturisztikai fejleszt\u00e9se \u00e9s hasznos\u00edt\u00e1sa&#8221;<\/li>\n<li>&#8220;Fenomene de risc naturale (\u00een limba englez\u0103) \/ Natural Risk Phenomena (in English) \/ Term\u00e9szeti kock\u00e1zatok (angol nyelven)&#8221;<\/li>\n<li>&#8220;Valorificarea ecoturistic\u0103 a reliefului \/ Ecotouristic Marketing of the Natural Resources \/ A domborzat \u00f6koturisztikai hasznos\u00edt\u00e1sa&#8221;<\/li>\n<li>&#8220;Valorificarea ecoturistic\u0103 a resurselor hidrice \/ Ecotouristc Marketing of the Hidrographic Resources \/ A hidrol\u00f3gia er\u0151for\u00e1ssok \u00f6koturisztikai hasznos\u00edt\u00e1sa&#8221;<\/li>\n<li>&#8220;Resurse geo-demografice \u00een ecoturism \/ Geo-demographic Resources in Ecotourism \/ Geo-demogr\u00e1fiai er\u0151forr\u00e1sok az \u00f6koturizmusban&#8221;<\/li>\n<li>&#8220;Organizarea activit\u0103\u021bilor de ghid turistic \/ Organization of Tourism Guiding Activities \/ Idegenvezet\u0151i tev\u00e9kenys\u00e9gek szervez\u00e9se&#8221;<\/li>\n<li>&#8220;Teorii de dezvoltare regional\u0103 \u00een Rom\u00e2nia \/ Regional Development Theories in Romania \/ Region\u00e1lis fejleszt\u00e9si elm\u00e9letek Rom\u00e1ni\u00e1ban&#8221;<\/li>\n<li>&#8220;Politici \u0219i strategii de dezvoltare durabil\u0103 \/ Sustainable Development Strategies and Policies \/ Fenntarthat\u00f3 fejleszt\u00e9si politik\u00e1k \u00e9s strat\u00e9gi\u00e1k&#8221;<\/li>\n<li>&#8220;GIS \u00een managementul resurselor ecoturistice (\u00een limba englez\u0103) \/ GIS in Ecotourism Resources Management (in English) \/ GIS az \u00f6koturisztikai er\u0151forr\u00e1sok menedzsmentj\u00e9ben (angol nyelven)&#8221;<\/li>\n<li>&#8220;Control de gestiune \u00een unit\u0103\u021bile turistice din Rom\u00e2nia \/ Management Control Within the Tourism Units in Romania \/ Rom\u00e1niai turisztikai egys\u00e9gek kontroll menedzsmentje&#8221;<\/li>\n<li>&#8220;Baze de date turistice \/ Tourism Databases \/ Turisztikai adatb\u00e1zsiok&#8221;<\/li>\n<li>&#8220;Fundamente de antreprenoriat \/ Fundamentals of Entrepreneurship \/ V\u00e1llalkoz\u00f3i alapismeretek&#8221;<\/li>\n<\/ul>\n<p>[\/vc_column_text][\/vc_column][\/vc_row]<\/p>\n<\/div>","protected":false},"excerpt":{"rendered":"<p>[vc_row][vc_column][\/vc_column][\/vc_row][vc_row][vc_column][vc_column_text] \u00d6koturizmus \u00e9s fenntarthat\u00f3 fejleszt\u00e9s [\/vc_column_text][\/vc_column][\/vc_row][vc_row][vc_column][\/vc_column][\/vc_row][vc_row][vc_column width=&#8221;1\/2&#8243;][vc_video link=&#8221;https:\/\/youtu.be\/-xqWBqFVOqE&#8221;][\/vc_column][vc_column width=&#8221;1\/2&#8243;][vc_video link=&#8221;https:\/\/youtu.be\/yDKd0fV0-j0&#8243;][\/vc_column][\/vc_row][vc_row][vc_column width=&#8221;1\/2&#8243;][vc_column_text] Ecoturism \u0219i dezvoltare durabil\u0103 (la Extensia Gheorgheni) 2 ani, cu frecven\u0163\u0103 limba de predare: maghiar\u0103 condi\u021bii de admitere: 50% media examenului de licen\u021b\u0103, 50% interviu &nbsp; Programul urm\u0103re\u015fte dezvoltarea unor competen\u0163e profesionale prin: crearea unui cadru formal riguros fundamentat \u015ftiin\u0163ific \u015fi deopotriv\u0103 cu \u00eenalt\u0103 [&hellip;]<\/p>\n","protected":false},"author":3,"featured_media":0,"parent":0,"menu_order":0,"comment_status":"closed","ping_status":"closed","template":"","meta":{"footnotes":""},"class_list":["post-1616","page","type-page","status-publish","hentry"],"_links":{"self":[{"href":"https:\/\/geografie.ubbcluj.ro\/admitere\/index.php?rest_route=\/wp\/v2\/pages\/1616","targetHints":{"allow":["GET"]}}],"collection":[{"href":"https:\/\/geografie.ubbcluj.ro\/admitere\/index.php?rest_route=\/wp\/v2\/pages"}],"about":[{"href":"https:\/\/geografie.ubbcluj.ro\/admitere\/index.php?rest_route=\/wp\/v2\/types\/page"}],"author":[{"embeddable":true,"href":"https:\/\/geografie.ubbcluj.ro\/admitere\/index.php?rest_route=\/wp\/v2\/users\/3"}],"replies":[{"embeddable":true,"href":"https:\/\/geografie.ubbcluj.ro\/admitere\/index.php?rest_route=%2Fwp%2Fv2%2Fcomments&post=1616"}],"version-history":[{"count":17,"href":"https:\/\/geografie.ubbcluj.ro\/admitere\/index.php?rest_route=\/wp\/v2\/pages\/1616\/revisions"}],"predecessor-version":[{"id":1821,"href":"https:\/\/geografie.ubbcluj.ro\/admitere\/index.php?rest_route=\/wp\/v2\/pages\/1616\/revisions\/1821"}],"wp:attachment":[{"href":"https:\/\/geografie.ubbcluj.ro\/admitere\/index.php?rest_route=%2Fwp%2Fv2%2Fmedia&parent=1616"}],"curies":[{"name":"wp","href":"https:\/\/api.w.org\/{rel}","templated":true}]}}