{"id":1612,"date":"2021-03-23T20:34:41","date_gmt":"2021-03-23T20:34:41","guid":{"rendered":"http:\/\/geografie.ubbcluj.ro\/admitere\/?page_id=1612"},"modified":"2021-03-25T20:18:29","modified_gmt":"2021-03-25T20:18:29","slug":"pdr","status":"publish","type":"page","link":"https:\/\/geografie.ubbcluj.ro\/admitere\/?page_id=1612","title":{"rendered":"PLANIFICARE \u0218I DEZVOLTARE REGIONAL\u0102"},"content":{"rendered":"<div class=\"wpb-content-wrapper\"><p>[vc_row][vc_column]<div style=\"background-color:;height: 30px\" class=\"nicdark_section  \"><\/div>[\/vc_column][\/vc_row][vc_row css=&#8221;.vc_custom_1616702810747{background-image: url(https:\/\/geografie.ubbcluj.ro\/admitere\/wp-content\/uploads\/2021\/03\/sssssssss-scaled.jpg?id=1055) !important;}&#8221;][vc_column width=&#8221;1\/2&#8243;]<div style=\"background-color:;height: 25px\" class=\"nicdark_section  \"><\/div>[vc_column_text]<\/p>\n<h1><strong><span style=\"color: #000000;\">MASTERAT CU FRECVEN\u021a\u0102, \u00ceN LIMBA ROM\u00c2N\u0102<\/span><\/strong><\/h1>\n<p>&nbsp;<\/p>\n<h3><strong><span style=\"color: #000000;\">Vrei s\u0103 \u0219tii cum po\u021bi s\u0103&#8230;.<\/span><\/strong><\/h3>\n<ul>\n<li><span style=\"color: #000000;\">&#8211; concepi proiecte, planuri \u0219i programe de dezvoltare regional\u0103? <\/span><\/li>\n<li><span style=\"color: #000000;\">&#8211; lucrezi \u00een parteneriat cu prim\u0103ria, consiliul jude\u021bean sau chiar ministere?<\/span><\/li>\n<li><span style=\"color: #000000;\"> &#8211; gestionezi informa\u021bii geografice pentru a realiza analize teritoriale \u00eentr-un mod profesionist?<\/span><\/li>\n<\/ul>\n<h2 style=\"text-align: right;\"><strong><span style=\"color: #ff0000;\">&#8230;\u0219i s\u0103 faci bani din asta?<\/span><\/strong><\/h2>\n<p>&nbsp;<\/p>\n<h1><strong><span style=\"color: #000000;\">Po\u021bi deveni:<\/span><\/strong><\/h1>\n<ul style=\"list-style-type: square;\">\n<li><span style=\"font-size: 14pt; color: #000000;\">Consilier dezvoltare local\u0103<\/span><\/li>\n<li><span style=\"font-size: 14pt; color: #000000;\">Specialist \u00een Agen\u021bii de Dezvoltare Regional\u0103 (ADR)<\/span><\/li>\n<li><span style=\"font-size: 14pt; color: #000000;\">Analist &#8211; proiectare \u00een urbanism \u0219i amenajarea teritoriului<\/span><\/li>\n<li><span style=\"font-size: 14pt; color: #000000;\">Cercet\u0103tor \u0219tiin\u021bific<\/span><\/li>\n<li><span style=\"font-size: 14pt; color: #000000;\">Cadru didactic \u00een cercetare sau \u00eenv\u0103\u021b\u0103m\u00e2nt<\/span><\/li>\n<\/ul>\n<p>[\/vc_column_text]<div style=\"background-color:;height: 50px\" class=\"nicdark_section  \"><\/div>[vc_column_text]<\/p>\n<h2><strong><span style=\"color: #000000;\">Vei avea ocazia s\u0103 studiezi despre&#8230;<\/span><\/strong><\/h2>\n<ul>\n<li><span style=\"color: #000000;\">Strategii de dezvoltare regional\u0103 <\/span><\/li>\n<li><span style=\"color: #000000;\">Reconstruc\u021bie peisagistic\u0103 <\/span><\/li>\n<li><span style=\"color: #000000;\">Marketing teritorial <\/span><\/li>\n<li><span style=\"color: #000000;\">GIS aplicat \u00een abord\u0103ri regionale <\/span><\/li>\n<li><span style=\"color: #000000;\">Guvernan\u021ba teritorial\u0103 <\/span><\/li>\n<\/ul>\n<p style=\"text-align: right;\"><span style=\"color: #ff0000; font-size: 18pt;\"><strong>&#8230;\u0219i multe alte lucruri interesante!<\/strong><\/span><\/p>\n<p>[\/vc_column_text]<div style=\"background-color:;height: 50px\" class=\"nicdark_section  \"><\/div>[vc_images_carousel images=&#8221;1232,1379,1381,1371,1372,1373,1374,1375,1376&#8243; img_size=&#8221;500&#215;300&#8243;][\/vc_column][vc_column width=&#8221;1\/2&#8243;]<div style=\"background-color:;height: 25px\" class=\"nicdark_section  \"><\/div>[vc_video link=&#8221;https:\/\/youtu.be\/E4ho1JdgTWM&#8221;]<div style=\"background-color:;height: 40px\" class=\"nicdark_section  \"><\/div>[vc_single_image image=&#8221;1686&#8243; img_size=&#8221;full&#8221;]<div style=\"background-color:;height: 25px\" class=\"nicdark_section  \"><\/div>[\/vc_column][\/vc_row]<\/p>\n<\/div>","protected":false},"excerpt":{"rendered":"<p>[vc_row][vc_column][\/vc_column][\/vc_row][vc_row css=&#8221;.vc_custom_1616702810747{background-image: url(https:\/\/geografie.ubbcluj.ro\/admitere\/wp-content\/uploads\/2021\/03\/sssssssss-scaled.jpg?id=1055) !important;}&#8221;][vc_column width=&#8221;1\/2&#8243;][vc_column_text] MASTERAT CU FRECVEN\u021a\u0102, \u00ceN LIMBA ROM\u00c2N\u0102 &nbsp; Vrei s\u0103 \u0219tii cum po\u021bi s\u0103&#8230;. &#8211; concepi proiecte, planuri \u0219i programe de dezvoltare regional\u0103? &#8211; lucrezi \u00een parteneriat cu prim\u0103ria, consiliul jude\u021bean sau chiar ministere? &#8211; gestionezi informa\u021bii geografice pentru a realiza analize teritoriale \u00eentr-un mod profesionist? &#8230;\u0219i s\u0103 faci bani din [&hellip;]<\/p>\n","protected":false},"author":3,"featured_media":0,"parent":0,"menu_order":0,"comment_status":"closed","ping_status":"closed","template":"","meta":{"footnotes":""},"class_list":["post-1612","page","type-page","status-publish","hentry"],"_links":{"self":[{"href":"https:\/\/geografie.ubbcluj.ro\/admitere\/index.php?rest_route=\/wp\/v2\/pages\/1612","targetHints":{"allow":["GET"]}}],"collection":[{"href":"https:\/\/geografie.ubbcluj.ro\/admitere\/index.php?rest_route=\/wp\/v2\/pages"}],"about":[{"href":"https:\/\/geografie.ubbcluj.ro\/admitere\/index.php?rest_route=\/wp\/v2\/types\/page"}],"author":[{"embeddable":true,"href":"https:\/\/geografie.ubbcluj.ro\/admitere\/index.php?rest_route=\/wp\/v2\/users\/3"}],"replies":[{"embeddable":true,"href":"https:\/\/geografie.ubbcluj.ro\/admitere\/index.php?rest_route=%2Fwp%2Fv2%2Fcomments&post=1612"}],"version-history":[{"count":19,"href":"https:\/\/geografie.ubbcluj.ro\/admitere\/index.php?rest_route=\/wp\/v2\/pages\/1612\/revisions"}],"predecessor-version":[{"id":1775,"href":"https:\/\/geografie.ubbcluj.ro\/admitere\/index.php?rest_route=\/wp\/v2\/pages\/1612\/revisions\/1775"}],"wp:attachment":[{"href":"https:\/\/geografie.ubbcluj.ro\/admitere\/index.php?rest_route=%2Fwp%2Fv2%2Fmedia&parent=1612"}],"curies":[{"name":"wp","href":"https:\/\/api.w.org\/{rel}","templated":true}]}}