{"id":1517,"date":"2021-03-21T05:45:17","date_gmt":"2021-03-21T05:45:17","guid":{"rendered":"http:\/\/geografie.ubbcluj.ro\/admitere\/?page_id=1517"},"modified":"2023-06-29T05:53:25","modified_gmt":"2023-06-29T05:53:25","slug":"adt","status":"publish","type":"page","link":"https:\/\/geografie.ubbcluj.ro\/admitere\/?page_id=1517","title":{"rendered":"AMENAJARE \u0218I DEZVOLTARE TURISTIC\u0102"},"content":{"rendered":"<div class=\"wpb-content-wrapper\"><p>[vc_row][vc_column]<div style=\"background-color:;height: 30px\" class=\"nicdark_section  \"><\/div>[\/vc_column][\/vc_row][vc_row css=&#8221;.vc_custom_1616357096594{background-image: url(https:\/\/geografie.ubbcluj.ro\/admitere\/wp-content\/uploads\/2021\/03\/sssssssss-scaled.jpg?id=1055) !important;}&#8221;][vc_column width=&#8221;1\/2&#8243;]<div style=\"background-color:;height: 25px\" class=\"nicdark_section  \"><\/div>[vc_column_text]<\/p>\n<h2><strong><span style=\"color: #000000;\">MASTERAT CU FRECVEN\u021a\u0102, \u00ceN LIMBA ROM\u00c2N\u0102<\/span><\/strong><\/h2>\n<p>&nbsp;<\/p>\n<h3><strong><span style=\"color: #000000;\">\u00ce\u021bi dore\u0219ti s\u0103 po\u021bi s\u0103&#8230;.<\/span><\/strong><\/h3>\n<ul>\n<li><span style=\"color: #000000;\">&#8211; dezvol\u021bi \u0219i conduci propria afacere \u00een turism?<\/span><\/li>\n<li><span style=\"color: #000000;\">&#8211; \u0219tii tot ce se poate despre management \u0219i marketing turistic?<\/span><\/li>\n<li><span style=\"color: #000000;\">&#8211; contribui la dezvoltarea turismului prin lucr\u0103ri de cercetare geografice \u0219i economice?<\/span><\/li>\n<li><span style=\"color: #000000;\">&#8211; creezi pachete turistice mai atractive \u0219i originale?<\/span><\/li>\n<li><span style=\"color: #000000;\">&#8211; c\u0103l\u0103tore\u0219ti prin toat\u0103 lumea f\u0103c\u00e2nd ceea ce \u00ee\u021bi place?<\/span><\/li>\n<\/ul>\n<h3 style=\"text-align: right;\"><strong><span style=\"color: #000000;\">&#8230;\u0219i s\u0103 faci bani din asta?<\/span><\/strong><\/h3>\n<p>[\/vc_column_text]<div style=\"background-color:;height: 25px\" class=\"nicdark_section  \"><\/div>[vc_column_text]<\/p>\n<h3 style=\"text-align: left;\"><span style=\"color: #000000;\">Preg\u0103te\u0219te-\u021bi \u0219i TU cariera<\/span><\/h3>\n<p>&nbsp;<\/p>\n<h3 style=\"text-align: center;\"><span style=\"color: #000000;\">\u00eentr-unul din cele mai dinamice domenii:<\/span><\/h3>\n<p>&nbsp;<\/p>\n<h2 style=\"text-align: right;\"><span style=\"color: #ff0000;\"><strong>TURISMUL !<\/strong><\/span><\/h2>\n<p>[\/vc_column_text]<div style=\"background-color:;height: 40px\" class=\"nicdark_section  \"><\/div>[vc_column_text]<\/p>\n<h1><span style=\"color: #000000;\"><strong>Principalele debu\u0219ee profesionale:<\/strong><\/span><\/h1>\n<ul>\n<li><span style=\"color: #000000;\">Analist \u00een turism <\/span><\/li>\n<li><span style=\"color: #000000;\">Director agen\u021bie touroperatore\/detailist\u0103<\/span><\/li>\n<li><span style=\"color: #000000;\">Director unitate de cazare<\/span><\/li>\n<li><span style=\"color: #000000;\"> Manager de produs turistic <\/span><\/li>\n<li><span style=\"color: #000000;\">Perfec\u021bionare tehnici de ghidaj na\u021bional\/interna\u021bional<\/span><\/li>\n<li><span style=\"color: #000000;\">Cercet\u0103tor \u0219tiin\u021bific <\/span><\/li>\n<li><span style=\"color: #000000;\">Cadru didactic<\/span><\/li>\n<\/ul>\n<p>[\/vc_column_text]<div style=\"background-color:;height: 50px\" class=\"nicdark_section  \"><\/div>[vc_column_text]<\/p>\n<h3><strong><span style=\"color: #000000;\">Vei avea ocazia s\u0103-\u021bi perfec\u021bionezi cuno\u0219tin\u021bele despre&#8230;<\/span><\/strong><\/h3>\n<ul style=\"list-style-type: square;\">\n<li><span style=\"color: #000000;\">Geobranding de destina\u021bie \u0219i produsele turistice personalizate<\/span><\/li>\n<li><span style=\"color: #000000;\">Marketingul structurilor de primire turistic\u0103<\/span><\/li>\n<li><span style=\"color: #000000;\">Strategii de amenajare teritorial\u0103<\/span><\/li>\n<li><span style=\"color: #000000;\">Tehnici de analiz\u0103 \u00een turism (\u00een limba englez\u0103)<\/span><\/li>\n<li><\/li>\n<\/ul>\n<h3 style=\"text-align: right;\"><span style=\"color: #ff0000;\"><strong>&#8230;.\u0219i multe alte lucruri utile!<\/strong><\/span><\/h3>\n<p>[\/vc_column_text][\/vc_column][vc_column width=&#8221;1\/2&#8243;]<div style=\"background-color:;height: 25px\" class=\"nicdark_section  \"><\/div>[vc_video link=&#8221;https:\/\/youtu.be\/FklaDbNQDWA&#8221;]<div style=\"background-color:;height: 25px\" class=\"nicdark_section  \"><\/div>[vc_single_image image=&#8221;3601&#8243; img_size=&#8221;full&#8221;]<div style=\"background-color:;height: 25px\" class=\"nicdark_section  \"><\/div>[\/vc_column][\/vc_row]<\/p>\n<\/div>","protected":false},"excerpt":{"rendered":"<p>[vc_row][vc_column][\/vc_column][\/vc_row][vc_row css=&#8221;.vc_custom_1616357096594{background-image: url(https:\/\/geografie.ubbcluj.ro\/admitere\/wp-content\/uploads\/2021\/03\/sssssssss-scaled.jpg?id=1055) !important;}&#8221;][vc_column width=&#8221;1\/2&#8243;][vc_column_text] MASTERAT CU FRECVEN\u021a\u0102, \u00ceN LIMBA ROM\u00c2N\u0102 &nbsp; \u00ce\u021bi dore\u0219ti s\u0103 po\u021bi s\u0103&#8230;. &#8211; dezvol\u021bi \u0219i conduci propria afacere \u00een turism? &#8211; \u0219tii tot ce se poate despre management \u0219i marketing turistic? &#8211; contribui la dezvoltarea turismului prin lucr\u0103ri de cercetare geografice \u0219i economice? &#8211; creezi pachete turistice mai atractive \u0219i [&hellip;]<\/p>\n","protected":false},"author":3,"featured_media":0,"parent":0,"menu_order":0,"comment_status":"closed","ping_status":"closed","template":"","meta":{"footnotes":""},"class_list":["post-1517","page","type-page","status-publish","hentry"],"_links":{"self":[{"href":"https:\/\/geografie.ubbcluj.ro\/admitere\/index.php?rest_route=\/wp\/v2\/pages\/1517","targetHints":{"allow":["GET"]}}],"collection":[{"href":"https:\/\/geografie.ubbcluj.ro\/admitere\/index.php?rest_route=\/wp\/v2\/pages"}],"about":[{"href":"https:\/\/geografie.ubbcluj.ro\/admitere\/index.php?rest_route=\/wp\/v2\/types\/page"}],"author":[{"embeddable":true,"href":"https:\/\/geografie.ubbcluj.ro\/admitere\/index.php?rest_route=\/wp\/v2\/users\/3"}],"replies":[{"embeddable":true,"href":"https:\/\/geografie.ubbcluj.ro\/admitere\/index.php?rest_route=%2Fwp%2Fv2%2Fcomments&post=1517"}],"version-history":[{"count":41,"href":"https:\/\/geografie.ubbcluj.ro\/admitere\/index.php?rest_route=\/wp\/v2\/pages\/1517\/revisions"}],"predecessor-version":[{"id":3602,"href":"https:\/\/geografie.ubbcluj.ro\/admitere\/index.php?rest_route=\/wp\/v2\/pages\/1517\/revisions\/3602"}],"wp:attachment":[{"href":"https:\/\/geografie.ubbcluj.ro\/admitere\/index.php?rest_route=%2Fwp%2Fv2%2Fmedia&parent=1517"}],"curies":[{"name":"wp","href":"https:\/\/api.w.org\/{rel}","templated":true}]}}