{"id":1447,"date":"2021-03-17T22:24:32","date_gmt":"2021-03-17T22:24:32","guid":{"rendered":"http:\/\/geografie.ubbcluj.ro\/admitere\/?page_id=1447"},"modified":"2022-03-25T10:48:14","modified_gmt":"2022-03-25T10:48:14","slug":"specializarea-hidrologie-si-meteorologie","status":"publish","type":"page","link":"https:\/\/geografie.ubbcluj.ro\/admitere\/?page_id=1447","title":{"rendered":"Specializarea Hidrologie \u015fi Meteorologie"},"content":{"rendered":"<div class=\"wpb-content-wrapper\"><p>[vc_row][vc_column width=&#8221;1\/2&#8243;]<div style=\"background-color:;height: 50px\" class=\"nicdark_section  \"><\/div>[vc_column_text]<\/p>\n<h2 style=\"text-align: center;\"><b><i>Aerul \u0219i apa, esen\u021ba vie\u021bii!<\/i><\/b><\/h2>\n<hr \/>\n<p>&nbsp;<\/p>\n<h3><b><i> DE CE Hidrologie \u0219i Meteorologie?<\/i><\/b><\/h3>\n<p>\ud83d\udd39devii capabil s\u0103 faci observa\u0163ii, m\u0103sur\u0103tori \u015fi, finalmente, prognoze hidrologice \u0219i meteorologice, indispensabile \u00een cunoa\u015fterea \u015fi valorificarea eficient\u0103 a resurselor esen\u0163iale pentru existen\u0163a vie\u0163ii pe Terra: Apa \u015fi Aerul<\/p>\n<p>\ud83d\udd39ofer\u0103 perspectiva form\u0103rii de speciali\u0219ti cu \u00eenalte competen\u0163e \u00een gestionarea efectelor fenomenelor hidrologice \u0219i meteo-climatice de risc (inunda\u0163ii, ploi toren\u021biale, furtuni, viituri, etc.)<\/p>\n<p>&nbsp;<\/p>\n<h3><b><i> CE profesez dup\u0103 absolvire?<\/i><\/b><\/h3>\n<p>\ud83d\udd39hidrolog<\/p>\n<p>\ud83d\udd39meteorolog la sta\u0163iile hidrologice\/hidrometrice\/meteorologice<\/p>\n<p>\ud83d\udd39climatolog<\/p>\n<p>&nbsp;<\/p>\n<h3><b><i> UNDE voi putea profesa?<\/i><\/b><\/h3>\n<p>\ud83d\udd39Administra\u021bia Na\u021bional\u0103 de Meteorologie<\/p>\n<p>\ud83d\udd39Institutul Na\u021bional de Hidrologie \u0219i Gospod\u0103rire a Apelor<\/p>\n<hr \/>\n<p>[\/vc_column_text]<div style=\"background-color:;height: 50px\" class=\"nicdark_section  \"><\/div>[vc_video link=&#8221;https:\/\/youtu.be\/XqS-gfictT4&#8243;][\/vc_column][vc_column width=&#8221;1\/2&#8243;][vc_single_image image=&#8221;2704&#8243; img_size=&#8221;large&#8221;]<div style=\"background-color:;height: 50px\" class=\"nicdark_section  \"><\/div>[vc_images_carousel images=&#8221;1237,1232,1233,1235,1236,1228,1201,1199,1198,1229,1239,1380,1238&#8243; img_size=&#8221;500&#215;250&#8243; speed=&#8221;3000&#8243; autoplay=&#8221;yes&#8221; wrap=&#8221;yes&#8221;][\/vc_column][\/vc_row][vc_row][vc_column][vc_column_text]<\/p>\n<h2>Cursurile specializ\u0103rii\u00a0 \/ Faculty Courses<\/h2>\n<p>&nbsp;<\/p>\n<table style=\"border-collapse: collapse; width: 100%;\">\n<tbody>\n<tr>\n<td style=\"width: 50%;\">\n<ul>\n<li>Geografie general\u0103 \/ General Geography<\/li>\n<li>Hidrogeologie \/ Hydrogeology<\/li>\n<li>Cartografie \/ Cartography<\/li>\n<li>Meteorologie general\u0103 \/ General Meteorology<\/li>\n<li>Potamologie \/ Potamology<\/li>\n<li>Chimia mediului hidroatmosferic \/ Chemistry of Water and Air Environment<\/li>\n<li>Topografie \/ Topography<\/li>\n<li>Climatologic general\u0103 \/ General Climatology<\/li>\n<li>Limnologia bazinelor de acumulare \/ Lymnology of Reservoirs<\/li>\n<li>Geomorfologie cu elemente de geologie \/ Geomorphology and Elements of Geology<\/li>\n<li>Metode \u015fi tehnici de analiz\u0103 \u00een hidrometeorologic \/ Methods and Techniques of Analysis in Hydrometeorology<\/li>\n<li>Geografia fizic\u0103 a Rom\u00e2niei \/ Physical Geography of Romania<\/li>\n<li>Teledetec\u0163ie \u015fi aerofotointerpretare \/ Remote Sensing and Aerial Photo Interpretation<\/li>\n<li>Geografia regional\u0103 a Rom\u00e2niei \/ Regional Geography of Romania<\/li>\n<li>Oceanologie \/Oceanology<\/li>\n<li>Cadastrul apelor \/ Water Survey<\/li>\n<\/ul>\n<\/td>\n<td style=\"width: 50%;\">\n<ul>\n<li>Hidrometrie \u015fi prelucrarea primar\u0103 a datelor \/ Hydrological Measurements and Primary Data Processing<\/li>\n<li>Observa\u0163ii \u015fi m\u0103sur\u0103tori meteorologice \/ Meteorological Observationsand Measurements<\/li>\n<li>Meteorologie sinoptic\u0103 \/ Synoptic Meteorology<\/li>\n<li>Microclimatologie \u015fi topoclimatologie \/ Microclimatology and Topoclimatology<\/li>\n<li>Regimul scurgerii naturale a r\u00e2urilor \/ Types of Natural Flow of Rivers<\/li>\n<li>Hazarde \u015fi riscuri climatice \/ Hazards and Climatic Risks<\/li>\n<li>Hazarde \u015fi riscuri hidrice \/ Hydrological hazards and risks<\/li>\n<li>Geografia hidroenergetic\u0103 a Rom\u00e2niei \/ Geography of Hydroelectric Power in Romania<\/li>\n<li>Peisaje geografice asociate bazinelor hidrografice \/ Geographical Landscapes Within Catchment Areas<\/li>\n<li>Meteorologie aeronautic\u0103 \/ Aeronautic Meteorology<\/li>\n<li>Aliment\u0103ri cu ap\u0103 \/ Water Supplies<\/li>\n<li>Climatologie urban\u0103 \/ Urban Climatology<\/li>\n<li>Fizica fluidelor \/ Fluid Physics<\/li>\n<li>Limba str\u0103in\u0103 \/ Foreign Language<\/li>\n<li>Educa\u0163ie fizic\u0103 \/ Sports<\/li>\n<li>Ini\u0163iere \u00een informatic\u0103 \u015fi GIS \/ Introduction to Information Technology and GIS<\/li>\n<li>Matematic\u0103 aplicat\u0103 \u00een Hidrologie \u015fi Meteorologie \/Applied Mathematics in Hydrology and Meteorologi<\/li>\n<\/ul>\n<\/td>\n<\/tr>\n<\/tbody>\n<\/table>\n<p>[\/vc_column_text][\/vc_column][\/vc_row]<\/p>\n<\/div>","protected":false},"excerpt":{"rendered":"<p>[vc_row][vc_column width=&#8221;1\/2&#8243;][vc_column_text] Aerul \u0219i apa, esen\u021ba vie\u021bii! &nbsp; DE CE Hidrologie \u0219i Meteorologie? \ud83d\udd39devii capabil s\u0103 faci observa\u0163ii, m\u0103sur\u0103tori \u015fi, finalmente, prognoze hidrologice \u0219i meteorologice, indispensabile \u00een cunoa\u015fterea \u015fi valorificarea eficient\u0103 a resurselor esen\u0163iale pentru existen\u0163a vie\u0163ii pe Terra: Apa \u015fi Aerul \ud83d\udd39ofer\u0103 perspectiva form\u0103rii de speciali\u0219ti cu \u00eenalte competen\u0163e \u00een gestionarea efectelor fenomenelor hidrologice [&hellip;]<\/p>\n","protected":false},"author":3,"featured_media":0,"parent":0,"menu_order":0,"comment_status":"closed","ping_status":"closed","template":"","meta":{"footnotes":""},"class_list":["post-1447","page","type-page","status-publish","hentry"],"_links":{"self":[{"href":"https:\/\/geografie.ubbcluj.ro\/admitere\/index.php?rest_route=\/wp\/v2\/pages\/1447","targetHints":{"allow":["GET"]}}],"collection":[{"href":"https:\/\/geografie.ubbcluj.ro\/admitere\/index.php?rest_route=\/wp\/v2\/pages"}],"about":[{"href":"https:\/\/geografie.ubbcluj.ro\/admitere\/index.php?rest_route=\/wp\/v2\/types\/page"}],"author":[{"embeddable":true,"href":"https:\/\/geografie.ubbcluj.ro\/admitere\/index.php?rest_route=\/wp\/v2\/users\/3"}],"replies":[{"embeddable":true,"href":"https:\/\/geografie.ubbcluj.ro\/admitere\/index.php?rest_route=%2Fwp%2Fv2%2Fcomments&post=1447"}],"version-history":[{"count":12,"href":"https:\/\/geografie.ubbcluj.ro\/admitere\/index.php?rest_route=\/wp\/v2\/pages\/1447\/revisions"}],"predecessor-version":[{"id":2712,"href":"https:\/\/geografie.ubbcluj.ro\/admitere\/index.php?rest_route=\/wp\/v2\/pages\/1447\/revisions\/2712"}],"wp:attachment":[{"href":"https:\/\/geografie.ubbcluj.ro\/admitere\/index.php?rest_route=%2Fwp%2Fv2%2Fmedia&parent=1447"}],"curies":[{"name":"wp","href":"https:\/\/api.w.org\/{rel}","templated":true}]}}