{"id":1441,"date":"2021-03-17T22:03:35","date_gmt":"2021-03-17T22:03:35","guid":{"rendered":"http:\/\/geografie.ubbcluj.ro\/admitere\/?page_id=1441"},"modified":"2023-06-08T05:43:03","modified_gmt":"2023-06-08T05:43:03","slug":"specializarea-planificare-teritoriala","status":"publish","type":"page","link":"https:\/\/geografie.ubbcluj.ro\/admitere\/?page_id=1441","title":{"rendered":"Specializarea Planificare Teritorial\u0103"},"content":{"rendered":"<div class=\"wpb-content-wrapper\"><p>[vc_row][vc_column width=&#8221;1\/2&#8243;][vc_column_text]<\/p>\n<h2 style=\"text-align: center;\"><b><i>Planific\u00e2nd teritoriul \u00ee\u021bi dezvol\u021bi viitorul!<\/i><\/b><\/h2>\n<hr \/>\n<p><code>\u00a0<\/code><\/p>\n<h3><b><i>DE CE\u00a0 <\/i><\/b><b><i>Planificare teritorial\u0103 <\/i><\/b><b><i>?<\/i><\/b><\/h3>\n<p>\ud83d\udd39gestioneaz\u0103 dinamica teritoriului, proiecteaz\u0103 dezvoltarea acestuia \u0219i pune accent pe dezvoltarea competen\u021belor profesionale prin utilizarea instrumentelor GIS (Sisteme Informa\u021bionale Geografice)<\/p>\n<p>\ud83d\udd39po\u021bi profesa \u00eentr-un domeniu care te \u021bine mereu conectat la prezent pentru a oferi cele mai bune solu\u021bii de viitor<\/p>\n<p>\ud83d\udd39formeaz\u0103 deprinderile \u0219i abilit\u0103\u021bile necesare pentru a activa \u00een domeniul amenaj\u0103rii teritoriului \u0219i urbanism<\/p>\n<h3><code><br \/>\n<\/code><b><i>CE <\/i><\/b><b><i>profesez<\/i><\/b> <b><i>dup\u0103<\/i><\/b> <b><i>absolvire<\/i><\/b><b><i> ?<br \/>\n<\/i><\/b><\/h3>\n<p>\ud83d\udd39analist teritorial<\/p>\n<p>\ud83d\udd39administrator de risc<\/p>\n<p>\ud83d\udd39planificator\/specialist plan sinteze<br \/>\n<code><br \/>\n<\/code><\/p>\n<h3><b><i>UNDE <\/i><\/b><b><i>voi<\/i><\/b> <b><i>putea<\/i><\/b> <b><i>profesa<\/i><\/b><b><i> ?<br \/>\n<\/i><\/b><\/h3>\n<p>\ud83d\udd39Direc\u021bii de urbanism \u0219i amenajarea teritoriului<\/p>\n<p>\ud83d\udd39Institu\u021bii ale administra\u021biei publice locale, jude\u021bene \u0219i na\u021bionale<\/p>\n<p>\ud83d\udd39Firme de proiectare \u00een urbanism \u0219i amenajarea teritoriului<\/p>\n<p>\ud83d\udd39Agen\u021bii de dezvoltare regional\u0103<\/p>\n<p>\ud83d\udd39Institu\u021bii de cercetare<\/p>\n<hr \/>\n<p>[\/vc_column_text]<div style=\"background-color:;height: 50px\" class=\"nicdark_section  \"><\/div>[vc_video link=&#8221;https:\/\/youtu.be\/q_KTI_IxhKg&#8221;][\/vc_column][vc_column width=&#8221;1\/2&#8243;][vc_single_image image=&#8221;2705&#8243; img_size=&#8221;large&#8221;]<div style=\"background-color:;height: 50px\" class=\"nicdark_section  \"><\/div>[vc_images_carousel images=&#8221;1235,1199,1236,1237,1376,1375,1373,1372,1371,1370,1380,1379,1239,1229,1200,1228&#8243; img_size=&#8221;500&#215;200&#8243;][\/vc_column][\/vc_row][vc_row][vc_column]<div style=\"background-color:;height: 50px\" class=\"nicdark_section  \"><\/div>[vc_column_text]<\/p>\n<h1 class=\"heading heading-full\">Cursurile specializ\u0103rii\u00a0 \/ Faculty Courses<\/h1>\n<p>&nbsp;<\/p>\n<table style=\"border-collapse: collapse; width: 100%;\">\n<tbody>\n<tr>\n<td style=\"width: 50%;\">\n<ul>\n<li>Geografie general\u0103 \/ General Geography<\/li>\n<li>Demografie \u015fi habitat! Demography and Settlement<\/li>\n<li>Geografie regional\u0103 general\u0103 \/General Regional Geography<\/li>\n<li>Metode cantitative \u00een planning \/ Quantitative Methods in Planning<\/li>\n<li>Geomorfologie cu elemente de geologie \/ Geomorphology with Elements of Geology<\/li>\n<li>Topografie-Cartografie (digital\u0103) \/ Topography and Digital Cartography<\/li>\n<li>Geografia mediului \/ Geography of Environment<\/li>\n<li>Pedogeografie \/ Soil Science<\/li>\n<li>Hidrologie \u015fi amenajarea bazinelor hidrografice \/ Hydrology and Planning of Drainage Basins<\/li>\n<li>Geografia regional\u0103 a Rom\u00e2niei \/ Regional Geography of Romania<\/li>\n<li>Organizarea spa\u0163iului geografic \/ Geographical Space Organisation<\/li>\n<li>Teledetec\u0163ie \u015fi aerofotointerpretare \/ Remote Sensing and Aerial Photo Interpretation<\/li>\n<li>Managementul proiectelor de dezvoltare \/ Management of the Development Projects<\/li>\n<li>Introducere \u00een planificarea teritoriului \/ Introduction to Regional Planning<\/li>\n<\/ul>\n<\/td>\n<td style=\"width: 50%;\">\n<ul>\n<li>Sisteme informatice geografice (GIS) \/ Geographical Information Systems (G1S)<\/li>\n<li>Planning rural \/ Rural Planning<\/li>\n<li>Planning urban i Urban Planning<\/li>\n<li>Institu\u0163ii \u015fi legisla\u0163ie privind urbanismul \u015fi amenajarea teritorial\u0103 \/ Institutions and Legislation Regarding the Town and Country Planning<\/li>\n<li>Geografie aplicat\u0103 \u015fi planificarea teritorial\u0103 \/ Applied Geography and Regional Planning<\/li>\n<li>Proiectare teritorial\u0103 \/ Territorial Design<\/li>\n<li>\u00cembun\u0103t\u0103\u0163iri funciare \/ Land Improvement<\/li>\n<li>Aliment\u0103ri cu ap\u0103 \/ Water Supplies<\/li>\n<li>Amenajare regional\u0103 \u015fi dezvoltare local\u0103 \/ Regional Planning and Local Development<\/li>\n<li>Fenomene \u015fi procese geografice de risc \/ Geographical Phenomena and Processes of Risk<\/li>\n<li>Infrastructuri teritoriale \/ Territorial Infrastructures<\/li>\n<li>Politici de dezvoltare regional\u0103 \u015fi amenajarea teritoriului \/ Policies of Regional Development and Regional Planning<\/li>\n<li>Introducere \u00een geoinformatic\u0103 \/ Introduction to Information Technology for Geographers<\/li>\n<li>Limba str\u0103in\u0103 \/ Foreign Language<\/li>\n<li>Educa\u0163ie fizic\u0103 \/ Sports<\/li>\n<li>Cadastru \/ Land Survey<\/li>\n<\/ul>\n<\/td>\n<\/tr>\n<\/tbody>\n<\/table>\n<p>[\/vc_column_text][\/vc_column][\/vc_row]<\/p>\n<\/div>","protected":false},"excerpt":{"rendered":"<p>[vc_row][vc_column width=&#8221;1\/2&#8243;][vc_column_text] Planific\u00e2nd teritoriul \u00ee\u021bi dezvol\u021bi viitorul! \u00a0 DE CE\u00a0 Planificare teritorial\u0103 ? \ud83d\udd39gestioneaz\u0103 dinamica teritoriului, proiecteaz\u0103 dezvoltarea acestuia \u0219i pune accent pe dezvoltarea competen\u021belor profesionale prin utilizarea instrumentelor GIS (Sisteme Informa\u021bionale Geografice) \ud83d\udd39po\u021bi profesa \u00eentr-un domeniu care te \u021bine mereu conectat la prezent pentru a oferi cele mai bune solu\u021bii de viitor \ud83d\udd39formeaz\u0103 deprinderile [&hellip;]<\/p>\n","protected":false},"author":3,"featured_media":0,"parent":0,"menu_order":0,"comment_status":"closed","ping_status":"closed","template":"","meta":{"footnotes":""},"class_list":["post-1441","page","type-page","status-publish","hentry"],"_links":{"self":[{"href":"https:\/\/geografie.ubbcluj.ro\/admitere\/index.php?rest_route=\/wp\/v2\/pages\/1441","targetHints":{"allow":["GET"]}}],"collection":[{"href":"https:\/\/geografie.ubbcluj.ro\/admitere\/index.php?rest_route=\/wp\/v2\/pages"}],"about":[{"href":"https:\/\/geografie.ubbcluj.ro\/admitere\/index.php?rest_route=\/wp\/v2\/types\/page"}],"author":[{"embeddable":true,"href":"https:\/\/geografie.ubbcluj.ro\/admitere\/index.php?rest_route=\/wp\/v2\/users\/3"}],"replies":[{"embeddable":true,"href":"https:\/\/geografie.ubbcluj.ro\/admitere\/index.php?rest_route=%2Fwp%2Fv2%2Fcomments&post=1441"}],"version-history":[{"count":13,"href":"https:\/\/geografie.ubbcluj.ro\/admitere\/index.php?rest_route=\/wp\/v2\/pages\/1441\/revisions"}],"predecessor-version":[{"id":2713,"href":"https:\/\/geografie.ubbcluj.ro\/admitere\/index.php?rest_route=\/wp\/v2\/pages\/1441\/revisions\/2713"}],"wp:attachment":[{"href":"https:\/\/geografie.ubbcluj.ro\/admitere\/index.php?rest_route=%2Fwp%2Fv2%2Fmedia&parent=1441"}],"curies":[{"name":"wp","href":"https:\/\/api.w.org\/{rel}","templated":true}]}}