{"id":1425,"date":"2021-03-17T21:40:23","date_gmt":"2021-03-17T21:40:23","guid":{"rendered":"http:\/\/geografie.ubbcluj.ro\/admitere\/?page_id=1425"},"modified":"2025-12-16T10:01:38","modified_gmt":"2025-12-16T10:01:38","slug":"geografia-turismului","status":"publish","type":"page","link":"https:\/\/geografie.ubbcluj.ro\/admitere\/?page_id=1425","title":{"rendered":"Specializarea Geografia Turismului"},"content":{"rendered":"<div class=\"wpb-content-wrapper\"><p>[vc_row][vc_column width=&#8221;1\/2&#8243;][vc_column_text css=&#8221;&#8221;]<\/p>\n<hr \/>\n<p>&nbsp;<\/p>\n<h3><b><i>DE CE Geografia turismului?<\/i><\/b><\/h3>\n<p>\ud83d\udd39studiaz\u0103 apari\u021bia, r\u0103sp\u00e2ndirea \u0219i devenirea \u00een timp \u0219i spa\u021biu a fenomenului turistic, acesta fiind \u00een\u021beles ca o interac\u021biune complex\u0103 \u0219i specific\u0103 la nivelul mediului geografic av\u00e2nd un impact major sub aspect social, economic \u015fi cultural<\/p>\n<p>\ud83d\udd39 ofer\u0103 perspectiva unor cariere de succes prin studierea unor problematici-cheie \u00een sfera turismului precum prospectarea resurselor turistice, amenajarea spa\u0163iului turistic,\u00a0 promovarea turismului, gestionarea activit\u0103\u0163ii turistice (agen\u0163ii, operatori, intreprinderi turistice) \u015f.a.<\/p>\n<p>&nbsp;<\/p>\n<h3><b><i>CE profesez dup\u0103 absolvire?<\/i><\/b><\/h3>\n<p>\ud83d\udd39 analist \u00een turism<\/p>\n<p>\ud83d\udd39 manager \u00een turism<\/p>\n<p>\ud83d\udd39 agent de turism<\/p>\n<p>&nbsp;<\/p>\n<h3><b><i>UNDE voi putea profesa?<\/i><\/b><\/h3>\n<p>\ud83d\udd39Agen\u021bii de turism<\/p>\n<p>\ud83d\udd39Centre de informare \u0219i promovare turistic\u0103<\/p>\n<p>\ud83d\udd39 Unit\u0103\u021bi de cazare \u0219i alimenta\u021bie public\u0103 \u00een turism<\/p>\n<p>&nbsp;<\/p>\n<h1>Forma de \u00eenv\u0103\u021b\u0103m\u00e2nt:<\/h1>\n<p>&nbsp;<\/p>\n<h4><em><strong>3 ani, cu frecven\u021b\u0103<\/strong><\/em><\/h4>\n<p><span style=\"font-size: 12pt;\">Cluj-Napoca (linii de studiu rom\u00e2n\u0103 \u0219i maghiar\u0103),<\/span><\/p>\n<p>Bistri\u021ba (linia de studiu rom\u00e2n\u0103),<\/p>\n<p><span style=\"font-size: 12pt;\">Gheorgheni (linii de studiu rom\u00e2n\u0103, maghiar\u0103),<\/span><\/p>\n<p><span style=\"font-size: 12pt;\">Sighetu Marma\u021biei (linia de studiu rom\u00e2n\u0103),<\/span><\/p>\n<p><span style=\"font-size: 12pt;\">Zal\u0103u (linia de studiu rom\u00e2n\u0103)<\/span><\/p>\n<p>&nbsp;<\/p>\n<h4><em><strong>3 ani, \u00eenv\u0103\u021b\u0103m\u00e2nt la distan\u021b\u0103<\/strong><\/em><\/h4>\n<p>Cluj-Napoca (linia de studiu rom\u00e2n\u0103)<\/p>\n<hr \/>\n<p>[\/vc_column_text][\/vc_column][vc_column width=&#8221;1\/2&#8243;]<div style=\"background-color:;height: 50px\" class=\"nicdark_section  \"><\/div>[vc_video link=&#8221;https:\/\/youtu.be\/A1jcQ5c-JBY&#8221;]<div style=\"background-color:;height: 50px\" class=\"nicdark_section  \"><\/div>[vc_single_image image=&#8221;2706&#8243; img_size=&#8221;large&#8221;]<div style=\"background-color:;height: 50px\" class=\"nicdark_section  \"><\/div>[\/vc_column][\/vc_row][vc_row][vc_column]<div style=\"background-color:;height: 25px\" class=\"nicdark_section  \"><\/div>[vc_column_text]<\/p>\n<h2>Cursurile specializ\u0103rii\u00a0 \/ Faculty Courses<\/h2>\n<table style=\"border-collapse: collapse; width: 100%;\">\n<tbody>\n<tr>\n<td style=\"width: 50%;\">\n<ul>\n<li>Introducere \u00een geografice\/ Introduction to Geography<\/li>\n<li>Geografia general\u0103 a turismului \/ General Geography of Tourism<\/li>\n<li>Geografia continentelor. Europa \/Geography of Continents Europe<\/li>\n<li>Geografie uman\u0103 \/ Human Geography<\/li>\n<li>Geografia regional\u0103 a Rom\u00e2niei \/ Regional Geography of Romania<\/li>\n<li>Poten\u0163ialul turistic al reliefului \u015fi valorificarea lui \/ Tourism Potential of the Landforms and its Capitalization<\/li>\n<li>Poten\u0163ialul hidroclimatic \u015fi valorificarea lui \u00een turism \/ The Water and Climatic Potential and its Capitalization in Tourism<\/li>\n<li>Geografia turismului \u00een Rom\u00e2nia \/ Tourism Geography of Romania<\/li>\n<li>Metodologia cercet\u0103rii \u00een Geografia Turismului \/ Research Methodology in Tourism Geography<\/li>\n<li>Cultur\u0103 \u015fi civiliza\u0163ie \/ Culture and Civilization<\/li>\n<li>Prospectare turistic\u0103 \/ Tourism Prospection<\/li>\n<li>Amenajare turistic\u0103 \/ Tourism Planning<\/li>\n<li>Turismul \u015fi mediul \u00eenconjur\u0103tor \/ Tourism and Environment<\/li>\n<li>Regionsre \u015fi regiuni turistice \/ Regionalization and Tourism Regions<\/li>\n<li>Psihologia \u015fi comportamentul turistului \/ Psychology and behavior of tourists<\/li>\n<\/ul>\n<\/td>\n<td style=\"width: 50%;\">\n<ul>\n<li>Infrastructuri de comunica\u0163ie \u00een turism \/ Tourism Communication<\/li>\n<li>InfrastructuresArhitectur\u0103 \u00een turism \/ Architecture in Tourism<\/li>\n<li>Management turistic \/ Tourism Management<\/li>\n<li>Marketing turistic \/ Tourism Marketing<\/li>\n<li>Planificare \u00een turism \/ Tourism Planning<\/li>\n<li>Conceperea \u015fi comercializarea produselor turistice \/ Tourism Products Making and Trading<\/li>\n<li>Comunicare \u015fi imagine \u00een turism \/ Communication and Image in Tourism<\/li>\n<li>Sisteme informatice \u00een opera\u0163iunile din turism \/ Information systems in tourism operations<\/li>\n<li>Activitatea agen\u0163iilor de turism \/ Activity of Travel Agencies<\/li>\n<li>Organizarea serviciilor in turism \/ Organization of Services in Tourism<\/li>\n<li>Turism interna\u0163ional \/ International Tourism<\/li>\n<li>GIS \u00een turism\/GIS and Digital Mapping<\/li>\n<li>Limba str\u0103in\u0103 \/ Foreign language<\/li>\n<li>Educa\u0163ie fizic\u0103\/ Sports<\/li>\n<li>Analiz\u0103 \u00een turism. Metode \u015fi indicatori \/ Tourism analysis. Methods and indicators.<\/li>\n<\/ul>\n<\/td>\n<\/tr>\n<\/tbody>\n<\/table>\n<p>[\/vc_column_text][\/vc_column][\/vc_row]<\/p>\n<\/div>","protected":false},"excerpt":{"rendered":"<p>[vc_row][vc_column width=&#8221;1\/2&#8243;][vc_column_text css=&#8221;&#8221;] &nbsp; DE CE Geografia turismului? \ud83d\udd39studiaz\u0103 apari\u021bia, r\u0103sp\u00e2ndirea \u0219i devenirea \u00een timp \u0219i spa\u021biu a fenomenului turistic, acesta fiind \u00een\u021beles ca o interac\u021biune complex\u0103 \u0219i specific\u0103 la nivelul mediului geografic av\u00e2nd un impact major sub aspect social, economic \u015fi cultural \ud83d\udd39 ofer\u0103 perspectiva unor cariere de succes prin studierea unor problematici-cheie \u00een [&hellip;]<\/p>\n","protected":false},"author":3,"featured_media":0,"parent":0,"menu_order":0,"comment_status":"closed","ping_status":"closed","template":"","meta":{"footnotes":""},"class_list":["post-1425","page","type-page","status-publish","hentry"],"_links":{"self":[{"href":"https:\/\/geografie.ubbcluj.ro\/admitere\/index.php?rest_route=\/wp\/v2\/pages\/1425","targetHints":{"allow":["GET"]}}],"collection":[{"href":"https:\/\/geografie.ubbcluj.ro\/admitere\/index.php?rest_route=\/wp\/v2\/pages"}],"about":[{"href":"https:\/\/geografie.ubbcluj.ro\/admitere\/index.php?rest_route=\/wp\/v2\/types\/page"}],"author":[{"embeddable":true,"href":"https:\/\/geografie.ubbcluj.ro\/admitere\/index.php?rest_route=\/wp\/v2\/users\/3"}],"replies":[{"embeddable":true,"href":"https:\/\/geografie.ubbcluj.ro\/admitere\/index.php?rest_route=%2Fwp%2Fv2%2Fcomments&post=1425"}],"version-history":[{"count":29,"href":"https:\/\/geografie.ubbcluj.ro\/admitere\/index.php?rest_route=\/wp\/v2\/pages\/1425\/revisions"}],"predecessor-version":[{"id":4470,"href":"https:\/\/geografie.ubbcluj.ro\/admitere\/index.php?rest_route=\/wp\/v2\/pages\/1425\/revisions\/4470"}],"wp:attachment":[{"href":"https:\/\/geografie.ubbcluj.ro\/admitere\/index.php?rest_route=%2Fwp%2Fv2%2Fmedia&parent=1425"}],"curies":[{"name":"wp","href":"https:\/\/api.w.org\/{rel}","templated":true}]}}