{"id":1409,"date":"2021-03-17T19:57:20","date_gmt":"2021-03-17T19:57:20","guid":{"rendered":"http:\/\/geografie.ubbcluj.ro\/admitere\/?page_id=1409"},"modified":"2022-03-25T10:46:31","modified_gmt":"2022-03-25T10:46:31","slug":"specializarea-cartografie","status":"publish","type":"page","link":"https:\/\/geografie.ubbcluj.ro\/admitere\/?page_id=1409","title":{"rendered":"Specializarea Cartografie"},"content":{"rendered":"<div class=\"wpb-content-wrapper\"><p>[vc_row][vc_column width=&#8221;1\/2&#8243;][vc_column_text]<\/p>\n<h2 style=\"text-align: center;\"><b><i>Toat\u0103 lumea folose\u0219te harta<\/i><\/b><b><i>, <\/i><\/b><b><i>f<\/i><\/b><b><i>ii tu cel care o elaboreaz\u0103!<\/i><\/b><\/h2>\n<p>&nbsp;<\/p>\n<hr \/>\n<p>&nbsp;<\/p>\n<h3><b><i>DE CE Cartografie?<\/i><\/b><\/h3>\n<p>\ud83d\udd39 este un domeniu atractiv, dinamic, practic \u0219i util<\/p>\n<p>\ud83d\udd39 \u00eenve\u021bi \u0219i aplici tehnicile GIS (Sisteme Informa\u021bionale Geografice) pentru gestionarea, vizualizarea \u0219i modelarea informa\u021biilor ob\u021binute prin m\u0103sur\u0103tori \u0219i date spa\u021biale<\/p>\n<p>\ud83d\udd39 \u00ee\u021bi ofer\u0103 posibilit\u0103\u021bi de angajare multiple: \u00een institu\u021bii de specialitate (firme de cartografie, topografie, cadastru etc.) sau exercitarea profesiei pe cont propriu<\/p>\n<h3><\/h3>\n<p>&nbsp;<\/p>\n<h3><b><i>CE profesez dup\u0103 absolvire?<\/i><\/b><\/h3>\n<p>\ud83d\udd39 cartograf<\/p>\n<p>\ud83d\udd39operator topograf<\/p>\n<p>\ud83d\udd39geomatician<\/p>\n<h3><\/h3>\n<p>&nbsp;<\/p>\n<h3><b><i>UNDE voi putea profesa<\/i><\/b><b><i>?<br \/>\n<\/i><\/b><\/h3>\n<p>\ud83d\udd39Agen\u021bii de Cadastru \u0219i Publicitate Imobiliar\u0103<br \/>\n\ud83d\udd39Agen\u021bii de dezvoltare regional\u0103<br \/>\n\ud83d\udd39Companii private de topografie \u0219i cartografie<br \/>\n\ud83d\udd39Institu\u021bii ale administra\u021biei publice locale \u0219i jude\u021bene<\/p>\n<hr \/>\n<p>[\/vc_column_text]<div style=\"background-color:;height: 50px\" class=\"nicdark_section  \"><\/div>[vc_video link=&#8221;https:\/\/youtu.be\/NMQi2kwLvDw&#8221;][\/vc_column][vc_column width=&#8221;1\/2&#8243;][vc_single_image image=&#8221;2702&#8243; img_size=&#8221;large&#8221;]<div style=\"background-color:;height: 50px\" class=\"nicdark_section  \"><\/div>[vc_images_carousel images=&#8221;1231,1235,1236,1376,1233,1371,1239,1238&#8243; img_size=&#8221;550&#215;250&#8243; autoplay=&#8221;yes&#8221; wrap=&#8221;yes&#8221;][\/vc_column][\/vc_row][vc_row][vc_column]<div style=\"background-color:;height: 50px\" class=\"nicdark_section  \"><\/div>[vc_column_text]<\/p>\n<h1 class=\"heading heading-full\">Cursurile specializ\u0103rii\u00a0 \/ Faculty Courses<\/h1>\n<table style=\"border-collapse: collapse; width: 100.71%; height: 558px;\">\n<tbody>\n<tr style=\"height: 648px;\">\n<td style=\"width: 50%; height: 648px;\">\n<ul>\n<li>Geografie general\u0103 \/ General Geography<\/li>\n<li>Cartografie general\u0103 I \/ General Cartography I<\/li>\n<li>Topografie general\u0103 I \/ General Topography I<\/li>\n<li>Metodologia \u015fi istoria cartografiei \/ Methodology and History of Cartography<\/li>\n<li>Cartografie general\u0103 H \/ General Cartography II<\/li>\n<li>Topografie general\u0103 II\/ General Topography II<\/li>\n<li>Teledetec\u0163ie \/ Remote Sensing<\/li>\n<li>Fotogrammetrie \u015fi fotointerprctare \/ Photogrammetry and Photointerpretation<\/li>\n<li>Organizarea spa\u0163iului geografic \/ Geographical Space Organisation<\/li>\n<li>Baze de date cartografice \/ Cartographical Databases<\/li>\n<li>Geografia regional\u0103 a Rom\u00e2niei \/ Regional Geography of Romania<\/li>\n<li>Geografia mediului \/ Geography of Environment<\/li>\n<li>Inventarierea \u015fi managementul apelor \/ Inventory and Water Management<\/li>\n<\/ul>\n<\/td>\n<td style=\"width: 50%; height: 648px;\">\n<ul>\n<li>Topografie inginereasc\u0103 \/ Engineering Topography<\/li>\n<li>Amenajarea teritoriului \/ Territorial Planning<\/li>\n<li>Geodezie \/ Geodesy<\/li>\n<li>Cartografie matematic\u0103 \/ Mathematical Cartography<\/li>\n<li>Cartografie digitala \/ Digital Cartography<\/li>\n<li>Cartografie tematic\u0103\/ Specialized Cartography<\/li>\n<li>Sisteme de pozi\u0163ionare global\u0103 \/ Global Positioning Systems<\/li>\n<li>Cadastru I \/ Survey I<\/li>\n<li>Cadastru II \/ Survey II<\/li>\n<li>Proiectarea \u015fi designul h\u0103r\u0163ilor \u015fi planurilor \/ Drawing and Design of Maps and Plans<\/li>\n<li>Automatizarea lucr\u0103rilor cartografice \/ Computer-Based Mapping<\/li>\n<li>Cartografierea siturilor arheologice \/ Archaeological Sites Mapping<\/li>\n<\/ul>\n<\/td>\n<\/tr>\n<\/tbody>\n<\/table>\n<p>[\/vc_column_text][\/vc_column][\/vc_row]<\/p>\n<\/div>","protected":false},"excerpt":{"rendered":"<p>[vc_row][vc_column width=&#8221;1\/2&#8243;][vc_column_text] Toat\u0103 lumea folose\u0219te harta, fii tu cel care o elaboreaz\u0103! &nbsp; &nbsp; DE CE Cartografie? \ud83d\udd39 este un domeniu atractiv, dinamic, practic \u0219i util \ud83d\udd39 \u00eenve\u021bi \u0219i aplici tehnicile GIS (Sisteme Informa\u021bionale Geografice) pentru gestionarea, vizualizarea \u0219i modelarea informa\u021biilor ob\u021binute prin m\u0103sur\u0103tori \u0219i date spa\u021biale \ud83d\udd39 \u00ee\u021bi ofer\u0103 posibilit\u0103\u021bi de angajare multiple: \u00een [&hellip;]<\/p>\n","protected":false},"author":3,"featured_media":0,"parent":0,"menu_order":0,"comment_status":"closed","ping_status":"closed","template":"","meta":{"footnotes":""},"class_list":["post-1409","page","type-page","status-publish","hentry"],"_links":{"self":[{"href":"https:\/\/geografie.ubbcluj.ro\/admitere\/index.php?rest_route=\/wp\/v2\/pages\/1409","targetHints":{"allow":["GET"]}}],"collection":[{"href":"https:\/\/geografie.ubbcluj.ro\/admitere\/index.php?rest_route=\/wp\/v2\/pages"}],"about":[{"href":"https:\/\/geografie.ubbcluj.ro\/admitere\/index.php?rest_route=\/wp\/v2\/types\/page"}],"author":[{"embeddable":true,"href":"https:\/\/geografie.ubbcluj.ro\/admitere\/index.php?rest_route=\/wp\/v2\/users\/3"}],"replies":[{"embeddable":true,"href":"https:\/\/geografie.ubbcluj.ro\/admitere\/index.php?rest_route=%2Fwp%2Fv2%2Fcomments&post=1409"}],"version-history":[{"count":19,"href":"https:\/\/geografie.ubbcluj.ro\/admitere\/index.php?rest_route=\/wp\/v2\/pages\/1409\/revisions"}],"predecessor-version":[{"id":2710,"href":"https:\/\/geografie.ubbcluj.ro\/admitere\/index.php?rest_route=\/wp\/v2\/pages\/1409\/revisions\/2710"}],"wp:attachment":[{"href":"https:\/\/geografie.ubbcluj.ro\/admitere\/index.php?rest_route=%2Fwp%2Fv2%2Fmedia&parent=1409"}],"curies":[{"name":"wp","href":"https:\/\/api.w.org\/{rel}","templated":true}]}}