{"id":1354,"date":"2021-03-17T10:00:54","date_gmt":"2021-03-17T10:00:54","guid":{"rendered":"http:\/\/geografie.ubbcluj.ro\/admitere\/?page_id=1354"},"modified":"2023-07-13T06:50:14","modified_gmt":"2023-07-13T06:50:14","slug":"specializarea-geografie","status":"publish","type":"page","link":"https:\/\/geografie.ubbcluj.ro\/admitere\/?page_id=1354","title":{"rendered":"Specializarea Geografie"},"content":{"rendered":"<div class=\"wpb-content-wrapper\"><p>[vc_row][vc_column width=&#8221;1\/2&#8243;]<div style=\"background-color:;height: 20px\" class=\"nicdark_section  \"><\/div>[vc_column_text]<\/p>\n<h2 style=\"text-align: center;\"><b><i>Observ\u0103, \u00een\u021belege, \u00eenva\u021b\u0103!<\/i><\/b><\/h2>\n<p>&nbsp;<\/p>\n<hr \/>\n<p>&nbsp;<\/p>\n<h3><\/h3>\n<h3><b><i>DE CE Geografie ?<br \/>\n<\/i><\/b><\/h3>\n<p>\ud83d\udd39 Geografia satisface necesitatea de a cunoa\u015fte \u00eensu\u015firile esen\u0163iale ale naturii, frumuse\u0163ea ei, interac\u0163ion\u00e2nd cu omul, societatea, economia, cultura \u015fi politica<\/p>\n<p>\ud83d\udd39 formeaz\u0103 speciali\u0219ti \u00een studiul dinamicii peisajelor, dezvolt\u0103rii durabile, protec\u021biei mediului<\/p>\n<p>&nbsp;<\/p>\n<h3><b><i>CE profesez dup\u0103 absolvire ?<br \/>\n<\/i><\/b><\/h3>\n<p>\ud83d\udd39 geograf<\/p>\n<p>\ud83d\udd39 cadru didactic<\/p>\n<p>\ud83d\udd39 asistent de cercetare \u00een geografie<\/p>\n<p>&nbsp;<\/p>\n<p><b><i>UNDE voi putea profesa ?<br \/>\n<\/i><\/b>\ud83d\udd39 Institu\u021bii de \u00eenv\u0103\u021b\u0103m\u00e2nt<br \/>\n\ud83d\udd39 Institu\u021bii de cercetare<br \/>\n\ud83d\udd39Institu\u021bii ale administra\u021biei publice locale \u0219i jude\u021bene<\/p>\n<hr \/>\n<p>[\/vc_column_text]<div style=\"background-color:;height: 30px\" class=\"nicdark_section  \"><\/div>[vc_video link=&#8221;https:\/\/www.youtube.com\/watch?v=TmGuR5_wHLk&#8221;][\/vc_column][vc_column width=&#8221;1\/2&#8243;][vc_single_image image=&#8221;2703&#8243; img_size=&#8221;large&#8221;]<div style=\"background-color:;height: 30px\" class=\"nicdark_section  \"><\/div>[vc_images_carousel images=&#8221;1233,1386,1385,1384,1383,1382,1381,1380,1379,1378,1377,1238,1237,1199&#8243; img_size=&#8221;550&#215;200&#8243; autoplay=&#8221;yes&#8221; wrap=&#8221;yes&#8221;][\/vc_column][\/vc_row][vc_row][vc_column]<div style=\"background-color:;height: 30px\" class=\"nicdark_section  \"><\/div>[vc_column_text]<\/p>\n<h1 class=\"heading heading-full\">Cursurile specializ\u0103rii\u00a0 \/ Faculty Courses<\/h1>\n<table style=\"border-collapse: collapse; width: 100%;\">\n<tbody>\n<tr>\n<td style=\"width: 50%;\">\n<ul>\n<li>Introducere \u00een Geografic Uman\u0103 \/ Introduction to Human Geography<\/li>\n<li>Meteorologie-Climatologie \/ Meteorology &#8211; Climatology<\/li>\n<li>Hidrologie \/ Hydrology<\/li>\n<li>Geografia popula\u0163iei \/ Population Geography<\/li>\n<li>Geografie general\u0103 \/ General Geography<\/li>\n<li>Topografie-Cartografic (digital\u0103) \/ Topography &#8211; Cartography (Digital)<\/li>\n<li>Geografie regional\u0103 general\u0103 \/ General Regional Geography<\/li>\n<li>Geografia a\u015fez\u0103rilor \/ Geography of Settlements<\/li>\n<li>Geomorfologie \/ Geomorphology<\/li>\n<li>Biogeografie \/ Biogeography<\/li>\n<li>Geografia fizic\u0103 a Rom\u00e2niei \/ Physical Geography of Romania<\/li>\n<li>Geografie economic\u0103 \/ Economic Geography<\/li>\n<li>Pedogeografie \/ Soil Science<\/li>\n<li>Geografia uman\u0103 a Rom\u00e2niei \/ Human Geography of Romania<\/li>\n<\/ul>\n<\/td>\n<td style=\"width: 50%;\">\n<ul>\n<li>Organizarea spa\u0163iului geografic \/ Geographical Space Organisation<\/li>\n<li>Geografia mediului \/ Geography of Environment<\/li>\n<li>Geografia regional\u0103 a Rom\u00e2niei \/ Regional Geography of Romania<\/li>\n<li>Geografia turismului \/ Geography of Tourism<\/li>\n<li>Geografia continentelor. Europa \/ Geography of Continents. Europe<\/li>\n<li>Geografia continentelor. America \/ Geography of Continents: America<\/li>\n<li>Metodologia cercet\u0103rii \u00een Geografie \/ Methodology of Research in Geograph<\/li>\n<li>Geografia continentelor. Asia \/ Geography of Continents. Asia<\/li>\n<li>Geografie social\u0103 \/ Social Geography<\/li>\n<li>Planificare teritorial\u0103 \/ Territorial Planning<\/li>\n<li>Teledetec\u0163ie \u015fi aerofotointerpretare \/ Remote Sensing and Aerial Photo Interpretation<\/li>\n<li>Geografia peisajului \/ Geography of Landscape<\/li>\n<li>Geografie politic\u0103! Political Geography<\/li>\n<li>Fenomene \u015fi procese geografice de risc \/ Geographical Phenomena and Processes of Risk<\/li>\n<\/ul>\n<\/td>\n<\/tr>\n<\/tbody>\n<\/table>\n<p>[\/vc_column_text][\/vc_column][\/vc_row]<\/p>\n<\/div>","protected":false},"excerpt":{"rendered":"<p>[vc_row][vc_column width=&#8221;1\/2&#8243;][vc_column_text] Observ\u0103, \u00een\u021belege, \u00eenva\u021b\u0103! &nbsp; &nbsp; DE CE Geografie ? \ud83d\udd39 Geografia satisface necesitatea de a cunoa\u015fte \u00eensu\u015firile esen\u0163iale ale naturii, frumuse\u0163ea ei, interac\u0163ion\u00e2nd cu omul, societatea, economia, cultura \u015fi politica \ud83d\udd39 formeaz\u0103 speciali\u0219ti \u00een studiul dinamicii peisajelor, dezvolt\u0103rii durabile, protec\u021biei mediului &nbsp; CE profesez dup\u0103 absolvire ? \ud83d\udd39 geograf \ud83d\udd39 cadru didactic \ud83d\udd39 [&hellip;]<\/p>\n","protected":false},"author":3,"featured_media":0,"parent":0,"menu_order":0,"comment_status":"closed","ping_status":"closed","template":"","meta":{"footnotes":""},"class_list":["post-1354","page","type-page","status-publish","hentry"],"_links":{"self":[{"href":"https:\/\/geografie.ubbcluj.ro\/admitere\/index.php?rest_route=\/wp\/v2\/pages\/1354","targetHints":{"allow":["GET"]}}],"collection":[{"href":"https:\/\/geografie.ubbcluj.ro\/admitere\/index.php?rest_route=\/wp\/v2\/pages"}],"about":[{"href":"https:\/\/geografie.ubbcluj.ro\/admitere\/index.php?rest_route=\/wp\/v2\/types\/page"}],"author":[{"embeddable":true,"href":"https:\/\/geografie.ubbcluj.ro\/admitere\/index.php?rest_route=\/wp\/v2\/users\/3"}],"replies":[{"embeddable":true,"href":"https:\/\/geografie.ubbcluj.ro\/admitere\/index.php?rest_route=%2Fwp%2Fv2%2Fcomments&post=1354"}],"version-history":[{"count":34,"href":"https:\/\/geografie.ubbcluj.ro\/admitere\/index.php?rest_route=\/wp\/v2\/pages\/1354\/revisions"}],"predecessor-version":[{"id":2709,"href":"https:\/\/geografie.ubbcluj.ro\/admitere\/index.php?rest_route=\/wp\/v2\/pages\/1354\/revisions\/2709"}],"wp:attachment":[{"href":"https:\/\/geografie.ubbcluj.ro\/admitere\/index.php?rest_route=%2Fwp%2Fv2%2Fmedia&parent=1354"}],"curies":[{"name":"wp","href":"https:\/\/api.w.org\/{rel}","templated":true}]}}